{"id":19035,"date":"2024-01-27T12:32:01","date_gmt":"2024-01-27T09:32:01","guid":{"rendered":"https:\/\/freedomestate.com.tr\/?page_id=19035"},"modified":"2024-03-17T15:54:25","modified_gmt":"2024-03-17T12:54:25","slug":"ucretsiz-denetim-gezileri","status":"publish","type":"page","link":"https:\/\/freedomestate.com.tr\/tr\/ucretsiz-denetim-gezileri\/","title":{"rendered":"\u00dccretsiz Denetim Gezileri"},"content":{"rendered":"\t\t<div data-elementor-type=\"wp-page\" data-elementor-id=\"19035\" class=\"elementor elementor-19035\" data-elementor-post-type=\"page\">\n\t\t\t\t<div class=\"elementor-element elementor-element-cde0544 e-flex e-con-boxed e-con e-parent\" data-id=\"cde0544\" data-element_type=\"container\" data-core-v316-plus=\"true\">\n\t\t\t\t\t<div class=\"e-con-inner\">\n\t\t<div class=\"elementor-element elementor-element-0152fca e-con-full e-flex e-con e-child\" data-id=\"0152fca\" data-element_type=\"container\">\n\t\t\t\t<div class=\"elementor-element elementor-element-1a64067 elementor-widget elementor-widget-text-editor\" data-id=\"1a64067\" data-element_type=\"widget\" data-widget_type=\"text-editor.default\">\n\t\t\t\t<div class=\"elementor-widget-container\">\n\t\t\t<style>\/*! elementor - v3.20.0 - 13-03-2024 *\/\n.elementor-widget-text-editor.elementor-drop-cap-view-stacked .elementor-drop-cap{background-color:#69727d;color:#fff}.elementor-widget-text-editor.elementor-drop-cap-view-framed .elementor-drop-cap{color:#69727d;border:3px solid;background-color:transparent}.elementor-widget-text-editor:not(.elementor-drop-cap-view-default) .elementor-drop-cap{margin-top:8px}.elementor-widget-text-editor:not(.elementor-drop-cap-view-default) .elementor-drop-cap-letter{width:1em;height:1em}.elementor-widget-text-editor .elementor-drop-cap{float:left;text-align:center;line-height:1;font-size:50px}.elementor-widget-text-editor .elementor-drop-cap-letter{display:inline-block}<\/style>\t\t\t\t<h3>Free Inspection Trips to Turkey!<\/h3><h6><strong><em>\u201cYour passport to a new property adventure with our free inspection trips\u201d<\/em><\/strong><\/h6>\t\t\t\t\t\t<\/div>\n\t\t\t\t<\/div>\n\t\t\t\t<div class=\"elementor-element elementor-element-6e9690c elementor-widget elementor-widget-wpforms\" data-id=\"6e9690c\" data-element_type=\"widget\" data-widget_type=\"wpforms.default\">\n\t\t\t\t<div class=\"elementor-widget-container\">\n\t\t\t<style id=\"wpforms-css-vars-root\">\n\t\t\t\t:root {\n\t\t\t\t\t--wpforms-field-border-radius: 3px;\n--wpforms-field-background-color: #ffffff;\n--wpforms-field-border-color: rgba( 0, 0, 0, 0.25 );\n--wpforms-field-text-color: rgba( 0, 0, 0, 0.7 );\n--wpforms-label-color: rgba( 0, 0, 0, 0.85 );\n--wpforms-label-sublabel-color: rgba( 0, 0, 0, 0.55 );\n--wpforms-label-error-color: #d63637;\n--wpforms-button-border-radius: 3px;\n--wpforms-button-background-color: #066aab;\n--wpforms-button-text-color: #ffffff;\n--wpforms-page-break-color: #066aab;\n--wpforms-field-size-input-height: 43px;\n--wpforms-field-size-input-spacing: 15px;\n--wpforms-field-size-font-size: 16px;\n--wpforms-field-size-line-height: 19px;\n--wpforms-field-size-padding-h: 14px;\n--wpforms-field-size-checkbox-size: 16px;\n--wpforms-field-size-sublabel-spacing: 5px;\n--wpforms-field-size-icon-size: 1;\n--wpforms-label-size-font-size: 16px;\n--wpforms-label-size-line-height: 19px;\n--wpforms-label-size-sublabel-font-size: 14px;\n--wpforms-label-size-sublabel-line-height: 17px;\n--wpforms-button-size-font-size: 17px;\n--wpforms-button-size-height: 41px;\n--wpforms-button-size-padding-h: 15px;\n--wpforms-button-size-margin-top: 10px;\n\n\t\t\t\t}\n\t\t\t<\/style><style id=\"wpforms-css-vars-elementor-widget-6e9690c\">\n\t\t\t\t.elementor-widget-wpforms.elementor-element-6e9690c {\n\t\t\t\t\t--wpforms-field-size-input-height: 43px;\n--wpforms-field-size-input-spacing: 15px;\n--wpforms-field-size-font-size: 16px;\n--wpforms-field-size-line-height: 19px;\n--wpforms-field-size-padding-h: 14px;\n--wpforms-field-size-checkbox-size: 16px;\n--wpforms-field-size-sublabel-spacing: 5px;\n--wpforms-field-size-icon-size: 1;\n--wpforms-label-size-font-size: 16px;\n--wpforms-label-size-line-height: 19px;\n--wpforms-label-size-sublabel-font-size: 14px;\n--wpforms-label-size-sublabel-line-height: 17px;\n--wpforms-button-size-font-size: 17px;\n--wpforms-button-size-height: 41px;\n--wpforms-button-size-padding-h: 15px;\n--wpforms-button-size-margin-top: 10px;\n\n\t\t\t\t}\n\t\t\t<\/style><div class=\"wpforms-container wpforms-container-full wpforms-render-modern\" id=\"wpforms-19070\"><form id=\"wpforms-form-19070\" class=\"wpforms-validate wpforms-form wpforms-ajax-form\" data-formid=\"19070\" method=\"post\" enctype=\"multipart\/form-data\" action=\"\/tr\/wp-json\/wp\/v2\/pages\/19035\" data-token=\"38e492c2a6a964c370e783bbd177677f\"><noscript class=\"wpforms-error-noscript\">Bu formu bitirebilmek i\u00e7in taray\u0131c\u0131n\u0131zda JavaScript&#039;i etkinle\u015ftirin.<\/noscript><div class=\"wpforms-hidden\" id=\"wpforms-error-noscript\">Bu formu bitirebilmek i\u00e7in taray\u0131c\u0131n\u0131zda JavaScript&#039;i etkinle\u015ftirin.<\/div><div class=\"wpforms-field-container\"><div id=\"wpforms-19070-field_1-container\" class=\"wpforms-field wpforms-field-text\" data-field-id=\"1\"><label class=\"wpforms-field-label wpforms-label-hide\" for=\"wpforms-19070-field_1\" aria-hidden=\"false\">Name Surname<\/label><input type=\"text\" id=\"wpforms-19070-field_1\" class=\"wpforms-field-large\" name=\"wpforms[fields][1]\" placeholder=\"Name Surname\" aria-errormessage=\"wpforms-19070-field_1-error\" ><\/div><div id=\"wpforms-19070-field_2-container\" class=\"wpforms-field wpforms-field-text\" data-field-id=\"2\"><label class=\"wpforms-field-label wpforms-label-hide\" for=\"wpforms-19070-field_2\" aria-hidden=\"false\">Mobile Phone<\/label><input type=\"text\" id=\"wpforms-19070-field_2\" class=\"wpforms-field-large\" name=\"wpforms[fields][2]\" placeholder=\"Mobile Phone\" aria-errormessage=\"wpforms-19070-field_2-error\" ><\/div><div id=\"wpforms-19070-field_3-container\" class=\"wpforms-field wpforms-field-email\" data-field-id=\"3\"><label class=\"wpforms-field-label wpforms-label-hide\" for=\"wpforms-19070-field_3\" aria-hidden=\"false\">E-posta <span class=\"wpforms-required-label\" aria-hidden=\"true\">*<\/span><\/label><input type=\"email\" id=\"wpforms-19070-field_3\" class=\"wpforms-field-large wpforms-field-required\" name=\"wpforms[fields][3]\" placeholder=\"E-posta\" spellcheck=\"false\" aria-errormessage=\"wpforms-19070-field_3-error\" required><\/div><div id=\"wpforms-19070-field_4-container\" class=\"wpforms-field wpforms-field-number\" data-field-id=\"4\"><label class=\"wpforms-field-label wpforms-label-hide\" for=\"wpforms-19070-field_4\" aria-hidden=\"false\">Number of Guest<\/label><input type=\"number\" pattern=\"\\d*\" id=\"wpforms-19070-field_4\" class=\"wpforms-field-large\" name=\"wpforms[fields][4]\" placeholder=\"Number of Guest\" aria-errormessage=\"wpforms-19070-field_4-error\" ><\/div><div id=\"wpforms-19070-field_6-container\" class=\"wpforms-field wpforms-field-textarea\" data-field-id=\"6\"><label class=\"wpforms-field-label wpforms-label-hide\" for=\"wpforms-19070-field_6\" aria-hidden=\"false\">Message<\/label><textarea id=\"wpforms-19070-field_6\" class=\"wpforms-field-medium\" name=\"wpforms[fields][6]\" placeholder=\"Message\" aria-errormessage=\"wpforms-19070-field_6-error\" ><\/textarea><\/div><\/div><!-- .wpforms-field-container --><div class=\"wpforms-submit-container\" ><input type=\"hidden\" name=\"wpforms[id]\" value=\"19070\"><input type=\"hidden\" name=\"wpforms[author]\" value=\"1\"><button type=\"submit\" name=\"wpforms[submit]\" id=\"wpforms-submit-19070\" class=\"wpforms-submit\" data-alt-text=\"Sending...\" data-submit-text=\"Send\" aria-live=\"assertive\" value=\"wpforms-submit\">Send<\/button><img decoding=\"async\" src=\"https:\/\/freedomestate.com.tr\/tr\/wp-content\/plugins\/wpforms\/assets\/images\/submit-spin.svg\" class=\"wpforms-submit-spinner\" style=\"display: none;\" width=\"26\" height=\"26\" alt=\"Y\u00fckleniyor\"><\/div><\/form><\/div>  <!-- .wpforms-container -->\t\t<\/div>\n\t\t\t\t<\/div>\n\t\t\t\t<\/div>\n\t\t<div class=\"elementor-element elementor-element-df19182 e-con-full e-flex e-con e-child\" data-id=\"df19182\" data-element_type=\"container\">\n\t\t\t\t<div class=\"elementor-element elementor-element-b37dfc1 elementor-widget elementor-widget-text-editor\" data-id=\"b37dfc1\" data-element_type=\"widget\" data-widget_type=\"text-editor.default\">\n\t\t\t\t<div class=\"elementor-widget-container\">\n\t\t\t\t\t\t\t<h4><strong>Free Viewing Trips to Turkey!<\/strong><\/h4><p>If you have researched several properties and discovered a variety of possible choices in\u00a0<a href=\"https:\/\/www.alanya.com.tr\/en\">Alanya<\/a>. The next step would be to visit the location and experience it first-hand. You can choose your dream home by going on one of our free inspection trips. With Ideal Estates personalised inspection trips, you can view a selection of new build properties or resale properties for sale Alanya. All of which will have been matched to your specific requirements.<\/p><p>Although you can view the properties in great detail on our website and in our information packs. Nothing compares to really experiencing the quality and way of life that you are purchasing. We feel it is essential that you visit and view the area before making such an important decision. Alongside property viewings, we ensure that you have enough time within the trip to have a good look around and get a feel for the general area, the people and the lifestyle.<\/p><h6>Our FREE inspection trips are an excellent and economical way of doing this and we will be happy to help you arrange your visit to the region to discover our comprehensive range of new and resale properties.<\/h6><p>Prior to your arrival, Ideal Estates will prepare a portfolio of properties, tailored to suit your specific requirements. You can be assured of excellent, guaranteed no pressure, one-to-one personal service. One of the team at Ideal Estates will also show you around the local areas including the beaches, restaurants, bars, leisure facilities and other places of interest.<\/p><p>From visiting the properties and area to helping you with the legalities, our agents will walk you through the entire process. From the moment you land, until you depart, we will be waiting to welcome you. One of our representatives will fully accompany you, and we take pride in taking care of our customers. Book your 3-day, two-person inspection trip with us directly or with one of our accredited representatives in your country to see what Turkey has to offer.<\/p><p>Please let us know which dates work best for you and which airport you\u2019d like to fly from. Then, one of our agents will search our database to find the best and most affordable flight options. If you wish to book an Inspection Trip for more than 2 people or stay more than 3 days just let our agent know initially and we can organise it. Then, after making your airline reservations and payment, our home office will handle all your lodging and airport transfers.<\/p><p>If you purchase a property, we will refund you for the flight tickets, if you do not buy a property, our authorized agent will inform you of the price for board and transfers.<\/p><p>\u00a0<\/p>\t\t\t\t\t\t<\/div>\n\t\t\t\t<\/div>\n\t\t\t\t<\/div>\n\t\t\t\t\t<\/div>\n\t\t\t\t<\/div>\n\t\t<div class=\"elementor-element elementor-element-22dd2b5 e-flex e-con-boxed e-con e-parent\" data-id=\"22dd2b5\" data-element_type=\"container\" data-core-v316-plus=\"true\">\n\t\t\t\t\t<div class=\"e-con-inner\">\n\t\t\t\t<div class=\"elementor-element elementor-element-0b9991c elementor-widget elementor-widget-text-editor\" data-id=\"0b9991c\" data-element_type=\"widget\" data-widget_type=\"text-editor.default\">\n\t\t\t\t<div class=\"elementor-widget-container\">\n\t\t\t\t\t\t\t<h5><strong>Ideal Estates makes the process as relaxed as possible, the following steps describes the whole to Inspection Trip process<\/strong>:<\/h5><ol><li>Simply call and discuss (in your native language) the process of your potential trip with one of our friendly agents.<\/li><li><strong>Organise and pay the cost of your flights and advise us of the flight details.\u00a0<em>These costs will be refunded to you if you purchase through us as a result of the inspection trip.<\/em><\/strong><\/li><li>We will reserve and pay your accommodation for 3 nights in a local hotel on a bed\/breakfast basis.<\/li><li>We will meet you at the airport, take you to the hotel and then accompany you on the remainder of your inspection trip.<\/li><li>We will show the area and portfolio of properties, tailored to suit your specific requirements.<\/li><li>Evenings are free to chill out and relax giving you the opportunity to discuss the day\u00b4s events.<\/li><li>Once you have seen the property you want to purchase, we will walk you through every step of the purchase process and legal conditions.<\/li><li>At the end of your trip, we will collect you from your accommodation and take you back to the airport. If you decide not to purchase then you will need to pay for your accommodation and transfers.<\/li><\/ol><p>We feel that these relaxed and informative trips help our clients reach sensible balanced decisions about their potential property and, also the area.<\/p><p><a href=\"https:\/\/freedomestate.com.tr\/iletisim\"><strong>CONTACT US NOW<\/strong><\/a>\u00a0to book your visit or just fill out the Inspection Trip form above!<\/p>\t\t\t\t\t\t<\/div>\n\t\t\t\t<\/div>\n\t\t\t\t\t<\/div>\n\t\t\t\t<\/div>\n\t\t\t\t<\/div>\n\t\t","protected":false},"excerpt":{"rendered":"<p>Free Inspection Trips to Turkey! \u201cYour passport to a new property adventure with our free inspection trips\u201d Bu formu bitirebilmek i\u00e7in taray\u0131c\u0131n\u0131zda JavaScript&#039;i etkinle\u015ftirin.Bu formu bitirebilmek i\u00e7in taray\u0131c\u0131n\u0131zda JavaScript&#8217;i etkinle\u015ftirin.Name SurnameMobile PhoneE-posta *Number of GuestMessage Send Free Viewing Trips to Turkey! If you have researched several properties and discovered a variety of possible choices in\u00a0Alanya. [&hellip;]<\/p>\n","protected":false},"author":1,"featured_media":0,"parent":0,"menu_order":0,"comment_status":"closed","ping_status":"closed","template":"template\/template-homepage.php","meta":{"footnotes":""},"class_list":["post-19035","page","type-page","status-publish","hentry"],"_links":{"self":[{"href":"https:\/\/freedomestate.com.tr\/tr\/wp-json\/wp\/v2\/pages\/19035","targetHints":{"allow":["GET"]}}],"collection":[{"href":"https:\/\/freedomestate.com.tr\/tr\/wp-json\/wp\/v2\/pages"}],"about":[{"href":"https:\/\/freedomestate.com.tr\/tr\/wp-json\/wp\/v2\/types\/page"}],"author":[{"embeddable":true,"href":"https:\/\/freedomestate.com.tr\/tr\/wp-json\/wp\/v2\/users\/1"}],"replies":[{"embeddable":true,"href":"https:\/\/freedomestate.com.tr\/tr\/wp-json\/wp\/v2\/comments?post=19035"}],"version-history":[{"count":14,"href":"https:\/\/freedomestate.com.tr\/tr\/wp-json\/wp\/v2\/pages\/19035\/revisions"}],"predecessor-version":[{"id":19397,"href":"https:\/\/freedomestate.com.tr\/tr\/wp-json\/wp\/v2\/pages\/19035\/revisions\/19397"}],"wp:attachment":[{"href":"https:\/\/freedomestate.com.tr\/tr\/wp-json\/wp\/v2\/media?parent=19035"}],"curies":[{"name":"wp","href":"https:\/\/api.w.org\/{rel}","templated":true}]}}