{"id":18995,"date":"2024-01-26T05:54:59","date_gmt":"2024-01-26T02:54:59","guid":{"rendered":"https:\/\/freedomestate.com.tr\/?page_id=18995"},"modified":"2024-03-25T04:35:51","modified_gmt":"2024-03-25T01:35:51","slug":"satis-oncesi-ve-satis-sonrasi-hizmetler","status":"publish","type":"page","link":"https:\/\/freedomestate.com.tr\/tr\/satis-oncesi-ve-satis-sonrasi-hizmetler\/","title":{"rendered":"Sat\u0131\u015f \u00d6ncesi ve Sat\u0131\u015f Sonras\u0131 Hizmetler"},"content":{"rendered":"\t\t<div data-elementor-type=\"wp-page\" data-elementor-id=\"18995\" class=\"elementor elementor-18995\" data-elementor-post-type=\"page\">\n\t\t\t\t<div class=\"elementor-element elementor-element-0f2aba8 e-flex e-con-boxed e-con e-parent\" data-id=\"0f2aba8\" data-element_type=\"container\" data-core-v316-plus=\"true\">\n\t\t\t\t\t<div class=\"e-con-inner\">\n\t\t\t\t<div class=\"elementor-element elementor-element-31a7c61 elementor-widget elementor-widget-heading\" data-id=\"31a7c61\" data-element_type=\"widget\" data-widget_type=\"heading.default\">\n\t\t\t\t<div class=\"elementor-widget-container\">\n\t\t\t<style>\/*! elementor - v3.20.0 - 13-03-2024 *\/\n.elementor-heading-title{padding:0;margin:0;line-height:1}.elementor-widget-heading .elementor-heading-title[class*=elementor-size-]>a{color:inherit;font-size:inherit;line-height:inherit}.elementor-widget-heading .elementor-heading-title.elementor-size-small{font-size:15px}.elementor-widget-heading .elementor-heading-title.elementor-size-medium{font-size:19px}.elementor-widget-heading .elementor-heading-title.elementor-size-large{font-size:29px}.elementor-widget-heading .elementor-heading-title.elementor-size-xl{font-size:39px}.elementor-widget-heading .elementor-heading-title.elementor-size-xxl{font-size:59px}<\/style><h2 class=\"elementor-heading-title elementor-size-default\">Sat\u0131\u015f \u00d6ncesi Hizmetler\n<\/h2>\t\t<\/div>\n\t\t\t\t<\/div>\n\t\t\t\t\t<\/div>\n\t\t\t\t<\/div>\n\t\t<div class=\"elementor-element elementor-element-b590b21 e-flex e-con-boxed e-con e-parent\" data-id=\"b590b21\" data-element_type=\"container\" data-core-v316-plus=\"true\">\n\t\t\t\t\t<div class=\"e-con-inner\">\n\t\t\t\t<div class=\"elementor-element elementor-element-79e6a07 elementor-widget elementor-widget-text-editor\" data-id=\"79e6a07\" data-element_type=\"widget\" data-widget_type=\"text-editor.default\">\n\t\t\t\t<div class=\"elementor-widget-container\">\n\t\t\t<style>\/*! elementor - v3.20.0 - 13-03-2024 *\/\n.elementor-widget-text-editor.elementor-drop-cap-view-stacked .elementor-drop-cap{background-color:#69727d;color:#fff}.elementor-widget-text-editor.elementor-drop-cap-view-framed .elementor-drop-cap{color:#69727d;border:3px solid;background-color:transparent}.elementor-widget-text-editor:not(.elementor-drop-cap-view-default) .elementor-drop-cap{margin-top:8px}.elementor-widget-text-editor:not(.elementor-drop-cap-view-default) .elementor-drop-cap-letter{width:1em;height:1em}.elementor-widget-text-editor .elementor-drop-cap{float:left;text-align:center;line-height:1;font-size:50px}.elementor-widget-text-editor .elementor-drop-cap-letter{display:inline-block}<\/style>\t\t\t\t<h4>Freedom Estates&#8217;in Sundu\u011fu Sat\u0131\u015f \u00d6ncesi (Pre-Sales) Hizmetler;<\/h4><div><strong>\u00a0<\/strong><\/div><h6>Hayalinizdeki m\u00fclk\u00fc bulmak i\u00e7in inceleme gezileri d\u00fczenlemek<\/h6><ul><li>Gayrimenkullerimizden herhangi birini g\u00f6rmek ve sat\u0131n almak istedi\u011finizde, size \u00f6zel bir m\u00fclk g\u00f6r\u00fcnt\u00fcleme ayarlayabiliriz.<\/li><\/ul><h6>Sizin i\u00e7in en iyi m\u00fclk ve de\u011ferli se\u00e7enekleri sunmak<\/h6><ul><li>B\u00fct\u00e7enize ve ihtiya\u00e7lar\u0131n\u0131za uygun \u00e7e\u015fitli alternatif m\u00fclklerimiz var ve portf\u00f6y\u00fcm\u00fczde bulunan uygun gayrimenkullerden birini se\u00e7ebilirsiniz. Bu sadece size bir m\u00fclk bulmak de\u011fil, ayn\u0131 zamanda S\u0130Z\u0130 m\u00fckemmel m\u00fclk\u00fcn\u00fczle e\u015fle\u015ftirmektir.<\/li><li>Web sitemizdeki se\u00e7eneklerden memnun kalmazsan\u0131z, ek rehberlik i\u00e7in y\u00fcksek e\u011fitimli profesyonellerimizle ileti\u015fime ge\u00e7mekten \u00e7ekinmeyin. Daha iyi ellerde olamazd\u0131n\u0131z!<\/li><\/ul><h6>Sat\u0131n alma s\u00fcrecinin ayr\u0131nt\u0131l\u0131 olarak a\u00e7\u0131klanmas\u0131<\/h6><ul><li>Se\u00e7eneklerimizden herhangi birini sat\u0131n almadan veya kullanmadan \u00f6nce, bilmeniz gereken her \u015feyi ayr\u0131nt\u0131l\u0131 olarak a\u00e7\u0131kl\u0131yoruz.<\/li><li>L\u00fctfen m\u00fclk\u00fcn\u00fczle veya yasal sat\u0131n alma prosed\u00fcrleriyle ilgili soru sormaktan veya endi\u015felerinizi dile getirmekten \u00e7ekinmeyin.<\/li><\/ul><h6>Sat\u0131n alma maliyetlerinin detayl\u0131 a\u00e7\u0131klamas\u0131<\/h6><ul><li>Herhangi bir m\u00fclk sat\u0131n almaya karar vermeden \u00f6nce sat\u0131n alma maliyetlerinin t\u00fcm ayr\u0131nt\u0131lar\u0131n\u0131 hesapl\u0131yor ve sizi bilgilendiriyoruz.<\/li><\/ul><h6>Emlak vergilerinin ayr\u0131nt\u0131l\u0131 olarak a\u00e7\u0131klanmas\u0131<\/h6><ul><li>Sat\u0131n almadan \u00f6nce her t\u00fcrl\u00fc Emlak Vergisi hesaplamas\u0131nda size rehberlik ediyoruz.<\/li><\/ul><h6>Talep edilmesi halinde, ipotek konusunda yard\u0131mc\u0131 olmak i\u00e7in T\u00fcrkiye&#8217;deki herhangi bir bankaya gitmenizde de size e\u015flik edece\u011fiz<\/h6><ul><li>Bir m\u00fclk sat\u0131n almak i\u00e7in konut kredisine ihtiyac\u0131n\u0131z varsa, gerekli t\u00fcm bilgileri almak i\u00e7in size birka\u00e7 bankaya e\u015flik edebiliriz.<\/li><li>En iyi kredi ko\u015fullar\u0131n\u0131 sa\u011flayan herhangi bir bankay\u0131 se\u00e7mekte \u00f6zg\u00fcrs\u00fcn\u00fcz.<\/li><\/ul><h6>Sat\u0131\u015f s\u00f6zle\u015fmesinin imzalanmas\u0131 i\u00e7in gerekli t\u00fcm belgelerin haz\u0131rlanmas\u0131<\/h6><ul><li>Sat\u0131n alma i\u015fleminden \u00f6nce m\u00fclk i\u00e7in gerekli belgelerin ve izinlerin haz\u0131rlanmas\u0131.<\/li><li>Hem Sat\u0131c\u0131 hem de Al\u0131c\u0131 i\u00e7in gerekli belgelerin d\u00fczenlenmesi.<\/li><li>Sat\u0131c\u0131 ve Al\u0131c\u0131 aras\u0131nda imzalanacak sat\u0131\u015f s\u00f6zle\u015fmesinin haz\u0131rlanmas\u0131.<\/li><li>Hen\u00fcz bir s\u00f6zle\u015fme ve \u00fczerinde anla\u015f\u0131lan \u015fartlar haz\u0131rlanmam\u0131\u015fsa, avukat veya emlak\u00e7\u0131, taleplerini yasalla\u015ft\u0131rarak t\u00fcm taraflar\u0131n memnuniyetini kar\u015f\u0131lamak i\u00e7in sat\u0131n alma s\u00f6zle\u015fmesini haz\u0131rlayacakt\u0131r.<\/li><li>Yaz\u0131l\u0131 bir s\u00f6zle\u015fme oldu\u011funda, avukat veya emlak\u00e7\u0131 s\u00f6zle\u015fmenin Al\u0131c\u0131 veya Sat\u0131c\u0131n\u0131n haklar\u0131na zarar vermedi\u011finden ve tamamen yasal oldu\u011fundan emin olmak i\u00e7in s\u00f6zle\u015fmeyi kontrol etmelidir.<\/li><\/ul><h6>Talep edilmesi halinde, bir avukatla randevu ayarlayaca\u011f\u0131z<\/h6><ul><li>T\u00fcrkiye&#8217;deki \u00d6zel Kanunlara g\u00f6re, sat\u0131\u015f s\u00f6zle\u015fmesinin imzalanmas\u0131 s\u0131ras\u0131nda, Al\u0131c\u0131 veya Sat\u0131c\u0131 hukuki dan\u0131\u015fmanl\u0131k i\u00e7in bir avukat\u0131n haz\u0131r bulunmas\u0131n\u0131 talep ederse, IDEAL Estates bunu sizin i\u00e7in ayarlayabilir.<\/li><li>Size en \u00e7ok g\u00fcven veren herhangi bir avukattan tavsiye almakta \u00f6zg\u00fcrs\u00fcn\u00fcz.<\/li><\/ul><h6>Vergi Kimlik Numaras\u0131 al\u0131nmas\u0131na yard\u0131mc\u0131 olmak<\/h6><ul><li>T\u00fcrkiye&#8217;de Vergi Kimlik Numaras\u0131 almak i\u00e7in gerekli belgelerin haz\u0131rlanmas\u0131na yard\u0131mc\u0131 oluyoruz.<\/li><\/ul><h6>Banka Hesab\u0131 a\u00e7\u0131lmas\u0131na yard\u0131mc\u0131 olmak<\/h6><ul><li>Banka hesab\u0131 a\u00e7mak i\u00e7in gerekli belgelerin haz\u0131rlanmas\u0131na yard\u0131mc\u0131 oluyoruz.<\/li><\/ul>\t\t\t\t\t\t<\/div>\n\t\t\t\t<\/div>\n\t\t\t\t<div class=\"elementor-element elementor-element-110efdb elementor-widget elementor-widget-text-editor\" data-id=\"110efdb\" data-element_type=\"widget\" data-widget_type=\"text-editor.default\">\n\t\t\t\t<div class=\"elementor-widget-container\">\n\t\t\t\t\t\t\t<h6>Sat\u0131\u015f \u00d6ncesi Hizmetlerimiz hakk\u0131nda daha fazla bilgi i\u00e7in web sayfam\u0131zdaki Emlak\u00e7\u0131lar\u0131m\u0131zdan biriyle ileti\u015fime ge\u00e7mekten \u00e7ekinmeyin.<\/h6>\t\t\t\t\t\t<\/div>\n\t\t\t\t<\/div>\n\t\t\t\t<div class=\"elementor-element elementor-element-4f9f0ce elementor-widget elementor-widget-heading\" data-id=\"4f9f0ce\" data-element_type=\"widget\" data-widget_type=\"heading.default\">\n\t\t\t\t<div class=\"elementor-widget-container\">\n\t\t\t<h2 class=\"elementor-heading-title elementor-size-default\">Sat\u0131\u015f Sonras\u0131 Hizmetler<\/h2>\t\t<\/div>\n\t\t\t\t<\/div>\n\t\t\t\t<div class=\"elementor-element elementor-element-9e8a533 elementor-widget elementor-widget-text-editor\" data-id=\"9e8a533\" data-element_type=\"widget\" data-widget_type=\"text-editor.default\">\n\t\t\t\t<div class=\"elementor-widget-container\">\n\t\t\t\t\t\t\t<h4>Freedom Estates&#8217;in Sundu\u011fu Sat\u0131\u015f Sonras\u0131 Hizmetler;<\/h4><h6>Tapu kayd\u0131n\u0131z\u0131n yap\u0131lmas\u0131nda yard\u0131m<\/h6><ul><li>Tapu tescil ba\u015fvurusu i\u00e7in Tapu Sicil M\u00fcd\u00fcrl\u00fc\u011f\u00fc&#8217;nden randevu alman\u0131za yard\u0131mc\u0131 olmak.<\/li><li>Hem al\u0131c\u0131 hem de sat\u0131c\u0131dan m\u00fclk i\u00e7in gerekli belgelerin haz\u0131rlanmas\u0131.<\/li><li>Taraflardan herhangi birinin T\u00fcrk\u00e7e bilmemesi halinde yeminli terc\u00fcman ayarlanmas\u0131.<\/li><li>SPK onayl\u0131 uzman taraf\u0131ndan gayrimenkul de\u011ferleme raporu alman\u0131za yard\u0131mc\u0131 olmak.<\/li><li>\u0130lgili belediye taraf\u0131ndan verilen &#8220;Gayrimenkul Rayi\u00e7 De\u011feri &#8220;nin edinilmesi.<\/li><li>Deprem Sigortas\u0131n\u0131n D\u00fczenlenmesi (DASK)<\/li><\/ul><h6>M\u00fclk\u00fcn belediyede sizin ad\u0131n\u0131za kaydedilmesi<\/h6><ul><li>Y\u0131ll\u0131k emlak vergisini \u00f6demek i\u00e7in yerel belediyeye kay\u0131t olman\u0131zda size yard\u0131mc\u0131 oluyoruz.<\/li><\/ul><h6>Gibi aboneliklere kaydolman\u0131za yard\u0131mc\u0131 olur:<\/h6><ul><li>Elektrik, Su, Telefon\/WiFi, gerekirse.<\/li><\/ul><h6>Banka hesab\u0131n\u0131zdan otomatik \u00f6deme transferleri konusunda size yard\u0131mc\u0131 olmak.<\/h6><ul><li>Elektrik ve su aboneliklerine kaydolduktan sonra, bankan\u0131zdan do\u011frudan tedarik\u00e7iye otomatik fon transferleri ayarlayabilir, b\u00f6ylece ayl\u0131k faturalar\u0131 takip etmeyi ve eksik \u00f6demeleri ortadan kald\u0131rabilirsiniz.<\/li><\/ul><h6>Evinizin d\u00f6\u015fenmesi ve dekorasyonunda size yard\u0131mc\u0131 olmak<\/h6><ul><li>Uygun fiyatl\u0131, kalite ve hizmet garantili mobilya ma\u011fazalar\u0131 ve ev e\u015fyalar\u0131 d\u00fckkanlar\u0131na yard\u0131mc\u0131 olmak veya tavsiye etmek.<\/li><li>B\u00fct\u00e7enize ve m\u00fclk\u00fcn\u00fcz\u00fcn b\u00fcy\u00fckl\u00fc\u011f\u00fcne ba\u011fl\u0131 olarak mobilya paketleri sunuyoruz. \u0130\u00e7 mimarlar taraf\u0131ndan haz\u0131rlanan bu \u00f6zenle se\u00e7ilmi\u015f mobilya paketlerinin m\u00fclk\u00fcn\u00fcz i\u00e7in m\u00fckemmel bir mobilya \u00e7\u00f6z\u00fcm\u00fc oldu\u011funu g\u00f6receksiniz. M\u00fclk\u00fcn\u00fcz\u00fc ister kiralamak ister tam zamanl\u0131 ya\u015famak i\u00e7in sat\u0131n al\u0131n, mobilya paketlerimiz ihtiya\u00e7lar\u0131n\u0131z\u0131 kar\u015f\u0131layacakt\u0131r.<\/li><\/ul><h6>Kaliteli mobilya ve dayan\u0131kl\u0131 \u00fcr\u00fcnler nereden al\u0131n\u0131r<\/h6><p>Mobilyalar\u0131n\u0131z\u0131 T\u00fcrkiye&#8217;ye getirmek iste\u011fe ba\u011fl\u0131d\u0131r. Yerel otantik mobilyalardan uluslararas\u0131 tarzda mobilyalara kadar uygun fiyatl\u0131 binlerce iyi se\u00e7enek bulacaks\u0131n\u0131z. T\u00fcrkiye&#8217;de mevcut mobilya se\u00e7enekleri hakk\u0131nda bilgi edinmek i\u00e7in l\u00fctfen taray\u0131c\u0131n\u0131zda &#8220;furniture&#8221; veya &#8220;furniture Turkey&#8221; \u015feklinde arama yap\u0131n. Web sayfalar\u0131 \u0130ngilizce olan en b\u00fcy\u00fck mobilya \u015firketlerinden ve mobilya \u00fcretim \u015firketlerinden baz\u0131lar\u0131 \u015funlard\u0131r:<\/p><p><a href=\"http:\/\/www.istikbal.com.tr\/sourcedesign\/ISTIKBAL.asp?web_id=istikbal&amp;sayfa_id=istikbal.eng_anasayfa\">www.istikbal.com.tr<\/a><\/p><p><a href=\"http:\/\/www.kelebek.com.tr\/en\/default2.asp\">kelebek.com.tr<\/a><\/p><p><a href=\"http:\/\/www.albimo.com.tr\">www.albimo.com.tr<\/a><\/p><p>Ayr\u0131ca T\u00fcrkiye genelinde bir\u00e7ok perakende ma\u011fazas\u0131 ve mobilya showroomu g\u00f6rebilirsiniz.<\/p><p>Buzdolab\u0131, \u00e7ama\u015f\u0131r\/kurutma makinesi, TV, f\u0131r\u0131n, DVD\/CD oynat\u0131c\u0131\/yaz\u0131c\u0131, bilgisayar vb. Y\u00fcksek standartlarda \u00fcretilen dayan\u0131kl\u0131 teknolojik ev e\u015fyalar\u0131n\u0131 \u00e7ok uygun fiyatlarla sat\u0131n alabilirsiniz. En b\u00fcy\u00fck T\u00fcrk dayan\u0131kl\u0131 teknoloji \u00fcreticilerinden baz\u0131lar\u0131n\u0131n \u00fcr\u00fcnlerini g\u00f6rmek i\u00e7in l\u00fctfen a\u015fa\u011f\u0131daki \u0130ngilizce web sitelerine bak\u0131n. Ayr\u0131ca Alanya&#8217;da bu \u00fcr\u00fcnlerin sat\u0131ld\u0131\u011f\u0131 onlarca perakende ma\u011faza bulabilirsiniz.<\/p><p><a href=\"http:\/\/www.arcelik.com.tr\/english\/\">www.arcelik.com.tr<\/a><\/p><p><a href=\"http:\/\/www.beko.com\">www.beko.com<\/a><\/p><p><a href=\"https:\/\/new.siemens.com\/tr\/tr.html\">Siemens.com.tr<\/a><\/p><h6>M\u00fclk sigortas\u0131 konusunda size yard\u0131mc\u0131 olmak<\/h6><ul><li>Talep edilmesi halinde, ev sigortan\u0131z konusunda da size yard\u0131mc\u0131 olabiliriz<\/li><li>Konut Sigortas\u0131, \u00dc\u00e7\u00fcnc\u00fc \u015eah\u0131s Sorumluluk, Motorlu ta\u015f\u0131t ve di\u011fer gerekli teminatlar gibi sigorta kapsamlar\u0131 IDEAL Estates taraf\u0131ndan sa\u011flanabilir.<\/li><\/ul><h6>Daha fazla ayr\u0131nt\u0131 i\u00e7in web sayfam\u0131zdaki Emlak\u00e7\u0131lar\u0131m\u0131zdan biriyle ileti\u015fime ge\u00e7mekten \u00e7ekinmeyin.<\/h6>\t\t\t\t\t\t<\/div>\n\t\t\t\t<\/div>\n\t\t\t\t\t<\/div>\n\t\t\t\t<\/div>\n\t\t\t\t<\/div>\n\t\t","protected":false},"excerpt":{"rendered":"<p>Sat\u0131\u015f \u00d6ncesi Hizmetler Freedom Estates&#8217;in Sundu\u011fu Sat\u0131\u015f \u00d6ncesi (Pre-Sales) Hizmetler; \u00a0 Hayalinizdeki m\u00fclk\u00fc bulmak i\u00e7in inceleme gezileri d\u00fczenlemek Gayrimenkullerimizden herhangi birini g\u00f6rmek ve sat\u0131n almak istedi\u011finizde, size \u00f6zel bir m\u00fclk g\u00f6r\u00fcnt\u00fcleme ayarlayabiliriz. Sizin i\u00e7in en iyi m\u00fclk ve de\u011ferli se\u00e7enekleri sunmak B\u00fct\u00e7enize ve ihtiya\u00e7lar\u0131n\u0131za uygun \u00e7e\u015fitli alternatif m\u00fclklerimiz var ve portf\u00f6y\u00fcm\u00fczde bulunan uygun gayrimenkullerden birini [&hellip;]<\/p>\n","protected":false},"author":1,"featured_media":0,"parent":0,"menu_order":0,"comment_status":"closed","ping_status":"closed","template":"template\/template-homepage.php","meta":{"footnotes":""},"class_list":["post-18995","page","type-page","status-publish","hentry"],"_links":{"self":[{"href":"https:\/\/freedomestate.com.tr\/tr\/wp-json\/wp\/v2\/pages\/18995","targetHints":{"allow":["GET"]}}],"collection":[{"href":"https:\/\/freedomestate.com.tr\/tr\/wp-json\/wp\/v2\/pages"}],"about":[{"href":"https:\/\/freedomestate.com.tr\/tr\/wp-json\/wp\/v2\/types\/page"}],"author":[{"embeddable":true,"href":"https:\/\/freedomestate.com.tr\/tr\/wp-json\/wp\/v2\/users\/1"}],"replies":[{"embeddable":true,"href":"https:\/\/freedomestate.com.tr\/tr\/wp-json\/wp\/v2\/comments?post=18995"}],"version-history":[{"count":11,"href":"https:\/\/freedomestate.com.tr\/tr\/wp-json\/wp\/v2\/pages\/18995\/revisions"}],"predecessor-version":[{"id":19442,"href":"https:\/\/freedomestate.com.tr\/tr\/wp-json\/wp\/v2\/pages\/18995\/revisions\/19442"}],"wp:attachment":[{"href":"https:\/\/freedomestate.com.tr\/tr\/wp-json\/wp\/v2\/media?parent=18995"}],"curies":[{"name":"wp","href":"https:\/\/api.w.org\/{rel}","templated":true}]}}