{"id":16650,"date":"2020-02-24T22:15:15","date_gmt":"2020-02-24T22:15:15","guid":{"rendered":"https:\/\/demo29.houzez.co\/?page_id=16650"},"modified":"2024-05-28T17:50:06","modified_gmt":"2024-05-28T14:50:06","slug":"hakkimizda","status":"publish","type":"page","link":"https:\/\/freedomestate.com.tr\/tr\/hakkimizda\/","title":{"rendered":"Hakk\u0131m\u0131zda"},"content":{"rendered":"\t\t<div data-elementor-type=\"wp-page\" data-elementor-id=\"16650\" class=\"elementor elementor-16650\" data-elementor-post-type=\"page\">\n\t\t\t\t\t\t<section class=\"elementor-section elementor-top-section elementor-element elementor-element-41104a06 elementor-section-height-min-height elementor-section-stretched elementor-section-boxed elementor-section-height-default elementor-section-items-middle\" data-id=\"41104a06\" data-element_type=\"section\" data-settings=\"{&quot;background_background&quot;:&quot;classic&quot;,&quot;stretch_section&quot;:&quot;section-stretched&quot;}\">\n\t\t\t\t\t\t\t<div class=\"elementor-background-overlay\"><\/div>\n\t\t\t\t\t\t\t<div class=\"elementor-container elementor-column-gap-default\">\n\t\t\t\t\t<div class=\"elementor-column elementor-col-100 elementor-top-column elementor-element elementor-element-142cc2c6\" data-id=\"142cc2c6\" data-element_type=\"column\">\n\t\t\t<div class=\"elementor-widget-wrap elementor-element-populated\">\n\t\t\t\t\t\t<div class=\"elementor-element elementor-element-02c0ae1 elementor-invisible elementor-widget elementor-widget-heading\" data-id=\"02c0ae1\" data-element_type=\"widget\" data-settings=\"{&quot;_animation&quot;:&quot;fadeIn&quot;}\" data-widget_type=\"heading.default\">\n\t\t\t\t<div class=\"elementor-widget-container\">\n\t\t\t<style>\/*! elementor - v3.20.0 - 13-03-2024 *\/\n.elementor-heading-title{padding:0;margin:0;line-height:1}.elementor-widget-heading .elementor-heading-title[class*=elementor-size-]>a{color:inherit;font-size:inherit;line-height:inherit}.elementor-widget-heading .elementor-heading-title.elementor-size-small{font-size:15px}.elementor-widget-heading .elementor-heading-title.elementor-size-medium{font-size:19px}.elementor-widget-heading .elementor-heading-title.elementor-size-large{font-size:29px}.elementor-widget-heading .elementor-heading-title.elementor-size-xl{font-size:39px}.elementor-widget-heading .elementor-heading-title.elementor-size-xxl{font-size:59px}<\/style><h1 class=\"elementor-heading-title elementor-size-default\">Hakk\u0131m\u0131zda<\/h1>\t\t<\/div>\n\t\t\t\t<\/div>\n\t\t\t\t<div class=\"elementor-element elementor-element-7f8e168 elementor-invisible elementor-widget elementor-widget-heading\" data-id=\"7f8e168\" data-element_type=\"widget\" data-settings=\"{&quot;_animation&quot;:&quot;fadeIn&quot;,&quot;_animation_delay&quot;:250}\" data-widget_type=\"heading.default\">\n\t\t\t\t<div class=\"elementor-widget-container\">\n\t\t\t<div class=\"elementor-heading-title elementor-size-default\">Dubai \u2022 Abu Dhabi \u2022 Sharjah \u2022 Ajman<\/div>\t\t<\/div>\n\t\t\t\t<\/div>\n\t\t\t\t\t<\/div>\n\t\t<\/div>\n\t\t\t\t\t<\/div>\n\t\t<\/section>\n\t\t\t\t<section class=\"elementor-section elementor-top-section elementor-element elementor-element-73e8b3c elementor-section-boxed elementor-section-height-default elementor-section-height-default\" data-id=\"73e8b3c\" data-element_type=\"section\" data-settings=\"{&quot;background_background&quot;:&quot;classic&quot;}\">\n\t\t\t\t\t\t<div class=\"elementor-container elementor-column-gap-default\">\n\t\t\t\t\t<div class=\"elementor-column elementor-col-100 elementor-top-column elementor-element elementor-element-08a4bc7\" data-id=\"08a4bc7\" data-element_type=\"column\">\n\t\t\t<div class=\"elementor-widget-wrap elementor-element-populated\">\n\t\t\t\t\t\t<div class=\"elementor-element elementor-element-66e2665 elementor-widget elementor-widget-spacer\" data-id=\"66e2665\" data-element_type=\"widget\" data-widget_type=\"spacer.default\">\n\t\t\t\t<div class=\"elementor-widget-container\">\n\t\t\t<style>\/*! elementor - v3.20.0 - 13-03-2024 *\/\n.elementor-column .elementor-spacer-inner{height:var(--spacer-size)}.e-con{--container-widget-width:100%}.e-con-inner>.elementor-widget-spacer,.e-con>.elementor-widget-spacer{width:var(--container-widget-width,var(--spacer-size));--align-self:var(--container-widget-align-self,initial);--flex-shrink:0}.e-con-inner>.elementor-widget-spacer>.elementor-widget-container,.e-con>.elementor-widget-spacer>.elementor-widget-container{height:100%;width:100%}.e-con-inner>.elementor-widget-spacer>.elementor-widget-container>.elementor-spacer,.e-con>.elementor-widget-spacer>.elementor-widget-container>.elementor-spacer{height:100%}.e-con-inner>.elementor-widget-spacer>.elementor-widget-container>.elementor-spacer>.elementor-spacer-inner,.e-con>.elementor-widget-spacer>.elementor-widget-container>.elementor-spacer>.elementor-spacer-inner{height:var(--container-widget-height,var(--spacer-size))}.e-con-inner>.elementor-widget-spacer.elementor-widget-empty,.e-con>.elementor-widget-spacer.elementor-widget-empty{position:relative;min-height:22px;min-width:22px}.e-con-inner>.elementor-widget-spacer.elementor-widget-empty .elementor-widget-empty-icon,.e-con>.elementor-widget-spacer.elementor-widget-empty .elementor-widget-empty-icon{position:absolute;top:0;bottom:0;left:0;right:0;margin:auto;padding:0;width:22px;height:22px}<\/style>\t\t<div class=\"elementor-spacer\">\n\t\t\t<div class=\"elementor-spacer-inner\"><\/div>\n\t\t<\/div>\n\t\t\t\t<\/div>\n\t\t\t\t<\/div>\n\t\t\t\t<section class=\"elementor-section elementor-inner-section elementor-element elementor-element-352bdfd elementor-section-full_width elementor-section-height-default elementor-section-height-default\" data-id=\"352bdfd\" data-element_type=\"section\">\n\t\t\t\t\t\t<div class=\"elementor-container elementor-column-gap-default\">\n\t\t\t\t\t<div class=\"elementor-column elementor-col-100 elementor-inner-column elementor-element elementor-element-42fc734\" data-id=\"42fc734\" data-element_type=\"column\">\n\t\t\t<div class=\"elementor-widget-wrap elementor-element-populated\">\n\t\t\t\t\t\t<div class=\"elementor-element elementor-element-38248df elementor-widget elementor-widget-heading\" data-id=\"38248df\" data-element_type=\"widget\" data-widget_type=\"heading.default\">\n\t\t\t\t<div class=\"elementor-widget-container\">\n\t\t\t<h2 class=\"elementor-heading-title elementor-size-default\">FREEDOM ESTATE HAKKINDA<\/h2>\t\t<\/div>\n\t\t\t\t<\/div>\n\t\t\t\t<div class=\"elementor-element elementor-element-7aab25a elementor-widget elementor-widget-image\" data-id=\"7aab25a\" data-element_type=\"widget\" data-widget_type=\"image.default\">\n\t\t\t\t<div class=\"elementor-widget-container\">\n\t\t\t<style>\/*! elementor - v3.20.0 - 13-03-2024 *\/\n.elementor-widget-image{text-align:center}.elementor-widget-image a{display:inline-block}.elementor-widget-image a img[src$=\".svg\"]{width:48px}.elementor-widget-image img{vertical-align:middle;display:inline-block}<\/style>\t\t\t\t\t\t\t\t\t\t<img fetchpriority=\"high\" decoding=\"async\" width=\"768\" height=\"434\" src=\"https:\/\/freedomestate.com.tr\/tr\/wp-content\/uploads\/2024\/01\/freedom-real-estate-about-us-768x434.jpg\" class=\"attachment-medium_large size-medium_large wp-image-18848\" alt=\"\" srcset=\"https:\/\/freedomestate.com.tr\/tr\/wp-content\/uploads\/2024\/01\/freedom-real-estate-about-us-768x434.jpg 768w, https:\/\/freedomestate.com.tr\/tr\/wp-content\/uploads\/2024\/01\/freedom-real-estate-about-us-300x170.jpg 300w, https:\/\/freedomestate.com.tr\/tr\/wp-content\/uploads\/2024\/01\/freedom-real-estate-about-us-1024x579.jpg 1024w, https:\/\/freedomestate.com.tr\/tr\/wp-content\/uploads\/2024\/01\/freedom-real-estate-about-us-1536x868.jpg 1536w, https:\/\/freedomestate.com.tr\/tr\/wp-content\/uploads\/2024\/01\/freedom-real-estate-about-us-2048x1157.jpg 2048w, https:\/\/freedomestate.com.tr\/tr\/wp-content\/uploads\/2024\/01\/freedom-real-estate-about-us-1062x600.jpg 1062w, https:\/\/freedomestate.com.tr\/tr\/wp-content\/uploads\/2024\/01\/freedom-real-estate-about-us-496x280.jpg 496w\" sizes=\"(max-width: 768px) 100vw, 768px\" \/>\t\t\t\t\t\t\t\t\t\t\t\t\t<\/div>\n\t\t\t\t<\/div>\n\t\t\t\t<div class=\"elementor-element elementor-element-133491f elementor-widget elementor-widget-spacer\" data-id=\"133491f\" data-element_type=\"widget\" data-widget_type=\"spacer.default\">\n\t\t\t\t<div class=\"elementor-widget-container\">\n\t\t\t\t\t<div class=\"elementor-spacer\">\n\t\t\t<div class=\"elementor-spacer-inner\"><\/div>\n\t\t<\/div>\n\t\t\t\t<\/div>\n\t\t\t\t<\/div>\n\t\t\t\t\t<\/div>\n\t\t<\/div>\n\t\t\t\t\t<\/div>\n\t\t<\/section>\n\t\t\t\t<div class=\"elementor-element elementor-element-ede50d4 elementor-widget elementor-widget-text-editor\" data-id=\"ede50d4\" data-element_type=\"widget\" data-widget_type=\"text-editor.default\">\n\t\t\t\t<div class=\"elementor-widget-container\">\n\t\t\t<style>\/*! elementor - v3.20.0 - 13-03-2024 *\/\n.elementor-widget-text-editor.elementor-drop-cap-view-stacked .elementor-drop-cap{background-color:#69727d;color:#fff}.elementor-widget-text-editor.elementor-drop-cap-view-framed .elementor-drop-cap{color:#69727d;border:3px solid;background-color:transparent}.elementor-widget-text-editor:not(.elementor-drop-cap-view-default) .elementor-drop-cap{margin-top:8px}.elementor-widget-text-editor:not(.elementor-drop-cap-view-default) .elementor-drop-cap-letter{width:1em;height:1em}.elementor-widget-text-editor .elementor-drop-cap{float:left;text-align:center;line-height:1;font-size:50px}.elementor-widget-text-editor .elementor-drop-cap-letter{display:inline-block}<\/style>\t\t\t\t<p><a href=\"http:\/\/www.freedomestate.com.tr\/tr\"><strong>Freedom Estate<\/strong><\/a>, gayrimenkul de\u011ferleme ve sat\u0131\u015f sonras\u0131 hizmetleri de sunan yeni bir emlak acentesi ve in\u015faat \u015firketidir. Firma sahiplerimiz uzun y\u0131llar\u0131n tecr\u00fcbesi ve profesyonelli\u011fi ile sizlere en kaliteli hizmeti sunmaktad\u0131r. \u015eirket sahiplerimiz Alanya emlak piyasas\u0131nda \u00f6zel bir yere sahiptir, bir\u00e7ok daire, villa, arsa sat\u0131\u015f\u0131 ger\u00e7ekle\u015ftirerek kendimizi kan\u0131tlam\u0131\u015flard\u0131r. Gayrimenkul yat\u0131r\u0131m ve y\u00f6netim s\u00fcrecini sizin i\u00e7in m\u00fcmk\u00fcn oldu\u011funca basit ve h\u0131zl\u0131 hale getiriyoruz. Misyonunuza, vizyonunuza ve nihai hedeflerinize dayal\u0131 bireysel bir strateji geli\u015ftirmek i\u00e7in sizinle birlikte \u00e7al\u0131\u015f\u0131yoruz. M\u00fclk al\u0131m sat\u0131m i\u015flemlerini g\u00fcvenilir bir \u015fekilde y\u00fcr\u00fctmek, gerekli t\u00fcm belgeleri kaydetmek i\u00e7in gerekli t\u00fcm kaynaklara ve deneyime sahibiz.<\/p><p>\u015eirketimiz, gayrimenkule yat\u0131r\u0131m yaparken, t\u00fcm yasal prosed\u00fcrleri sizin i\u00e7in en uygun ko\u015fullarda y\u00fcr\u00fct\u00fcrken deneyimimizden yararlanman\u0131z\u0131 sa\u011flar. Bize ba\u015fvurdu\u011funuz andan itibaren en son belge i\u015flem prosed\u00fcr\u00fcne kadar yan\u0131n\u0131zda olaca\u011f\u0131z. Tecr\u00fcbemizi kullanarak daha verimli m\u00fclk y\u00f6netiminin keyfini \u00e7\u0131kar\u0131n ve orta\u011f\u0131n\u0131z olal\u0131m. Sizin ba\u015far\u0131n\u0131z bizim ba\u015far\u0131m\u0131zd\u0131r! Profesyonel d\u00fczeyde a\u015fa\u011f\u0131daki hizmetleri sunuyoruz: m\u00fc\u015fterilerimize gayrimenkul g\u00f6stermek i\u00e7in \u00fccretsiz g\u00f6r\u00fcnt\u00fcleme turlar\u0131, sat\u0131\u015f sonras\u0131 hizmetler: oturma izinleri, devlet makamlar\u0131ndaki sorunlar\u0131 \u00e7\u00f6zme, gayrimenkul\u00fcn\u00fczle ilgilenme, gayrimenkul satma ve eksiksiz bir belge paketi haz\u0131rlama, yasal sorunlar\u0131n \u00e7\u00f6z\u00fcm\u00fcnde yard\u0131m, yat\u0131r\u0131m tekliflerini se\u00e7me, t\u00fczel ki\u015filik a\u00e7ma, mevcut ekonomik durumun analizi, gayrimenkul\u00fcn i\u00e7 tasar\u0131m\u0131 ve d\u00f6\u015fenmesi. Sat\u0131\u015f sonras\u0131 hizmetlerimiz, m\u00fc\u015fterilerimizin T\u00fcrkiye&#8217;de daha rahat ve g\u00fcvenli bir \u015fekilde ta\u015f\u0131nmalar\u0131na ve ya\u015famalar\u0131na yard\u0131mc\u0131 olmaktad\u0131r.<\/p><p>Hizmetlerimiz aras\u0131nda, sat\u0131\u015fa ek olarak, havaalan\u0131ndan \/ havaalan\u0131na transfer, banka hesab\u0131 a\u00e7ma, vergi numaras\u0131 alma, sigorta, tapu, m\u00fclk\u00fcn\u00fcz\u00fcn d\u00f6\u015fenmesi, dairede tadilat, ipotek alma konusunda yard\u0131m bulunmaktad\u0131r. Gerekirse, size yeminli bir terc\u00fcman ve ayr\u0131ca ba\u011f\u0131ms\u0131z bir avukat hizmeti sa\u011flayabiliriz. Y\u0131ll\u0131k emlak sigortas\u0131 yap\u0131yoruz, elektrik ve su faturalar\u0131n\u0131 \u00f6d\u00fcyoruz, emlak vergisini \u00f6d\u00fcyoruz ve m\u00fclk\u00fcn\u00fcz\u00fc kiraya veriyoruz, m\u00fclk\u00fcn\u00fcz\u00fc yeniden satmak istiyorsan\u0131z bunu sizin i\u00e7in de yapabiliriz. M\u00fc\u015fterilerimiz i\u00e7in online hizmetimiz var, dairenizi online olarak kontrol edebilir ve gayrimenkul\u00fcn\u00fczle ilgili t\u00fcm \u00f6deme belgelerini yazd\u0131rabilirsiniz. Freedom Estate&#8217;i tercih etti\u011finiz i\u00e7in te\u015fekk\u00fcr ederiz.<\/p><p>Yeni bir hayat do\u011fuyor, Freedom Estate ailesine ho\u015f geldiniz!<\/p>\t\t\t\t\t\t<\/div>\n\t\t\t\t<\/div>\n\t\t\t\t\t<\/div>\n\t\t<\/div>\n\t\t\t\t\t<\/div>\n\t\t<\/section>\n\t\t<div class=\"elementor-element elementor-element-e248e89 e-flex e-con-boxed e-con e-parent\" data-id=\"e248e89\" data-element_type=\"container\" data-core-v316-plus=\"true\">\n\t\t\t\t\t<div class=\"e-con-inner\">\n\t\t<div class=\"elementor-element elementor-element-4a69f8e e-con-full e-flex e-con e-child\" data-id=\"4a69f8e\" data-element_type=\"container\">\n\t\t\t\t<div class=\"elementor-element elementor-element-28f22e8 elementor-widget elementor-widget-text-editor\" data-id=\"28f22e8\" data-element_type=\"widget\" data-widget_type=\"text-editor.default\">\n\t\t\t\t<div class=\"elementor-widget-container\">\n\t\t\t\t\t\t\t<h2>Kurucumuzla tan\u0131\u015f\u0131n;<\/h2><p><strong>Freedom Estate<\/strong>, deneyimli in\u015faat m\u00fchendisi ve emlak y\u00f6netimi uzman\u0131 <strong>Hakan \u00c7elik<\/strong> taraf\u0131ndan \u015eubat 2023&#8217;te kuruldu. Sekt\u00f6rdeki d\u00f6rt y\u0131l\u0131 a\u015fk\u0131n tecr\u00fcbesiyle her i\u015fleme zengin bilgi ve tutku kat\u0131yor.<\/p><h3>Vizyonumuz<\/h3><p>Biz, m\u00fc\u015fterilerimizle kal\u0131c\u0131 ili\u015fkiler kurmaya inan\u0131yoruz. Vizyonumuz ki\u015fiselle\u015ftirilmi\u015f, \u015feffaf ve verimli gayrimenkul hizmetleri sunmakt\u0131r. \u0130ster sat\u0131n al\u0131yor, ister sat\u0131yor, yat\u0131r\u0131m yap\u0131yor veya tasarl\u0131yor olun, \u00f6zel ekibimiz yolun her ad\u0131m\u0131nda size rehberlik etmek i\u00e7in burada.<\/p><h3>Neden bizi se\u00e7melisiniz?<\/h3><ul><li><strong>Uzmanl\u0131k<\/strong>: \u0130n\u015faat m\u00fchendisli\u011fi ve emlak y\u00f6netimi alan\u0131ndaki ge\u00e7mi\u015fi, bilin\u00e7li tavsiye ve stratejik \u00e7\u00f6z\u00fcmler alman\u0131z\u0131 sa\u011flar.<\/li><li><strong>M\u00fc\u015fteri odakl\u0131 yakla\u015f\u0131m<\/strong>: \u0130htiya\u00e7lar\u0131n\u0131za ve hedeflerinize \u00f6ncelik veriyor, hizmetlerimizi benzersiz gereksinimlerinizi kar\u015f\u0131layacak \u015fekilde uyarl\u0131yoruz.<\/li><li><strong>Pazar \u00f6ng\u00f6r\u00fcleri<\/strong>: Yerel pazarlara ili\u015fkin derin anlay\u0131\u015f\u0131m\u0131z, f\u0131rsatlar\u0131 belirlememize ve m\u00fc\u015fterilerimiz i\u00e7in de\u011feri en \u00fcst d\u00fczeye \u00e7\u0131karmam\u0131za olanak tan\u0131r.<\/li><li><strong>D\u00fcr\u00fcstl\u00fck<\/strong>: G\u00fcven i\u015fimizin temel ta\u015f\u0131d\u0131r. D\u00fcr\u00fcstl\u00fck, \u015feffafl\u0131k ve profesyonellik ile \u00e7al\u0131\u015f\u0131yoruz.<\/li><\/ul>\t\t\t\t\t\t<\/div>\n\t\t\t\t<\/div>\n\t\t\t\t<\/div>\n\t\t<div class=\"elementor-element elementor-element-689d5d8 e-con-full e-flex e-con e-child\" data-id=\"689d5d8\" data-element_type=\"container\">\n\t\t\t\t<div class=\"elementor-element elementor-element-a339c10 elementor-widget elementor-widget-image\" data-id=\"a339c10\" data-element_type=\"widget\" data-widget_type=\"image.default\">\n\t\t\t\t<div class=\"elementor-widget-container\">\n\t\t\t\t\t\t\t\t\t\t\t\t\t<img decoding=\"async\" width=\"634\" height=\"564\" src=\"https:\/\/freedomestate.com.tr\/tr\/wp-content\/uploads\/2024\/05\/Hakan-CELIK-634x564.jpg\" class=\"attachment-houzez-item-image-4 size-houzez-item-image-4 wp-image-19525\" alt=\"\" \/>\t\t\t\t\t\t\t\t\t\t\t\t\t<\/div>\n\t\t\t\t<\/div>\n\t\t\t\t<\/div>\n\t\t\t\t\t<\/div>\n\t\t\t\t<\/div>\n\t\t\t\t<\/div>\n\t\t","protected":false},"excerpt":{"rendered":"<p>Hakk\u0131m\u0131zda Dubai \u2022 Abu Dhabi \u2022 Sharjah \u2022 Ajman FREEDOM ESTATE HAKKINDA Freedom Estate, gayrimenkul de\u011ferleme ve sat\u0131\u015f sonras\u0131 hizmetleri de sunan yeni bir emlak acentesi ve in\u015faat \u015firketidir. Firma sahiplerimiz uzun y\u0131llar\u0131n tecr\u00fcbesi ve profesyonelli\u011fi ile sizlere en kaliteli hizmeti sunmaktad\u0131r. \u015eirket sahiplerimiz Alanya emlak piyasas\u0131nda \u00f6zel bir yere sahiptir, bir\u00e7ok daire, villa, arsa [&hellip;]<\/p>\n","protected":false},"author":1,"featured_media":0,"parent":0,"menu_order":0,"comment_status":"closed","ping_status":"closed","template":"template\/template-homepage.php","meta":{"footnotes":""},"class_list":["post-16650","page","type-page","status-publish","hentry"],"_links":{"self":[{"href":"https:\/\/freedomestate.com.tr\/tr\/wp-json\/wp\/v2\/pages\/16650","targetHints":{"allow":["GET"]}}],"collection":[{"href":"https:\/\/freedomestate.com.tr\/tr\/wp-json\/wp\/v2\/pages"}],"about":[{"href":"https:\/\/freedomestate.com.tr\/tr\/wp-json\/wp\/v2\/types\/page"}],"author":[{"embeddable":true,"href":"https:\/\/freedomestate.com.tr\/tr\/wp-json\/wp\/v2\/users\/1"}],"replies":[{"embeddable":true,"href":"https:\/\/freedomestate.com.tr\/tr\/wp-json\/wp\/v2\/comments?post=16650"}],"version-history":[{"count":36,"href":"https:\/\/freedomestate.com.tr\/tr\/wp-json\/wp\/v2\/pages\/16650\/revisions"}],"predecessor-version":[{"id":19528,"href":"https:\/\/freedomestate.com.tr\/tr\/wp-json\/wp\/v2\/pages\/16650\/revisions\/19528"}],"wp:attachment":[{"href":"https:\/\/freedomestate.com.tr\/tr\/wp-json\/wp\/v2\/media?parent=16650"}],"curies":[{"name":"wp","href":"https:\/\/api.w.org\/{rel}","templated":true}]}}