{"id":19035,"date":"2024-01-27T12:32:01","date_gmt":"2024-01-27T09:32:01","guid":{"rendered":"https:\/\/freedomestate.com.tr\/?page_id=19035"},"modified":"2024-04-09T04:25:11","modified_gmt":"2024-04-09T01:25:11","slug":"bezplatne-wycieczki-inspekcyjne","status":"publish","type":"page","link":"https:\/\/freedomestate.com.tr\/pl\/bezplatne-wycieczki-inspekcyjne\/","title":{"rendered":"Bezp\u0142atne wycieczki inspekcyjne"},"content":{"rendered":"\t\t<div data-elementor-type=\"wp-page\" data-elementor-id=\"19035\" class=\"elementor elementor-19035\" data-elementor-post-type=\"page\">\n\t\t\t\t<div class=\"elementor-element elementor-element-cde0544 e-flex e-con-boxed e-con e-parent\" data-id=\"cde0544\" data-element_type=\"container\" data-core-v316-plus=\"true\">\n\t\t\t\t\t<div class=\"e-con-inner\">\n\t\t<div class=\"elementor-element elementor-element-0152fca e-con-full e-flex e-con e-child\" data-id=\"0152fca\" data-element_type=\"container\">\n\t\t\t\t<div class=\"elementor-element elementor-element-1a64067 elementor-widget elementor-widget-text-editor\" data-id=\"1a64067\" data-element_type=\"widget\" data-widget_type=\"text-editor.default\">\n\t\t\t\t<div class=\"elementor-widget-container\">\n\t\t\t<style>\/*! elementor - v3.20.0 - 13-03-2024 *\/\n.elementor-widget-text-editor.elementor-drop-cap-view-stacked .elementor-drop-cap{background-color:#69727d;color:#fff}.elementor-widget-text-editor.elementor-drop-cap-view-framed .elementor-drop-cap{color:#69727d;border:3px solid;background-color:transparent}.elementor-widget-text-editor:not(.elementor-drop-cap-view-default) .elementor-drop-cap{margin-top:8px}.elementor-widget-text-editor:not(.elementor-drop-cap-view-default) .elementor-drop-cap-letter{width:1em;height:1em}.elementor-widget-text-editor .elementor-drop-cap{float:left;text-align:center;line-height:1;font-size:50px}.elementor-widget-text-editor .elementor-drop-cap-letter{display:inline-block}<\/style>\t\t\t\t<h3>Bezp\u0142atne wyjazdy inspekcyjne do Turcji!<\/h3><h6><em><strong>&#8220;Tw\u00f3j paszport do nowej przygody z nieruchomo\u015bciami dzi\u0119ki naszym bezp\u0142atnym wycieczkom inspekcyjnym&#8221;<\/strong><\/em><\/h6>\t\t\t\t\t\t<\/div>\n\t\t\t\t<\/div>\n\t\t\t\t<div class=\"elementor-element elementor-element-6e9690c elementor-widget elementor-widget-wpforms\" data-id=\"6e9690c\" data-element_type=\"widget\" data-widget_type=\"wpforms.default\">\n\t\t\t\t<div class=\"elementor-widget-container\">\n\t\t\t<style id=\"wpforms-css-vars-root\">\n\t\t\t\t:root {\n\t\t\t\t\t--wpforms-field-border-radius: 3px;\n--wpforms-field-background-color: #ffffff;\n--wpforms-field-border-color: rgba( 0, 0, 0, 0.25 );\n--wpforms-field-text-color: rgba( 0, 0, 0, 0.7 );\n--wpforms-label-color: rgba( 0, 0, 0, 0.85 );\n--wpforms-label-sublabel-color: rgba( 0, 0, 0, 0.55 );\n--wpforms-label-error-color: #d63637;\n--wpforms-button-border-radius: 3px;\n--wpforms-button-background-color: #066aab;\n--wpforms-button-text-color: #ffffff;\n--wpforms-page-break-color: #066aab;\n--wpforms-field-size-input-height: 43px;\n--wpforms-field-size-input-spacing: 15px;\n--wpforms-field-size-font-size: 16px;\n--wpforms-field-size-line-height: 19px;\n--wpforms-field-size-padding-h: 14px;\n--wpforms-field-size-checkbox-size: 16px;\n--wpforms-field-size-sublabel-spacing: 5px;\n--wpforms-field-size-icon-size: 1;\n--wpforms-label-size-font-size: 16px;\n--wpforms-label-size-line-height: 19px;\n--wpforms-label-size-sublabel-font-size: 14px;\n--wpforms-label-size-sublabel-line-height: 17px;\n--wpforms-button-size-font-size: 17px;\n--wpforms-button-size-height: 41px;\n--wpforms-button-size-padding-h: 15px;\n--wpforms-button-size-margin-top: 10px;\n\n\t\t\t\t}\n\t\t\t<\/style><style id=\"wpforms-css-vars-elementor-widget-6e9690c\">\n\t\t\t\t.elementor-widget-wpforms.elementor-element-6e9690c {\n\t\t\t\t\t--wpforms-field-size-input-height: 43px;\n--wpforms-field-size-input-spacing: 15px;\n--wpforms-field-size-font-size: 16px;\n--wpforms-field-size-line-height: 19px;\n--wpforms-field-size-padding-h: 14px;\n--wpforms-field-size-checkbox-size: 16px;\n--wpforms-field-size-sublabel-spacing: 5px;\n--wpforms-field-size-icon-size: 1;\n--wpforms-label-size-font-size: 16px;\n--wpforms-label-size-line-height: 19px;\n--wpforms-label-size-sublabel-font-size: 14px;\n--wpforms-label-size-sublabel-line-height: 17px;\n--wpforms-button-size-font-size: 17px;\n--wpforms-button-size-height: 41px;\n--wpforms-button-size-padding-h: 15px;\n--wpforms-button-size-margin-top: 10px;\n\n\t\t\t\t}\n\t\t\t<\/style><div class=\"wpforms-container wpforms-container-full wpforms-render-modern\" id=\"wpforms-19070\"><form id=\"wpforms-form-19070\" class=\"wpforms-validate wpforms-form wpforms-ajax-form\" data-formid=\"19070\" method=\"post\" enctype=\"multipart\/form-data\" action=\"\/pl\/wp-json\/wp\/v2\/pages\/19035\" data-token=\"ad03ebee134ed85befe6e459af953e5d\"><noscript class=\"wpforms-error-noscript\">Bu formu bitirebilmek i\u00e7in taray\u0131c\u0131n\u0131zda JavaScript&#039;i etkinle\u015ftirin.<\/noscript><div class=\"wpforms-hidden\" id=\"wpforms-error-noscript\">Bu formu bitirebilmek i\u00e7in taray\u0131c\u0131n\u0131zda JavaScript&#039;i etkinle\u015ftirin.<\/div><div class=\"wpforms-field-container\"><div id=\"wpforms-19070-field_1-container\" class=\"wpforms-field wpforms-field-text\" data-field-id=\"1\"><label class=\"wpforms-field-label wpforms-label-hide\" for=\"wpforms-19070-field_1\" aria-hidden=\"false\">Name Surname<\/label><input type=\"text\" id=\"wpforms-19070-field_1\" class=\"wpforms-field-large\" name=\"wpforms[fields][1]\" placeholder=\"Name Surname\" aria-errormessage=\"wpforms-19070-field_1-error\" ><\/div><div id=\"wpforms-19070-field_2-container\" class=\"wpforms-field wpforms-field-text\" data-field-id=\"2\"><label class=\"wpforms-field-label wpforms-label-hide\" for=\"wpforms-19070-field_2\" aria-hidden=\"false\">Mobile Phone<\/label><input type=\"text\" id=\"wpforms-19070-field_2\" class=\"wpforms-field-large\" name=\"wpforms[fields][2]\" placeholder=\"Mobile Phone\" aria-errormessage=\"wpforms-19070-field_2-error\" ><\/div><div id=\"wpforms-19070-field_3-container\" class=\"wpforms-field wpforms-field-email\" data-field-id=\"3\"><label class=\"wpforms-field-label wpforms-label-hide\" for=\"wpforms-19070-field_3\" aria-hidden=\"false\">E-posta <span class=\"wpforms-required-label\" aria-hidden=\"true\">*<\/span><\/label><input type=\"email\" id=\"wpforms-19070-field_3\" class=\"wpforms-field-large wpforms-field-required\" name=\"wpforms[fields][3]\" placeholder=\"E-posta\" spellcheck=\"false\" aria-errormessage=\"wpforms-19070-field_3-error\" required><\/div><div id=\"wpforms-19070-field_4-container\" class=\"wpforms-field wpforms-field-number\" data-field-id=\"4\"><label class=\"wpforms-field-label wpforms-label-hide\" for=\"wpforms-19070-field_4\" aria-hidden=\"false\">Number of Guest<\/label><input type=\"number\" pattern=\"\\d*\" id=\"wpforms-19070-field_4\" class=\"wpforms-field-large\" name=\"wpforms[fields][4]\" placeholder=\"Number of Guest\" aria-errormessage=\"wpforms-19070-field_4-error\" ><\/div><div id=\"wpforms-19070-field_6-container\" class=\"wpforms-field wpforms-field-textarea\" data-field-id=\"6\"><label class=\"wpforms-field-label wpforms-label-hide\" for=\"wpforms-19070-field_6\" aria-hidden=\"false\">Message<\/label><textarea id=\"wpforms-19070-field_6\" class=\"wpforms-field-medium\" name=\"wpforms[fields][6]\" placeholder=\"Message\" aria-errormessage=\"wpforms-19070-field_6-error\" ><\/textarea><\/div><\/div><!-- .wpforms-field-container --><div class=\"wpforms-submit-container\" ><input type=\"hidden\" name=\"wpforms[id]\" value=\"19070\"><input type=\"hidden\" name=\"wpforms[author]\" value=\"1\"><button type=\"submit\" name=\"wpforms[submit]\" id=\"wpforms-submit-19070\" class=\"wpforms-submit\" data-alt-text=\"Sending...\" data-submit-text=\"Send\" aria-live=\"assertive\" value=\"wpforms-submit\">Send<\/button><img decoding=\"async\" src=\"https:\/\/freedomestate.com.tr\/pl\/wp-content\/plugins\/wpforms\/assets\/images\/submit-spin.svg\" class=\"wpforms-submit-spinner\" style=\"display: none;\" width=\"26\" height=\"26\" alt=\"Y\u00fckleniyor\"><\/div><\/form><\/div>  <!-- .wpforms-container -->\t\t<\/div>\n\t\t\t\t<\/div>\n\t\t\t\t<\/div>\n\t\t<div class=\"elementor-element elementor-element-df19182 e-con-full e-flex e-con e-child\" data-id=\"df19182\" data-element_type=\"container\">\n\t\t\t\t<div class=\"elementor-element elementor-element-b37dfc1 elementor-widget elementor-widget-text-editor\" data-id=\"b37dfc1\" data-element_type=\"widget\" data-widget_type=\"text-editor.default\">\n\t\t\t\t<div class=\"elementor-widget-container\">\n\t\t\t\t\t\t\t<h4><strong>Darmowe wycieczki do Turcji!<\/strong><\/h4><p>Je\u015bli przeanalizowa\u0142e\u015b kilka nieruchomo\u015bci i odkry\u0142e\u015b wiele mo\u017cliwych wybor\u00f3w w Alanyi. Nast\u0119pnym krokiem by\u0142oby odwiedzenie lokalizacji i do\u015bwiadczenie jej z pierwszej r\u0119ki. Mo\u017cesz wybra\u0107 sw\u00f3j wymarzony dom, wybieraj\u0105c si\u0119 na jedn\u0105 z naszych bezp\u0142atnych wycieczek inspekcyjnych. Dzi\u0119ki spersonalizowanym wycieczkom inspekcyjnym Ideal Estates mo\u017cesz obejrze\u0107 wybrane nowe nieruchomo\u015bci budowlane lub odsprzedane nieruchomo\u015bci na sprzeda\u017c w Alanyi. Wszystkie z nich zostan\u0105 dopasowane do konkretnych wymaga\u0144.<\/p><h6>Nasze BEZP\u0141ATNE wycieczki inspekcyjne s\u0105 doskona\u0142ym i ekonomicznym sposobem, aby to zrobi\u0107, a my z przyjemno\u015bci\u0105 pomo\u017cemy Ci zorganizowa\u0107 wizyt\u0119 w regionie, aby odkry\u0107 nasz\u0105 szerok\u0105 gam\u0119 nowych i odsprzedawanych nieruchomo\u015bci.<\/h6><p>Przed przyjazdem klienta Ideal Estates przygotuje portfolio nieruchomo\u015bci dostosowanych do jego konkretnych wymaga\u0144. Mo\u017cesz b<\/p><p>Nasi agenci przeprowadz\u0105 Ci\u0119 przez ca\u0142y proces, od odwiedzenia nieruchomo\u015bci i okolicy po pomoc w kwestiach prawnych. Od momentu wyl\u0105dowania do odlotu b\u0119dziemy czeka\u0107, aby Ci\u0119 powita\u0107. Jeden z naszych przedstawicieli b\u0119dzie Ci w pe\u0142ni towarzyszy\u0142, a my jeste\u015bmy dumni z tego, \u017ce dbamy o naszych klient\u00f3w. Zarezerwuj swoj\u0105 3-dniow\u0105, dwuosobow\u0105 wycieczk\u0119 inspekcyjn\u0105 bezpo\u015brednio z nami lub z jednym z naszych akredytowanych przedstawicieli w Twoim kraju, aby zobaczy\u0107, co Turcja ma do zaoferowania.<\/p><p>Daj nam zna\u0107, kt\u00f3re daty s\u0105 dla Ciebie najlepsze i z kt\u00f3rego lotniska chcia\u0142by\u015b polecie\u0107. Nast\u0119pnie jeden z naszych agent\u00f3w przeszuka nasz\u0105 baz\u0119 danych, aby znale\u017a\u0107 najlepsze i najta\u0144sze opcje lot\u00f3w. Je\u015bli chcesz zarezerwowa\u0107 wycieczk\u0119 inspekcyjn\u0105 dla wi\u0119cej ni\u017c 2 os\u00f3b lub pobyt d\u0142u\u017cszy ni\u017c 3 dni, po prostu daj zna\u0107 naszemu agentowi, a my to zorganizujemy. Nast\u0119pnie, po dokonaniu rezerwacji lotniczej i p\u0142atno\u015bci, nasze biuro zajmie si\u0119 zakwaterowaniem i transferami lotniskowymi.<\/p><p>Je\u015bli kupisz nieruchomo\u015b\u0107, zwr\u00f3cimy Ci koszty bilet\u00f3w lotniczych, je\u015bli nie kupisz nieruchomo\u015bci, nasz autoryzowany agent poinformuje Ci\u0119 o cenie wy\u017cywienia i transfer\u00f3w.<\/p>\t\t\t\t\t\t<\/div>\n\t\t\t\t<\/div>\n\t\t\t\t<\/div>\n\t\t\t\t\t<\/div>\n\t\t\t\t<\/div>\n\t\t<div class=\"elementor-element elementor-element-22dd2b5 e-flex e-con-boxed e-con e-parent\" data-id=\"22dd2b5\" data-element_type=\"container\" data-core-v316-plus=\"true\">\n\t\t\t\t\t<div class=\"e-con-inner\">\n\t\t\t\t<div class=\"elementor-element elementor-element-0b9991c elementor-widget elementor-widget-text-editor\" data-id=\"0b9991c\" data-element_type=\"widget\" data-widget_type=\"text-editor.default\">\n\t\t\t\t<div class=\"elementor-widget-container\">\n\t\t\t\t\t\t\t<h5><strong>Ideal Estates sprawia, \u017ce proces jest tak zrelaksowany, jak to tylko mo\u017cliwe, a poni\u017csze kroki opisuj\u0105 ca\u0142y proces Inspection Trip<\/strong>:<\/h5><ol><li>Wystarczy zadzwoni\u0107 i om\u00f3wi\u0107 (w swoim ojczystym j\u0119zyku) proces potencjalnej podr\u00f3\u017cy z jednym z naszych przyjaznych agent\u00f3w.<\/li><li>Zorganizowanie i op\u0142acenie koszt\u00f3w lot\u00f3w oraz poinformowanie nas o szczeg\u00f3\u0142ach lotu. <em>Koszty te zostan\u0105 zwr\u00f3cone, je\u015bli dokonasz zakupu za naszym po\u015brednictwem w wyniku podr\u00f3\u017cy inspekcyjnej.<\/em><\/li><li>Zarezerwujemy i op\u0142acimy zakwaterowanie na 3 noce w lokalnym hotelu na zasadzie bed\/breakfast.<\/li><li>Spotkamy si\u0119 z Tob\u0105 na lotnisku, zabierzemy Ci\u0119 do hotelu, a nast\u0119pnie b\u0119dziemy Ci towarzyszy\u0107 podczas pozosta\u0142ej cz\u0119\u015bci podr\u00f3\u017cy inspekcyjnej.<\/li><li>Poka\u017cemy obszar i portfolio nieruchomo\u015bci, dostosowane do konkretnych wymaga\u0144.<\/li><li>Wieczory s\u0105 wolne na relaks i odpoczynek, co daje mo\u017cliwo\u015b\u0107 om\u00f3wienia wydarze\u0144 dnia.<\/li><li>Po obejrzeniu nieruchomo\u015bci, kt\u00f3r\u0105 chcesz kupi\u0107, przeprowadzimy Ci\u0119 przez ka\u017cdy etap procesu zakupu i warunki prawne.<\/li><li>Pod koniec podr\u00f3\u017cy odbierzemy Ci\u0119 z miejsca zakwaterowania i zawieziemy z powrotem na lotnisko. Je\u015bli nie zdecydujesz si\u0119 na zakup, b\u0119dziesz musia\u0142 zap\u0142aci\u0107 za zakwaterowanie i transfer.<\/li><li style=\"list-style-type: none;\">\u00a0<\/li><\/ol><p>Uwa\u017camy, \u017ce te relaksuj\u0105ce i pouczaj\u0105ce wycieczki pomagaj\u0105 naszym klientom podejmowa\u0107 rozs\u0105dne, wywa\u017cone decyzje dotycz\u0105ce ich potencjalnej nieruchomo\u015bci, a tak\u017ce okolicy.<\/p><p>SKONTAKTUJ SI\u0118 <strong>Z NAMI JU\u017b TERAZ<\/strong>, aby zarezerwowa\u0107 wizyt\u0119 lub po prostu wype\u0142nij formularz wycieczki inspekcyjnej powy\u017cej!<\/p>\t\t\t\t\t\t<\/div>\n\t\t\t\t<\/div>\n\t\t\t\t\t<\/div>\n\t\t\t\t<\/div>\n\t\t\t\t<\/div>\n\t\t","protected":false},"excerpt":{"rendered":"<p>Bezp\u0142atne wyjazdy inspekcyjne do Turcji! &#8220;Tw\u00f3j paszport do nowej przygody z nieruchomo\u015bciami dzi\u0119ki naszym bezp\u0142atnym wycieczkom inspekcyjnym&#8221; Bu formu bitirebilmek i\u00e7in taray\u0131c\u0131n\u0131zda JavaScript&#039;i etkinle\u015ftirin.Bu formu bitirebilmek i\u00e7in taray\u0131c\u0131n\u0131zda JavaScript&#8217;i etkinle\u015ftirin.Name SurnameMobile PhoneE-posta *Number of GuestMessage Send Darmowe wycieczki do Turcji! Je\u015bli przeanalizowa\u0142e\u015b kilka nieruchomo\u015bci i odkry\u0142e\u015b wiele mo\u017cliwych wybor\u00f3w w Alanyi. Nast\u0119pnym krokiem by\u0142oby odwiedzenie [&hellip;]<\/p>\n","protected":false},"author":1,"featured_media":0,"parent":0,"menu_order":0,"comment_status":"closed","ping_status":"closed","template":"template\/template-homepage.php","meta":{"footnotes":""},"class_list":["post-19035","page","type-page","status-publish","hentry"],"_links":{"self":[{"href":"https:\/\/freedomestate.com.tr\/pl\/wp-json\/wp\/v2\/pages\/19035","targetHints":{"allow":["GET"]}}],"collection":[{"href":"https:\/\/freedomestate.com.tr\/pl\/wp-json\/wp\/v2\/pages"}],"about":[{"href":"https:\/\/freedomestate.com.tr\/pl\/wp-json\/wp\/v2\/types\/page"}],"author":[{"embeddable":true,"href":"https:\/\/freedomestate.com.tr\/pl\/wp-json\/wp\/v2\/users\/1"}],"replies":[{"embeddable":true,"href":"https:\/\/freedomestate.com.tr\/pl\/wp-json\/wp\/v2\/comments?post=19035"}],"version-history":[{"count":20,"href":"https:\/\/freedomestate.com.tr\/pl\/wp-json\/wp\/v2\/pages\/19035\/revisions"}],"predecessor-version":[{"id":19458,"href":"https:\/\/freedomestate.com.tr\/pl\/wp-json\/wp\/v2\/pages\/19035\/revisions\/19458"}],"wp:attachment":[{"href":"https:\/\/freedomestate.com.tr\/pl\/wp-json\/wp\/v2\/media?parent=19035"}],"curies":[{"name":"wp","href":"https:\/\/api.w.org\/{rel}","templated":true}]}}