{"id":19033,"date":"2024-01-27T12:31:27","date_gmt":"2024-01-27T09:31:27","guid":{"rendered":"https:\/\/freedomestate.com.tr\/?page_id=19033"},"modified":"2024-04-09T04:37:52","modified_gmt":"2024-04-09T01:37:52","slug":"wydatki-na-zakup-nieruchomosci","status":"publish","type":"page","link":"https:\/\/freedomestate.com.tr\/pl\/wydatki-na-zakup-nieruchomosci\/","title":{"rendered":"Wydatki na zakup nieruchomo\u015bci"},"content":{"rendered":"\t\t<div data-elementor-type=\"wp-page\" data-elementor-id=\"19033\" class=\"elementor elementor-19033\" data-elementor-post-type=\"page\">\n\t\t\t\t<div class=\"elementor-element elementor-element-636745c9 e-flex e-con-boxed e-con e-parent\" data-id=\"636745c9\" data-element_type=\"container\" data-core-v316-plus=\"true\">\n\t\t\t\t\t<div class=\"e-con-inner\">\n\t\t\t\t<div class=\"elementor-element elementor-element-7265bc6 elementor-widget-divider--view-line elementor-widget elementor-widget-divider\" data-id=\"7265bc6\" data-element_type=\"widget\" data-widget_type=\"divider.default\">\n\t\t\t\t<div class=\"elementor-widget-container\">\n\t\t\t<style>\/*! elementor - v3.20.0 - 13-03-2024 *\/\n.elementor-widget-divider{--divider-border-style:none;--divider-border-width:1px;--divider-color:#0c0d0e;--divider-icon-size:20px;--divider-element-spacing:10px;--divider-pattern-height:24px;--divider-pattern-size:20px;--divider-pattern-url:none;--divider-pattern-repeat:repeat-x}.elementor-widget-divider .elementor-divider{display:flex}.elementor-widget-divider .elementor-divider__text{font-size:15px;line-height:1;max-width:95%}.elementor-widget-divider .elementor-divider__element{margin:0 var(--divider-element-spacing);flex-shrink:0}.elementor-widget-divider .elementor-icon{font-size:var(--divider-icon-size)}.elementor-widget-divider .elementor-divider-separator{display:flex;margin:0;direction:ltr}.elementor-widget-divider--view-line_icon .elementor-divider-separator,.elementor-widget-divider--view-line_text .elementor-divider-separator{align-items:center}.elementor-widget-divider--view-line_icon .elementor-divider-separator:after,.elementor-widget-divider--view-line_icon .elementor-divider-separator:before,.elementor-widget-divider--view-line_text .elementor-divider-separator:after,.elementor-widget-divider--view-line_text .elementor-divider-separator:before{display:block;content:\"\";border-block-end:0;flex-grow:1;border-block-start:var(--divider-border-width) var(--divider-border-style) var(--divider-color)}.elementor-widget-divider--element-align-left .elementor-divider .elementor-divider-separator>.elementor-divider__svg:first-of-type{flex-grow:0;flex-shrink:100}.elementor-widget-divider--element-align-left .elementor-divider-separator:before{content:none}.elementor-widget-divider--element-align-left .elementor-divider__element{margin-left:0}.elementor-widget-divider--element-align-right .elementor-divider .elementor-divider-separator>.elementor-divider__svg:last-of-type{flex-grow:0;flex-shrink:100}.elementor-widget-divider--element-align-right .elementor-divider-separator:after{content:none}.elementor-widget-divider--element-align-right .elementor-divider__element{margin-right:0}.elementor-widget-divider--element-align-start .elementor-divider .elementor-divider-separator>.elementor-divider__svg:first-of-type{flex-grow:0;flex-shrink:100}.elementor-widget-divider--element-align-start .elementor-divider-separator:before{content:none}.elementor-widget-divider--element-align-start .elementor-divider__element{margin-inline-start:0}.elementor-widget-divider--element-align-end .elementor-divider .elementor-divider-separator>.elementor-divider__svg:last-of-type{flex-grow:0;flex-shrink:100}.elementor-widget-divider--element-align-end .elementor-divider-separator:after{content:none}.elementor-widget-divider--element-align-end .elementor-divider__element{margin-inline-end:0}.elementor-widget-divider:not(.elementor-widget-divider--view-line_text):not(.elementor-widget-divider--view-line_icon) .elementor-divider-separator{border-block-start:var(--divider-border-width) var(--divider-border-style) var(--divider-color)}.elementor-widget-divider--separator-type-pattern{--divider-border-style:none}.elementor-widget-divider--separator-type-pattern.elementor-widget-divider--view-line .elementor-divider-separator,.elementor-widget-divider--separator-type-pattern:not(.elementor-widget-divider--view-line) .elementor-divider-separator:after,.elementor-widget-divider--separator-type-pattern:not(.elementor-widget-divider--view-line) .elementor-divider-separator:before,.elementor-widget-divider--separator-type-pattern:not([class*=elementor-widget-divider--view]) .elementor-divider-separator{width:100%;min-height:var(--divider-pattern-height);-webkit-mask-size:var(--divider-pattern-size) 100%;mask-size:var(--divider-pattern-size) 100%;-webkit-mask-repeat:var(--divider-pattern-repeat);mask-repeat:var(--divider-pattern-repeat);background-color:var(--divider-color);-webkit-mask-image:var(--divider-pattern-url);mask-image:var(--divider-pattern-url)}.elementor-widget-divider--no-spacing{--divider-pattern-size:auto}.elementor-widget-divider--bg-round{--divider-pattern-repeat:round}.rtl .elementor-widget-divider .elementor-divider__text{direction:rtl}.e-con-inner>.elementor-widget-divider,.e-con>.elementor-widget-divider{width:var(--container-widget-width,100%);--flex-grow:var(--container-widget-flex-grow)}<\/style>\t\t<div class=\"elementor-divider\">\n\t\t\t<span class=\"elementor-divider-separator\">\n\t\t\t\t\t\t<\/span>\n\t\t<\/div>\n\t\t\t\t<\/div>\n\t\t\t\t<\/div>\n\t\t\t\t<div class=\"elementor-element elementor-element-854decf elementor-widget elementor-widget-text-editor\" data-id=\"854decf\" data-element_type=\"widget\" data-widget_type=\"text-editor.default\">\n\t\t\t\t<div class=\"elementor-widget-container\">\n\t\t\t<style>\/*! elementor - v3.20.0 - 13-03-2024 *\/\n.elementor-widget-text-editor.elementor-drop-cap-view-stacked .elementor-drop-cap{background-color:#69727d;color:#fff}.elementor-widget-text-editor.elementor-drop-cap-view-framed .elementor-drop-cap{color:#69727d;border:3px solid;background-color:transparent}.elementor-widget-text-editor:not(.elementor-drop-cap-view-default) .elementor-drop-cap{margin-top:8px}.elementor-widget-text-editor:not(.elementor-drop-cap-view-default) .elementor-drop-cap-letter{width:1em;height:1em}.elementor-widget-text-editor .elementor-drop-cap{float:left;text-align:center;line-height:1;font-size:50px}.elementor-widget-text-editor .elementor-drop-cap-letter{display:inline-block}<\/style>\t\t\t\t<h3><strong>KOSZTY ZAKUPU NIERUCHOMO\u015aCI<\/strong><\/h3><p>Tureckie op\u0142aty i podatki zwi\u0105zane z tytu\u0142ami w\u0142asno\u015bci nie stanowi\u0105 r\u00f3\u017cnic mi\u0119dzy obywatelami tureckimi i zagranicznymi. Antalya\/Alanya jest drug\u0105 co do wielko\u015bci prowincj\u0105 pod wzgl\u0119dem <a href=\"https:\/\/www.yourkeyturkiye.gov.tr\/statistics\">nabywania grunt\u00f3w przez obcokrajowc\u00f3w<\/a>, a tak\u017ce jednym z najwy\u017cszych dochod\u00f3w podatkowych dla rz\u0105du w odniesieniu do wydatk\u00f3w na zakup nieruchomo\u015bci.<\/p><h5><strong>Wydatki zwi\u0105zane z wydaniem pe\u0142nomocnictwa (POA):<\/strong><\/h5><p>Wydanie pe\u0142nomocnictwa (POA) oznacza udzielenie upowa\u017cnienia do reprezentacji. Na \u017cyczenie klienta notariusz mo\u017ce wyda\u0107 r\u00f3\u017cne rodzaje upowa\u017cnie\u0144 w ramach POA.<\/p><p>Koszty POA zale\u017c\u0105 od rodzaju POA oraz szerokiego lub ograniczonego upowa\u017cnienia prawnego do podejmowania decyzji dotycz\u0105cych nieruchomo\u015bci\/finans\u00f3w itp.<\/p><h5><strong>Poni\u017cszy link stanowi przewodnik po przybli\u017conych kosztach notariusza i pe\u0142nomocnictwa w 2023 r.: <\/strong><a href=\"https:\/\/idealestates.com\/legislation-and-taxation\/notary-fees-for-2023\/\"><strong>https:\/\/idealestates.com\/legislation-and-taxation\/notary-fees-for-2023\/<\/strong><\/a><\/h5><h5><strong>Transakcje dotycz\u0105ce nieruchomo\u015bci<\/strong><\/h5><p>W Turcji warto\u015b\u0107 op\u0142at za akt w\u0142asno\u015bci zale\u017cy od ceny nieruchomo\u015bci.<\/p><p>20 za tysi\u0105c (2%) od kupuj\u0105cego<\/p><p>20 za tysi\u0105c (2%) od sprzedaj\u0105cego<\/p><h6><em><strong>Wskaz\u00f3wka: Op\u0142aty za rejestracj\u0119 aktu w\u0142asno\u015bci uiszczane przez kupuj\u0105cego w Turcji s\u0105 ustalane g\u0142\u00f3wnie podczas negocjacji.<\/strong><\/em> <em>Ponadto sprzedaj\u0105cy i kupuj\u0105cy musz\u0105 wp\u0142aci\u0107 kapita\u0142 obrotowy do Land Registry Office za ka\u017cd\u0105 sprzeda\u017c.<\/em> <em>W 2023 r. kwota ta zosta\u0142a okre\u015blona na 190 euro, ale liczba ta mo\u017ce ulec zmianie w ci\u0105gu roku. Wysoko\u015b\u0107 kapita\u0142u obrotowego jest okre\u015blana przez przepisy ustawowe i wykonawcze na pocz\u0105tku ka\u017cdego roku.<\/em><\/h6><h5><strong>\u00a0<\/strong><\/h5><ul><li><h5><strong>Koszty wyceny nieruchomo\u015bci<\/strong><\/h5><ul><li>Koszty zale\u017c\u0105 od wyceny firmy eksperckiej i limit\u00f3w cenowych dla obszaru miasta: Od 350 euro<\/li><\/ul><h5><strong>Ubezpieczenie od trz\u0119sienia ziemi (DASK) Wydatki<\/strong><\/h5><ul><li>Wydatki zale\u017c\u0105 od wielko\u015bci (m2) i rodzaju nieruchomo\u015bci: Od 10 euro<\/li><\/ul><h5><strong>Wydatki na t\u0142umacza przysi\u0119g\u0142ego<\/strong><\/h5><ul><li>Wydatki zale\u017c\u0105 od j\u0119zyka, miasta i t\u0142umaczonej tre\u015bci: Od 50 euro<\/li><\/ul><h5><strong>Wydatki zwi\u0105zane z warto\u015bci\u0105 nieruchomo\u015bci wed\u0142ug gmin<\/strong><\/h5><ul><li>Wydatki zale\u017c\u0105 od wniosku gminy: Od 50 euro<\/li><\/ul><h5><strong>Wydatki na abonament wodny<\/strong><\/h5><ul><li>Wniosek o nowy abonament:<\/li><\/ul><p>Je\u015bli masz pozwolenie na pobyt: Oko\u0142o 60 euro<\/p><p>W przypadku braku zezwolenia na pobyt: 175 euro<\/p><ul><li><strong>Przeniesienie istniej\u0105cej subskrypcji:<\/strong><\/li><\/ul><p>Je\u015bli masz pozwolenie na pobyt: 10 euro<\/p><p>W przypadku braku pozwolenia na pobyt: ok. 130 euro<\/p><h5><strong>Koszty abonamentu za energi\u0119 elektryczn\u0105<\/strong><\/h5><ul><li>Wniosek o now\u0105 subskrypcj\u0119 wraz z depozytem: Od 25 euro<\/li><li>Przeniesienie istniej\u0105cej subskrypcji: Od 25 euro<\/li><\/ul><\/li><\/ul><ul><li><h5><strong>Wydatki na podatek od nieruchomo\u015bci komunalnych<\/strong><\/h5><ul><li>Zale\u017cy od wielko\u015bci (m2), typu i lokalizacji nieruchomo\u015bci: Od 25 euro<\/li><\/ul><h5><strong>Koszty ubezpieczenia nieruchomo\u015bci<\/strong><\/h5><ul><li>Zale\u017c\u0105 od wielko\u015bci, typu i warto\u015bci nieruchomo\u015bci: Od 30 euro<\/li><\/ul><\/li><\/ul>\t\t\t\t\t\t<\/div>\n\t\t\t\t<\/div>\n\t\t\t\t\t<\/div>\n\t\t\t\t<\/div>\n\t\t<div class=\"elementor-element elementor-element-1be97b3f e-flex e-con-boxed e-con e-parent\" data-id=\"1be97b3f\" data-element_type=\"container\" data-core-v316-plus=\"true\">\n\t\t\t\t\t<div class=\"e-con-inner\">\n\t\t\t\t<div class=\"elementor-element elementor-element-d875d3c elementor-widget-divider--view-line elementor-widget elementor-widget-divider\" data-id=\"d875d3c\" data-element_type=\"widget\" data-widget_type=\"divider.default\">\n\t\t\t\t<div class=\"elementor-widget-container\">\n\t\t\t\t\t<div class=\"elementor-divider\">\n\t\t\t<span class=\"elementor-divider-separator\">\n\t\t\t\t\t\t<\/span>\n\t\t<\/div>\n\t\t\t\t<\/div>\n\t\t\t\t<\/div>\n\t\t\t\t\t<\/div>\n\t\t\t\t<\/div>\n\t\t<div class=\"elementor-element elementor-element-4490d837 e-flex e-con-boxed e-con e-parent\" data-id=\"4490d837\" data-element_type=\"container\" data-core-v316-plus=\"true\">\n\t\t\t\t\t<div class=\"e-con-inner\">\n\t\t<div class=\"elementor-element elementor-element-656af927 e-con-full e-flex e-con e-child\" data-id=\"656af927\" data-element_type=\"container\">\n\t\t\t\t<div class=\"elementor-element elementor-element-6f6a5a2a elementor-cta--skin-cover elementor-cta--valign-top elementor-animated-content elementor-bg-transform elementor-bg-transform-zoom-in elementor-widget elementor-widget-call-to-action\" data-id=\"6f6a5a2a\" data-element_type=\"widget\" data-widget_type=\"call-to-action.default\">\n\t\t\t\t<div class=\"elementor-widget-container\">\n\t\t\t<link rel=\"stylesheet\" href=\"https:\/\/freedomestate.com.tr\/pl\/wp-content\/plugins\/elementor-pro\/assets\/css\/widget-call-to-action.min.css\">\t\t<div class=\"elementor-cta\">\n\t\t\t\t\t<div class=\"elementor-cta__bg-wrapper\">\n\t\t\t\t<div class=\"elementor-cta__bg elementor-bg\" style=\"background-image: url(https:\/\/freedomestate.com.tr\/pl\/wp-content\/uploads\/2024\/01\/services.jpg);\" role=\"img\" aria-label=\"Service cubes over white background\"><\/div>\n\t\t\t\t<div class=\"elementor-cta__bg-overlay\"><\/div>\n\t\t\t<\/div>\n\t\t\t\t\t\t\t<div class=\"elementor-cta__content\">\n\t\t\t\t\n\t\t\t\t\t\t\t\t\t<h2 class=\"elementor-cta__title elementor-cta__content-item elementor-content-item elementor-animated-item--grow\">\n\t\t\t\t\t\tNASZE US\u0141UGI\t\t\t\t\t<\/h2>\n\t\t\t\t\n\t\t\t\t\n\t\t\t\t\t\t\t<\/div>\n\t\t\t\t\t\t<\/div>\n\t\t\t\t<\/div>\n\t\t\t\t<\/div>\n\t\t\t\t<div class=\"elementor-element elementor-element-2e26538 elementor-cta--skin-cover elementor-cta--valign-top elementor-animated-content elementor-bg-transform elementor-bg-transform-zoom-in elementor-widget elementor-widget-call-to-action\" data-id=\"2e26538\" data-element_type=\"widget\" data-widget_type=\"call-to-action.default\">\n\t\t\t\t<div class=\"elementor-widget-container\">\n\t\t\t\t\t<div class=\"elementor-cta\">\n\t\t\t\t\t<div class=\"elementor-cta__bg-wrapper\">\n\t\t\t\t<div class=\"elementor-cta__bg elementor-bg\" style=\"background-image: url(https:\/\/freedomestate.com.tr\/pl\/wp-content\/uploads\/2024\/01\/service-fees.jpg);\" role=\"img\" aria-label=\"Japanese woman keeping household accounts\"><\/div>\n\t\t\t\t<div class=\"elementor-cta__bg-overlay\"><\/div>\n\t\t\t<\/div>\n\t\t\t\t\t\t\t<div class=\"elementor-cta__content\">\n\t\t\t\t\n\t\t\t\t\t\t\t\t\t<h2 class=\"elementor-cta__title elementor-cta__content-item elementor-content-item elementor-animated-item--grow\">\n\t\t\t\t\t\tPROWIZJE I OP\u0141ATY ZA US\u0141UGI\t\t\t\t\t<\/h2>\n\t\t\t\t\n\t\t\t\t\n\t\t\t\t\t\t\t<\/div>\n\t\t\t\t\t\t<\/div>\n\t\t\t\t<\/div>\n\t\t\t\t<\/div>\n\t\t\t\t<\/div>\n\t\t<div class=\"elementor-element elementor-element-2c8f95a1 e-con-full e-flex e-con e-child\" data-id=\"2c8f95a1\" data-element_type=\"container\">\n\t\t\t\t<div class=\"elementor-element elementor-element-57c63991 elementor-cta--skin-cover elementor-cta--valign-top elementor-animated-content elementor-bg-transform elementor-bg-transform-zoom-in elementor-widget elementor-widget-call-to-action\" data-id=\"57c63991\" data-element_type=\"widget\" data-widget_type=\"call-to-action.default\">\n\t\t\t\t<div class=\"elementor-widget-container\">\n\t\t\t\t\t<div class=\"elementor-cta\">\n\t\t\t\t\t<div class=\"elementor-cta__bg-wrapper\">\n\t\t\t\t<div class=\"elementor-cta__bg elementor-bg\" style=\"background-image: url(https:\/\/freedomestate.com.tr\/pl\/wp-content\/uploads\/2024\/01\/before-after-services.jpg);\" role=\"img\" aria-label=\"Shopping online concept - Shopping service on The online web. with payment by credit card and offers home delivery. parcel or Paper cartons with a shopping cart on a laptop keyboard\"><\/div>\n\t\t\t\t<div class=\"elementor-cta__bg-overlay\"><\/div>\n\t\t\t<\/div>\n\t\t\t\t\t\t\t<div class=\"elementor-cta__content\">\n\t\t\t\t\n\t\t\t\t\t\t\t\t\t<h2 class=\"elementor-cta__title elementor-cta__content-item elementor-content-item elementor-animated-item--grow\">\n\t\t\t\t\t\tUS\u0141UGI PRZEDSPRZEDA\u017bOWE I POSPRZEDA\u017bOWE\t\t\t\t\t<\/h2>\n\t\t\t\t\n\t\t\t\t\n\t\t\t\t\t\t\t<\/div>\n\t\t\t\t\t\t<\/div>\n\t\t\t\t<\/div>\n\t\t\t\t<\/div>\n\t\t\t\t<div class=\"elementor-element elementor-element-14f2f61 elementor-cta--skin-cover elementor-cta--valign-top elementor-animated-content elementor-bg-transform elementor-bg-transform-zoom-in elementor-widget elementor-widget-call-to-action\" data-id=\"14f2f61\" data-element_type=\"widget\" data-widget_type=\"call-to-action.default\">\n\t\t\t\t<div class=\"elementor-widget-container\">\n\t\t\t\t\t<div class=\"elementor-cta\">\n\t\t\t\t\t<div class=\"elementor-cta__bg-wrapper\">\n\t\t\t\t<div class=\"elementor-cta__bg elementor-bg\" style=\"background-image: url(https:\/\/freedomestate.com.tr\/pl\/wp-content\/uploads\/2024\/01\/consultancy.jpg);\" role=\"img\" aria-label=\"consultancy\"><\/div>\n\t\t\t\t<div class=\"elementor-cta__bg-overlay\"><\/div>\n\t\t\t<\/div>\n\t\t\t\t\t\t\t<div class=\"elementor-cta__content\">\n\t\t\t\t\n\t\t\t\t\t\t\t\t\t<h2 class=\"elementor-cta__title elementor-cta__content-item elementor-content-item elementor-animated-item--grow\">\n\t\t\t\t\t\tDORADZTWO\t\t\t\t\t<\/h2>\n\t\t\t\t\n\t\t\t\t\n\t\t\t\t\t\t\t<\/div>\n\t\t\t\t\t\t<\/div>\n\t\t\t\t<\/div>\n\t\t\t\t<\/div>\n\t\t\t\t<\/div>\n\t\t<div class=\"elementor-element elementor-element-1b475638 e-con-full e-flex e-con e-child\" data-id=\"1b475638\" data-element_type=\"container\">\n\t\t\t\t<div class=\"elementor-element elementor-element-7ada11c7 elementor-cta--skin-cover elementor-cta--valign-top elementor-animated-content elementor-bg-transform elementor-bg-transform-zoom-in elementor-widget elementor-widget-call-to-action\" data-id=\"7ada11c7\" data-element_type=\"widget\" data-widget_type=\"call-to-action.default\">\n\t\t\t\t<div class=\"elementor-widget-container\">\n\t\t\t\t\t<div class=\"elementor-cta\">\n\t\t\t\t\t<div class=\"elementor-cta__bg-wrapper\">\n\t\t\t\t<div class=\"elementor-cta__bg elementor-bg\" style=\"background-image: url(https:\/\/freedomestate.com.tr\/pl\/wp-content\/uploads\/2024\/01\/property-management.jpg);\" role=\"img\" aria-label=\"property management agreement\"><\/div>\n\t\t\t\t<div class=\"elementor-cta__bg-overlay\"><\/div>\n\t\t\t<\/div>\n\t\t\t\t\t\t\t<div class=\"elementor-cta__content\">\n\t\t\t\t\n\t\t\t\t\t\t\t\t\t<h2 class=\"elementor-cta__title elementor-cta__content-item elementor-content-item elementor-animated-item--grow\">\n\t\t\t\t\t\tUS\u0141UGI ZARZ\u0104DZANIA NIERUCHOMO\u015aCIAMI\t\t\t\t\t<\/h2>\n\t\t\t\t\n\t\t\t\t\n\t\t\t\t\t\t\t<\/div>\n\t\t\t\t\t\t<\/div>\n\t\t\t\t<\/div>\n\t\t\t\t<\/div>\n\t\t\t\t<div class=\"elementor-element elementor-element-4bd5c3ed elementor-cta--skin-cover elementor-cta--valign-top elementor-animated-content elementor-bg-transform elementor-bg-transform-zoom-in elementor-widget elementor-widget-call-to-action\" data-id=\"4bd5c3ed\" data-element_type=\"widget\" data-widget_type=\"call-to-action.default\">\n\t\t\t\t<div class=\"elementor-widget-container\">\n\t\t\t\t\t<div class=\"elementor-cta\">\n\t\t\t\t\t<div class=\"elementor-cta__bg-wrapper\">\n\t\t\t\t<div class=\"elementor-cta__bg elementor-bg\" style=\"background-image: url(https:\/\/freedomestate.com.tr\/pl\/wp-content\/uploads\/2024\/01\/purchase-expanses.jpg);\" role=\"img\" aria-label=\"Mortgage concept. Model of a wooden house with financial savings. house purchase and expenses\"><\/div>\n\t\t\t\t<div class=\"elementor-cta__bg-overlay\"><\/div>\n\t\t\t<\/div>\n\t\t\t\t\t\t\t<div class=\"elementor-cta__content\">\n\t\t\t\t\n\t\t\t\t\t\t\t\t\t<h2 class=\"elementor-cta__title elementor-cta__content-item elementor-content-item elementor-animated-item--grow\">\n\t\t\t\t\t\tKOSZTY ZAKUPU\t\t\t\t\t<\/h2>\n\t\t\t\t\n\t\t\t\t\n\t\t\t\t\t\t\t<\/div>\n\t\t\t\t\t\t<\/div>\n\t\t\t\t<\/div>\n\t\t\t\t<\/div>\n\t\t\t\t<\/div>\n\t\t\t\t\t<\/div>\n\t\t\t\t<\/div>\n\t\t\t\t<\/div>\n\t\t","protected":false},"excerpt":{"rendered":"<p>KOSZTY ZAKUPU NIERUCHOMO\u015aCI Tureckie op\u0142aty i podatki zwi\u0105zane z tytu\u0142ami w\u0142asno\u015bci nie stanowi\u0105 r\u00f3\u017cnic mi\u0119dzy obywatelami tureckimi i zagranicznymi. Antalya\/Alanya jest drug\u0105 co do wielko\u015bci prowincj\u0105 pod wzgl\u0119dem nabywania grunt\u00f3w przez obcokrajowc\u00f3w, a tak\u017ce jednym z najwy\u017cszych dochod\u00f3w podatkowych dla rz\u0105du w odniesieniu do wydatk\u00f3w na zakup nieruchomo\u015bci. Wydatki zwi\u0105zane z wydaniem pe\u0142nomocnictwa (POA): Wydanie [&hellip;]<\/p>\n","protected":false},"author":1,"featured_media":0,"parent":0,"menu_order":0,"comment_status":"closed","ping_status":"closed","template":"","meta":{"footnotes":""},"class_list":["post-19033","page","type-page","status-publish","hentry"],"_links":{"self":[{"href":"https:\/\/freedomestate.com.tr\/pl\/wp-json\/wp\/v2\/pages\/19033","targetHints":{"allow":["GET"]}}],"collection":[{"href":"https:\/\/freedomestate.com.tr\/pl\/wp-json\/wp\/v2\/pages"}],"about":[{"href":"https:\/\/freedomestate.com.tr\/pl\/wp-json\/wp\/v2\/types\/page"}],"author":[{"embeddable":true,"href":"https:\/\/freedomestate.com.tr\/pl\/wp-json\/wp\/v2\/users\/1"}],"replies":[{"embeddable":true,"href":"https:\/\/freedomestate.com.tr\/pl\/wp-json\/wp\/v2\/comments?post=19033"}],"version-history":[{"count":11,"href":"https:\/\/freedomestate.com.tr\/pl\/wp-json\/wp\/v2\/pages\/19033\/revisions"}],"predecessor-version":[{"id":19476,"href":"https:\/\/freedomestate.com.tr\/pl\/wp-json\/wp\/v2\/pages\/19033\/revisions\/19476"}],"wp:attachment":[{"href":"https:\/\/freedomestate.com.tr\/pl\/wp-json\/wp\/v2\/media?parent=19033"}],"curies":[{"name":"wp","href":"https:\/\/api.w.org\/{rel}","templated":true}]}}