{"id":19029,"date":"2024-01-27T12:27:58","date_gmt":"2024-01-27T09:27:58","guid":{"rendered":"https:\/\/freedomestate.com.tr\/?page_id=19029"},"modified":"2024-04-09T04:23:54","modified_gmt":"2024-04-09T01:23:54","slug":"oplaty-za-uslugi-i-prowizje","status":"publish","type":"page","link":"https:\/\/freedomestate.com.tr\/pl\/oplaty-za-uslugi-i-prowizje\/","title":{"rendered":"Op\u0142aty za us\u0142ugi i prowizje"},"content":{"rendered":"\t\t<div data-elementor-type=\"wp-page\" data-elementor-id=\"19029\" class=\"elementor elementor-19029\" data-elementor-post-type=\"page\">\n\t\t\t\t<div class=\"elementor-element elementor-element-595e1c58 e-flex e-con-boxed e-con e-parent\" data-id=\"595e1c58\" data-element_type=\"container\" data-core-v316-plus=\"true\">\n\t\t\t\t\t<div class=\"e-con-inner\">\n\t\t\t\t<div class=\"elementor-element elementor-element-2619fa4c elementor-widget-divider--view-line elementor-widget elementor-widget-divider\" data-id=\"2619fa4c\" data-element_type=\"widget\" data-widget_type=\"divider.default\">\n\t\t\t\t<div class=\"elementor-widget-container\">\n\t\t\t<style>\/*! elementor - v3.20.0 - 13-03-2024 *\/\n.elementor-widget-divider{--divider-border-style:none;--divider-border-width:1px;--divider-color:#0c0d0e;--divider-icon-size:20px;--divider-element-spacing:10px;--divider-pattern-height:24px;--divider-pattern-size:20px;--divider-pattern-url:none;--divider-pattern-repeat:repeat-x}.elementor-widget-divider .elementor-divider{display:flex}.elementor-widget-divider .elementor-divider__text{font-size:15px;line-height:1;max-width:95%}.elementor-widget-divider .elementor-divider__element{margin:0 var(--divider-element-spacing);flex-shrink:0}.elementor-widget-divider .elementor-icon{font-size:var(--divider-icon-size)}.elementor-widget-divider .elementor-divider-separator{display:flex;margin:0;direction:ltr}.elementor-widget-divider--view-line_icon .elementor-divider-separator,.elementor-widget-divider--view-line_text .elementor-divider-separator{align-items:center}.elementor-widget-divider--view-line_icon .elementor-divider-separator:after,.elementor-widget-divider--view-line_icon .elementor-divider-separator:before,.elementor-widget-divider--view-line_text .elementor-divider-separator:after,.elementor-widget-divider--view-line_text .elementor-divider-separator:before{display:block;content:\"\";border-block-end:0;flex-grow:1;border-block-start:var(--divider-border-width) var(--divider-border-style) var(--divider-color)}.elementor-widget-divider--element-align-left .elementor-divider .elementor-divider-separator>.elementor-divider__svg:first-of-type{flex-grow:0;flex-shrink:100}.elementor-widget-divider--element-align-left .elementor-divider-separator:before{content:none}.elementor-widget-divider--element-align-left .elementor-divider__element{margin-left:0}.elementor-widget-divider--element-align-right .elementor-divider .elementor-divider-separator>.elementor-divider__svg:last-of-type{flex-grow:0;flex-shrink:100}.elementor-widget-divider--element-align-right .elementor-divider-separator:after{content:none}.elementor-widget-divider--element-align-right .elementor-divider__element{margin-right:0}.elementor-widget-divider--element-align-start .elementor-divider .elementor-divider-separator>.elementor-divider__svg:first-of-type{flex-grow:0;flex-shrink:100}.elementor-widget-divider--element-align-start .elementor-divider-separator:before{content:none}.elementor-widget-divider--element-align-start .elementor-divider__element{margin-inline-start:0}.elementor-widget-divider--element-align-end .elementor-divider .elementor-divider-separator>.elementor-divider__svg:last-of-type{flex-grow:0;flex-shrink:100}.elementor-widget-divider--element-align-end .elementor-divider-separator:after{content:none}.elementor-widget-divider--element-align-end .elementor-divider__element{margin-inline-end:0}.elementor-widget-divider:not(.elementor-widget-divider--view-line_text):not(.elementor-widget-divider--view-line_icon) .elementor-divider-separator{border-block-start:var(--divider-border-width) var(--divider-border-style) var(--divider-color)}.elementor-widget-divider--separator-type-pattern{--divider-border-style:none}.elementor-widget-divider--separator-type-pattern.elementor-widget-divider--view-line .elementor-divider-separator,.elementor-widget-divider--separator-type-pattern:not(.elementor-widget-divider--view-line) .elementor-divider-separator:after,.elementor-widget-divider--separator-type-pattern:not(.elementor-widget-divider--view-line) .elementor-divider-separator:before,.elementor-widget-divider--separator-type-pattern:not([class*=elementor-widget-divider--view]) .elementor-divider-separator{width:100%;min-height:var(--divider-pattern-height);-webkit-mask-size:var(--divider-pattern-size) 100%;mask-size:var(--divider-pattern-size) 100%;-webkit-mask-repeat:var(--divider-pattern-repeat);mask-repeat:var(--divider-pattern-repeat);background-color:var(--divider-color);-webkit-mask-image:var(--divider-pattern-url);mask-image:var(--divider-pattern-url)}.elementor-widget-divider--no-spacing{--divider-pattern-size:auto}.elementor-widget-divider--bg-round{--divider-pattern-repeat:round}.rtl .elementor-widget-divider .elementor-divider__text{direction:rtl}.e-con-inner>.elementor-widget-divider,.e-con>.elementor-widget-divider{width:var(--container-widget-width,100%);--flex-grow:var(--container-widget-flex-grow)}<\/style>\t\t<div class=\"elementor-divider\">\n\t\t\t<span class=\"elementor-divider-separator\">\n\t\t\t\t\t\t<\/span>\n\t\t<\/div>\n\t\t\t\t<\/div>\n\t\t\t\t<\/div>\n\t\t\t\t<div class=\"elementor-element elementor-element-1866dcbf elementor-widget elementor-widget-text-editor\" data-id=\"1866dcbf\" data-element_type=\"widget\" data-widget_type=\"text-editor.default\">\n\t\t\t\t<div class=\"elementor-widget-container\">\n\t\t\t<style>\/*! elementor - v3.20.0 - 13-03-2024 *\/\n.elementor-widget-text-editor.elementor-drop-cap-view-stacked .elementor-drop-cap{background-color:#69727d;color:#fff}.elementor-widget-text-editor.elementor-drop-cap-view-framed .elementor-drop-cap{color:#69727d;border:3px solid;background-color:transparent}.elementor-widget-text-editor:not(.elementor-drop-cap-view-default) .elementor-drop-cap{margin-top:8px}.elementor-widget-text-editor:not(.elementor-drop-cap-view-default) .elementor-drop-cap-letter{width:1em;height:1em}.elementor-widget-text-editor .elementor-drop-cap{float:left;text-align:center;line-height:1;font-size:50px}.elementor-widget-text-editor .elementor-drop-cap-letter{display:inline-block}<\/style>\t\t\t\t<div class=\"elementor-element elementor-element-0ac3e25 elementor-widget elementor-widget-text-editor\" data-id=\"0ac3e25\" data-element_type=\"widget\" data-widget_type=\"text-editor.default\"><div class=\"elementor-widget-container\"><div class=\"elementor-text-editor elementor-clearfix\"><h3><strong>Prowizje od nieruchomo\u015bci i op\u0142aty za us\u0142ugi :<\/strong><\/h3><\/div><\/div><\/div>\t\t\t\t\t\t<\/div>\n\t\t\t\t<\/div>\n\t\t\t\t\t<\/div>\n\t\t\t\t<\/div>\n\t\t<div class=\"elementor-element elementor-element-2dc0462c e-flex e-con-boxed e-con e-parent\" data-id=\"2dc0462c\" data-element_type=\"container\" data-core-v316-plus=\"true\">\n\t\t\t\t\t<div class=\"e-con-inner\">\n\t\t\t\t<div class=\"elementor-element elementor-element-ccd0acc elementor-widget elementor-widget-text-editor\" data-id=\"ccd0acc\" data-element_type=\"widget\" data-widget_type=\"text-editor.default\">\n\t\t\t\t<div class=\"elementor-widget-container\">\n\t\t\t\t\t\t\t<h4>Real Estate Agency Commission Regulations:<\/h4><p>Zgodnie z art. 20 rozporz\u0105dzenia w sprawie obrotu nieruchomo\u015bciami, op\u0142ata za obs\u0142ug\u0119 lub stawka prowizji w transakcjach dotycz\u0105cych nieruchomo\u015bci komercyjnych nie mo\u017ce przekracza\u0107 czterech (4%) procent ceny sprzeda\u017cy w umowie po\u015brednictwa, bez podatku VAT. W transakcjach najmu op\u0142ata za us\u0142ug\u0119 nie mo\u017ce przekracza\u0107 miesi\u0119cznej kwoty czynszu najmu, bez podatku VAT, wskazanej w umowie najmu. O ile nie uzgodniono inaczej na pi\u015bmie, koszt us\u0142ug jest ponoszony w r\u00f3wnym stopniu przez w\u0142a\u015bciciela, kupuj\u0105cego lub najemc\u0119. Po\u015brednikom w obrocie nieruchomo\u015bciami i brokerom nieruchomo\u015bci zabrania si\u0119 pobierania op\u0142at za wy\u015bwietlanie domu. Agenci nieruchomo\u015bci nie mog\u0105 ro\u015bci\u0107 sobie prawa do wystawienia nieruchomo\u015bci lub jej ceny. Mog\u0105 jednak pobiera\u0107 op\u0142aty za wysy\u0142k\u0119 tylko wtedy, gdy przedmiot znajduje si\u0119 poza regionem.<\/p><h5><b style=\"font-size: 1.25rem; text-align: var(--text-align);\"><strong>IDEAL ESTATES 0% prowizji od sprzeda\u017cy nieruchomo\u015bci:<\/strong><\/b><\/h5><h5><span style=\"font-size: 15px; font-weight: 400;\">Wszystkie prowizje, promocje i inne koszty s\u0105 wliczone w cen\u0119 sprzeda\u017cy naszych nieruchomo\u015bci. Nie b\u0119dziemy \u017c\u0105da\u0107 \u017cadnych dodatkowych op\u0142at od naszych klient\u00f3w. Dlatego \u0142atwo b\u0119dzie Ci przeanalizowa\u0107 ceny sprzeda\u017cy z innymi por\u00f3wnywalnymi opcjami&#8221;.<\/span><\/h5><h5><span style=\"font-size: 1.25rem; text-align: var(--text-align);\">Op\u0142aty za wynajem d\u0142ugoterminowy :<\/span><\/h5><h5><span style=\"font-size: 15px; font-weight: 400;\">Op\u0142ata serwisowa wynosi 10% ca\u0142kowitej rocznej kwoty wynajmu + VAT (18%), niezale\u017cnie od okresu obowi\u0105zywania umowy.<\/span><\/h5><h5><span style=\"font-size: 15px;\"><i>Wskaz\u00f3wka: Je\u015bli wynajmujesz dom bezpo\u015brednio od w\u0142a\u015bciciela nieruchomo\u015bci poprzez wyszukiwanie w Internecie lub na ulicy, nie musisz uiszcza\u0107 \u017cadnych op\u0142at.<\/i><\/span><\/h5><h5>Op\u0142aty za wynajem kr\u00f3tkoterminowy :<\/h5><h5><span style=\"font-size: 15px; font-weight: 400;\">W Turcji obowi\u0105zuj\u0105 rygorystyczne zasady i przepisy dotycz\u0105ce wynajmu kr\u00f3tkoterminowego. Indywidualni agenci okre\u015blaj\u0105 op\u0142aty za wynajem kr\u00f3tkoterminowy.<\/span><span style=\"font-size: 1.5rem; text-align: var(--text-align);\">\u00a0<\/span><\/h5><h3><b><strong>Us\u0142ugi zarz\u0105dzania nieruchomo\u015bciami :<\/strong><\/b><\/h3><ul><li><strong>Transfer to and from the Antalya Airport:<\/strong><\/li><li><strong>Transfer to and from the Gazipasha Airport:<\/strong><\/li><\/ul><p><b style=\"text-align: var(--text-align);\"><em><strong>Uwaga: Ceny mog\u0105 si\u0119 r\u00f3\u017cni\u0107 w zale\u017cno\u015bci od liczby pasa\u017cer\u00f3w i modelu pojazdu.<\/strong><\/em><\/b> <b style=\"text-align: var(--text-align);\"><em><strong>Prosimy o kontakt w celu uzyskania dalszych informacji na temat cen.<\/strong><\/em><\/b><span style=\"font-size: 1rem; font-weight: 600; text-align: var(--text-align);\">\u00a0<\/span><\/p><ul><li><b><strong>Us\u0142ugi sprz\u0105tania:<\/strong><\/b><\/li><li><p><b><em><strong>Uwaga: cena zale\u017cy od wielko\u015bci apartamentu i liczby pokoi.<\/strong><\/em><\/b> <b><em><strong>Materia\u0142y czyszcz\u0105ce s\u0105 wliczone w cen\u0119.<\/strong><\/em><\/b> <b><em><strong>Sprz\u0105tane jest tylko wn\u0119trze apartamentu, w tym pod\u0142ogi balkon\u00f3w i okna.<\/strong><\/em><\/b> <b><em><strong>Przeszklone okna balkonowe i pranie (w tym zas\u0142ony, po\u015bciel, r\u0119czniki itp.) nie s\u0105 wliczone w cen\u0119 i podlegaj\u0105 dodatkowej op\u0142acie.<\/strong><\/em><\/b><\/p><\/li><\/ul><ul><li><b><em><strong>Sprawdzanie i wietrzenie mieszkania:<\/strong><\/em><\/b> cena na \u017cyczenie<\/li><li><b><strong>Organizowanie p\u0142atno\u015bci rachunk\u00f3w i wydatk\u00f3w : <\/strong><\/b>Cena na \u017cyczenie<\/li><li><b><strong>Nadz\u00f3r nad naprawami i remontami :<\/strong><\/b> Cena na \u017cyczenie<\/li><\/ul><h4>\u00a0<\/h4><h4><b><strong>Bezp\u0142atne us\u0142ugi :<\/strong><\/b><\/h4><ul><li><ul><li>Zapewniamy profesjonalne doradztwo w zakresie <a href=\"https:\/\/www.invest.gov.tr\/en\/investmentguide\/pages\/establishing-a-business.aspx\">zak\u0142adania dzia\u0142alno\u015bci gospodarczej w Alanyi<\/a><\/li><li>Nasz zesp\u00f3\u0142 udzieli bezp\u0142atnych informacji i wskaz\u00f3wek dotycz\u0105cych zakupu domu.<\/li><li>Zapewniamy konkurencyjny marketing i przegl\u0105dy nieruchomo\u015bci, aby wyr\u00f3\u017cni\u0107 Twoj\u0105 nieruchomo\u015b\u0107.<\/li><li>Pomagamy w poruszaniu si\u0119 po wszystkich opcjach zakupu domu.<\/li><li>Pomoc w zakupie mebli do domu.<\/li><li>Bezp\u0142atne ogl\u0105danie nieruchomo\u015bci.<\/li><\/ul><p><em><strong>Nie wahaj si\u0119 skontaktowa\u0107 z jednym z naszych po\u015brednik\u00f3w na naszej stronie internetowej, aby uzyska\u0107 wi\u0119cej informacji na temat op\u0142at za us\u0142ugi i prowizji.<\/strong><\/em><\/p><\/li><\/ul>\t\t\t\t\t\t<\/div>\n\t\t\t\t<\/div>\n\t\t\t\t\t<\/div>\n\t\t\t\t<\/div>\n\t\t<div class=\"elementor-element elementor-element-1af0a0f7 e-flex e-con-boxed e-con e-parent\" data-id=\"1af0a0f7\" data-element_type=\"container\" data-core-v316-plus=\"true\">\n\t\t\t\t\t<div class=\"e-con-inner\">\n\t\t\t\t<div class=\"elementor-element elementor-element-27d3639f elementor-widget-divider--view-line elementor-widget elementor-widget-divider\" data-id=\"27d3639f\" data-element_type=\"widget\" data-widget_type=\"divider.default\">\n\t\t\t\t<div class=\"elementor-widget-container\">\n\t\t\t\t\t<div class=\"elementor-divider\">\n\t\t\t<span class=\"elementor-divider-separator\">\n\t\t\t\t\t\t<\/span>\n\t\t<\/div>\n\t\t\t\t<\/div>\n\t\t\t\t<\/div>\n\t\t\t\t\t<\/div>\n\t\t\t\t<\/div>\n\t\t<div class=\"elementor-element elementor-element-1b424ff4 e-flex e-con-boxed e-con e-parent\" data-id=\"1b424ff4\" data-element_type=\"container\" data-core-v316-plus=\"true\">\n\t\t\t\t\t<div class=\"e-con-inner\">\n\t\t<div class=\"elementor-element elementor-element-507e798f e-con-full e-flex e-con e-child\" data-id=\"507e798f\" data-element_type=\"container\">\n\t\t\t\t<div class=\"elementor-element elementor-element-12559bb0 elementor-cta--skin-cover elementor-cta--valign-top elementor-animated-content elementor-bg-transform elementor-bg-transform-zoom-in elementor-widget elementor-widget-call-to-action\" data-id=\"12559bb0\" data-element_type=\"widget\" data-widget_type=\"call-to-action.default\">\n\t\t\t\t<div class=\"elementor-widget-container\">\n\t\t\t<link rel=\"stylesheet\" href=\"https:\/\/freedomestate.com.tr\/pl\/wp-content\/plugins\/elementor-pro\/assets\/css\/widget-call-to-action.min.css\">\t\t<div class=\"elementor-cta\">\n\t\t\t\t\t<div class=\"elementor-cta__bg-wrapper\">\n\t\t\t\t<div class=\"elementor-cta__bg elementor-bg\" style=\"background-image: url(https:\/\/freedomestate.com.tr\/pl\/wp-content\/uploads\/2024\/01\/services.jpg);\" role=\"img\" aria-label=\"Service cubes over white background\"><\/div>\n\t\t\t\t<div class=\"elementor-cta__bg-overlay\"><\/div>\n\t\t\t<\/div>\n\t\t\t\t\t\t\t<div class=\"elementor-cta__content\">\n\t\t\t\t\n\t\t\t\t\t\t\t\t\t<h2 class=\"elementor-cta__title elementor-cta__content-item elementor-content-item elementor-animated-item--grow\">\n\t\t\t\t\t\tNASZE US\u0141UGI\t\t\t\t\t<\/h2>\n\t\t\t\t\n\t\t\t\t\n\t\t\t\t\t\t\t<\/div>\n\t\t\t\t\t\t<\/div>\n\t\t\t\t<\/div>\n\t\t\t\t<\/div>\n\t\t\t\t<div class=\"elementor-element elementor-element-66fbacb6 elementor-cta--skin-cover elementor-cta--valign-top elementor-animated-content elementor-bg-transform elementor-bg-transform-zoom-in elementor-widget elementor-widget-call-to-action\" data-id=\"66fbacb6\" data-element_type=\"widget\" data-widget_type=\"call-to-action.default\">\n\t\t\t\t<div class=\"elementor-widget-container\">\n\t\t\t\t\t<div class=\"elementor-cta\">\n\t\t\t\t\t<div class=\"elementor-cta__bg-wrapper\">\n\t\t\t\t<div class=\"elementor-cta__bg elementor-bg\" style=\"background-image: url(https:\/\/freedomestate.com.tr\/pl\/wp-content\/uploads\/2024\/01\/service-fees.jpg);\" role=\"img\" aria-label=\"Japanese woman keeping household accounts\"><\/div>\n\t\t\t\t<div class=\"elementor-cta__bg-overlay\"><\/div>\n\t\t\t<\/div>\n\t\t\t\t\t\t\t<div class=\"elementor-cta__content\">\n\t\t\t\t\n\t\t\t\t\t\t\t\t\t<h2 class=\"elementor-cta__title elementor-cta__content-item elementor-content-item elementor-animated-item--grow\">\n\t\t\t\t\t\tPROWIZJE I OP\u0141ATY ZA US\u0141UGI\t\t\t\t\t<\/h2>\n\t\t\t\t\n\t\t\t\t\n\t\t\t\t\t\t\t<\/div>\n\t\t\t\t\t\t<\/div>\n\t\t\t\t<\/div>\n\t\t\t\t<\/div>\n\t\t\t\t<\/div>\n\t\t<div class=\"elementor-element elementor-element-e54566e e-con-full e-flex e-con e-child\" data-id=\"e54566e\" data-element_type=\"container\">\n\t\t\t\t<div class=\"elementor-element elementor-element-7ab1b509 elementor-cta--skin-cover elementor-cta--valign-top elementor-animated-content elementor-bg-transform elementor-bg-transform-zoom-in elementor-widget elementor-widget-call-to-action\" data-id=\"7ab1b509\" data-element_type=\"widget\" data-widget_type=\"call-to-action.default\">\n\t\t\t\t<div class=\"elementor-widget-container\">\n\t\t\t\t\t<div class=\"elementor-cta\">\n\t\t\t\t\t<div class=\"elementor-cta__bg-wrapper\">\n\t\t\t\t<div class=\"elementor-cta__bg elementor-bg\" style=\"background-image: url(https:\/\/freedomestate.com.tr\/pl\/wp-content\/uploads\/2024\/01\/before-after-services.jpg);\" role=\"img\" aria-label=\"Shopping online concept - Shopping service on The online web. with payment by credit card and offers home delivery. parcel or Paper cartons with a shopping cart on a laptop keyboard\"><\/div>\n\t\t\t\t<div class=\"elementor-cta__bg-overlay\"><\/div>\n\t\t\t<\/div>\n\t\t\t\t\t\t\t<div class=\"elementor-cta__content\">\n\t\t\t\t\n\t\t\t\t\t\t\t\t\t<h2 class=\"elementor-cta__title elementor-cta__content-item elementor-content-item elementor-animated-item--grow\">\n\t\t\t\t\t\tUS\u0141UGI PRZEDSPRZEDA\u017bOWE I POSPRZEDA\u017bOWE\t\t\t\t\t<\/h2>\n\t\t\t\t\n\t\t\t\t\n\t\t\t\t\t\t\t<\/div>\n\t\t\t\t\t\t<\/div>\n\t\t\t\t<\/div>\n\t\t\t\t<\/div>\n\t\t\t\t<div class=\"elementor-element elementor-element-be54471 elementor-cta--skin-cover elementor-cta--valign-top elementor-animated-content elementor-bg-transform elementor-bg-transform-zoom-in elementor-widget elementor-widget-call-to-action\" data-id=\"be54471\" data-element_type=\"widget\" data-widget_type=\"call-to-action.default\">\n\t\t\t\t<div class=\"elementor-widget-container\">\n\t\t\t\t\t<div class=\"elementor-cta\">\n\t\t\t\t\t<div class=\"elementor-cta__bg-wrapper\">\n\t\t\t\t<div class=\"elementor-cta__bg elementor-bg\" style=\"background-image: url(https:\/\/freedomestate.com.tr\/pl\/wp-content\/uploads\/2024\/01\/consultancy.jpg);\" role=\"img\" aria-label=\"consultancy\"><\/div>\n\t\t\t\t<div class=\"elementor-cta__bg-overlay\"><\/div>\n\t\t\t<\/div>\n\t\t\t\t\t\t\t<div class=\"elementor-cta__content\">\n\t\t\t\t\n\t\t\t\t\t\t\t\t\t<h2 class=\"elementor-cta__title elementor-cta__content-item elementor-content-item elementor-animated-item--grow\">\n\t\t\t\t\t\tDORADZTWO\t\t\t\t\t<\/h2>\n\t\t\t\t\n\t\t\t\t\n\t\t\t\t\t\t\t<\/div>\n\t\t\t\t\t\t<\/div>\n\t\t\t\t<\/div>\n\t\t\t\t<\/div>\n\t\t\t\t<\/div>\n\t\t<div class=\"elementor-element elementor-element-1bab7303 e-con-full e-flex e-con e-child\" data-id=\"1bab7303\" data-element_type=\"container\">\n\t\t\t\t<div class=\"elementor-element elementor-element-7ebf3573 elementor-cta--skin-cover elementor-cta--valign-top elementor-animated-content elementor-bg-transform elementor-bg-transform-zoom-in elementor-widget elementor-widget-call-to-action\" data-id=\"7ebf3573\" data-element_type=\"widget\" data-widget_type=\"call-to-action.default\">\n\t\t\t\t<div class=\"elementor-widget-container\">\n\t\t\t\t\t<div class=\"elementor-cta\">\n\t\t\t\t\t<div class=\"elementor-cta__bg-wrapper\">\n\t\t\t\t<div class=\"elementor-cta__bg elementor-bg\" style=\"background-image: url(https:\/\/freedomestate.com.tr\/pl\/wp-content\/uploads\/2024\/01\/property-management.jpg);\" role=\"img\" aria-label=\"property management agreement\"><\/div>\n\t\t\t\t<div class=\"elementor-cta__bg-overlay\"><\/div>\n\t\t\t<\/div>\n\t\t\t\t\t\t\t<div class=\"elementor-cta__content\">\n\t\t\t\t\n\t\t\t\t\t\t\t\t\t<h2 class=\"elementor-cta__title elementor-cta__content-item elementor-content-item elementor-animated-item--grow\">\n\t\t\t\t\t\tUS\u0141UGI ZARZ\u0104DZANIA NIERUCHOMO\u015aCIAMI\t\t\t\t\t<\/h2>\n\t\t\t\t\n\t\t\t\t\n\t\t\t\t\t\t\t<\/div>\n\t\t\t\t\t\t<\/div>\n\t\t\t\t<\/div>\n\t\t\t\t<\/div>\n\t\t\t\t<div class=\"elementor-element elementor-element-3cea4d81 elementor-cta--skin-cover elementor-cta--valign-top elementor-animated-content elementor-bg-transform elementor-bg-transform-zoom-in elementor-widget elementor-widget-call-to-action\" data-id=\"3cea4d81\" data-element_type=\"widget\" data-widget_type=\"call-to-action.default\">\n\t\t\t\t<div class=\"elementor-widget-container\">\n\t\t\t\t\t<div class=\"elementor-cta\">\n\t\t\t\t\t<div class=\"elementor-cta__bg-wrapper\">\n\t\t\t\t<div class=\"elementor-cta__bg elementor-bg\" style=\"background-image: url(https:\/\/freedomestate.com.tr\/pl\/wp-content\/uploads\/2024\/01\/purchase-expanses.jpg);\" role=\"img\" aria-label=\"Mortgage concept. Model of a wooden house with financial savings. house purchase and expenses\"><\/div>\n\t\t\t\t<div class=\"elementor-cta__bg-overlay\"><\/div>\n\t\t\t<\/div>\n\t\t\t\t\t\t\t<div class=\"elementor-cta__content\">\n\t\t\t\t\n\t\t\t\t\t\t\t\t\t<h2 class=\"elementor-cta__title elementor-cta__content-item elementor-content-item elementor-animated-item--grow\">\n\t\t\t\t\t\tKOSZTY ZAKUPU\t\t\t\t\t<\/h2>\n\t\t\t\t\n\t\t\t\t\n\t\t\t\t\t\t\t<\/div>\n\t\t\t\t\t\t<\/div>\n\t\t\t\t<\/div>\n\t\t\t\t<\/div>\n\t\t\t\t<\/div>\n\t\t\t\t\t<\/div>\n\t\t\t\t<\/div>\n\t\t\t\t<\/div>\n\t\t","protected":false},"excerpt":{"rendered":"<p>Prowizje od nieruchomo\u015bci i op\u0142aty za us\u0142ugi : Real Estate Agency Commission Regulations: Zgodnie z art. 20 rozporz\u0105dzenia w sprawie obrotu nieruchomo\u015bciami, op\u0142ata za obs\u0142ug\u0119 lub stawka prowizji w transakcjach dotycz\u0105cych nieruchomo\u015bci komercyjnych nie mo\u017ce przekracza\u0107 czterech (4%) procent ceny sprzeda\u017cy w umowie po\u015brednictwa, bez podatku VAT. W transakcjach najmu op\u0142ata za us\u0142ug\u0119 nie mo\u017ce [&hellip;]<\/p>\n","protected":false},"author":1,"featured_media":0,"parent":0,"menu_order":0,"comment_status":"closed","ping_status":"closed","template":"","meta":{"footnotes":""},"class_list":["post-19029","page","type-page","status-publish","hentry"],"_links":{"self":[{"href":"https:\/\/freedomestate.com.tr\/pl\/wp-json\/wp\/v2\/pages\/19029","targetHints":{"allow":["GET"]}}],"collection":[{"href":"https:\/\/freedomestate.com.tr\/pl\/wp-json\/wp\/v2\/pages"}],"about":[{"href":"https:\/\/freedomestate.com.tr\/pl\/wp-json\/wp\/v2\/types\/page"}],"author":[{"embeddable":true,"href":"https:\/\/freedomestate.com.tr\/pl\/wp-json\/wp\/v2\/users\/1"}],"replies":[{"embeddable":true,"href":"https:\/\/freedomestate.com.tr\/pl\/wp-json\/wp\/v2\/comments?post=19029"}],"version-history":[{"count":11,"href":"https:\/\/freedomestate.com.tr\/pl\/wp-json\/wp\/v2\/pages\/19029\/revisions"}],"predecessor-version":[{"id":19454,"href":"https:\/\/freedomestate.com.tr\/pl\/wp-json\/wp\/v2\/pages\/19029\/revisions\/19454"}],"wp:attachment":[{"href":"https:\/\/freedomestate.com.tr\/pl\/wp-json\/wp\/v2\/media?parent=19029"}],"curies":[{"name":"wp","href":"https:\/\/api.w.org\/{rel}","templated":true}]}}