{"id":18995,"date":"2024-01-26T05:54:59","date_gmt":"2024-01-26T02:54:59","guid":{"rendered":"https:\/\/freedomestate.com.tr\/?page_id=18995"},"modified":"2024-04-09T04:22:48","modified_gmt":"2024-04-09T01:22:48","slug":"uslugi-przedsprzedazowe-i-posprzedazowe","status":"publish","type":"page","link":"https:\/\/freedomestate.com.tr\/pl\/uslugi-przedsprzedazowe-i-posprzedazowe\/","title":{"rendered":"Us\u0142ugi przedsprzeda\u017cowe i posprzeda\u017cowe"},"content":{"rendered":"\t\t<div data-elementor-type=\"wp-page\" data-elementor-id=\"18995\" class=\"elementor elementor-18995\" data-elementor-post-type=\"page\">\n\t\t\t\t<div class=\"elementor-element elementor-element-0f2aba8 e-flex e-con-boxed e-con e-parent\" data-id=\"0f2aba8\" data-element_type=\"container\" data-core-v316-plus=\"true\">\n\t\t\t\t\t<div class=\"e-con-inner\">\n\t\t\t\t<div class=\"elementor-element elementor-element-31a7c61 elementor-widget elementor-widget-heading\" data-id=\"31a7c61\" data-element_type=\"widget\" data-widget_type=\"heading.default\">\n\t\t\t\t<div class=\"elementor-widget-container\">\n\t\t\t<style>\/*! elementor - v3.20.0 - 13-03-2024 *\/\n.elementor-heading-title{padding:0;margin:0;line-height:1}.elementor-widget-heading .elementor-heading-title[class*=elementor-size-]>a{color:inherit;font-size:inherit;line-height:inherit}.elementor-widget-heading .elementor-heading-title.elementor-size-small{font-size:15px}.elementor-widget-heading .elementor-heading-title.elementor-size-medium{font-size:19px}.elementor-widget-heading .elementor-heading-title.elementor-size-large{font-size:29px}.elementor-widget-heading .elementor-heading-title.elementor-size-xl{font-size:39px}.elementor-widget-heading .elementor-heading-title.elementor-size-xxl{font-size:59px}<\/style><h2 class=\"elementor-heading-title elementor-size-default\">Us\u0142ugi przedsprzeda\u017cowe<\/h2>\t\t<\/div>\n\t\t\t\t<\/div>\n\t\t\t\t\t<\/div>\n\t\t\t\t<\/div>\n\t\t<div class=\"elementor-element elementor-element-b590b21 e-flex e-con-boxed e-con e-parent\" data-id=\"b590b21\" data-element_type=\"container\" data-core-v316-plus=\"true\">\n\t\t\t\t\t<div class=\"e-con-inner\">\n\t\t\t\t<div class=\"elementor-element elementor-element-79e6a07 elementor-widget elementor-widget-text-editor\" data-id=\"79e6a07\" data-element_type=\"widget\" data-widget_type=\"text-editor.default\">\n\t\t\t\t<div class=\"elementor-widget-container\">\n\t\t\t<style>\/*! elementor - v3.20.0 - 13-03-2024 *\/\n.elementor-widget-text-editor.elementor-drop-cap-view-stacked .elementor-drop-cap{background-color:#69727d;color:#fff}.elementor-widget-text-editor.elementor-drop-cap-view-framed .elementor-drop-cap{color:#69727d;border:3px solid;background-color:transparent}.elementor-widget-text-editor:not(.elementor-drop-cap-view-default) .elementor-drop-cap{margin-top:8px}.elementor-widget-text-editor:not(.elementor-drop-cap-view-default) .elementor-drop-cap-letter{width:1em;height:1em}.elementor-widget-text-editor .elementor-drop-cap{float:left;text-align:center;line-height:1;font-size:50px}.elementor-widget-text-editor .elementor-drop-cap-letter{display:inline-block}<\/style>\t\t\t\t<h4><strong>Us\u0142ugi przedsprzeda\u017cowe oferowane przez Ideal Estates;<\/strong><\/h4><h6><strong>Organizowanie wycieczek inspekcyjnych w celu znalezienia wymarzonej nieruchomo\u015bci<\/strong><\/h6><ul><li>Je\u015bli chcesz zobaczy\u0107 i kupi\u0107 kt\u00f3r\u0105kolwiek z naszych nieruchomo\u015bci, mo\u017cemy zorganizowa\u0107 indywidualne ogl\u0105danie nieruchomo\u015bci.<\/li><\/ul><h6><strong>Przedstawienie najlepszych nieruchomo\u015bci i warto\u015bciowych opcji dla Ciebie<\/strong><\/h6><ul><li>Mamy r\u00f3\u017cne alternatywne nieruchomo\u015bci dostosowane do Twojego bud\u017cetu i potrzeb, a Ty mo\u017cesz wybiera\u0107 spo\u015br\u00f3d dowolnych nieruchomo\u015bci, kt\u00f3re mamy w naszym portfolio. Nie chodzi tylko o znalezienie nieruchomo\u015bci, ale tak\u017ce o dopasowanie TWOJEJ idealnej nieruchomo\u015bci.<\/li><li>Skontaktuj si\u0119 z naszymi wysoko wykwalifikowanymi specjalistami, aby uzyska\u0107 dodatkowe wskaz\u00f3wki, je\u015bli nie jeste\u015b zadowolony z opcji na naszej stronie internetowej. Nie mog\u0142e\u015b by\u0107 w lepszych r\u0119kach!<\/li><\/ul><h6><strong>Szczeg\u00f3\u0142owe wyja\u015bnienie procesu zakupu<\/strong><\/h6><ul><li>Zanim kupisz lub skorzystasz z kt\u00f3rejkolwiek z naszych opcji, dok\u0142adnie wyja\u015bnimy wszystko, co musisz wiedzie\u0107.<\/li><li>Zach\u0119camy do zadawania pyta\u0144 lub zg\u0142aszania wszelkich w\u0105tpliwo\u015bci dotycz\u0105cych nieruchomo\u015bci lub legalnych procedur zakupu.<\/li><\/ul><h6>Szczeg\u00f3\u0142owe wyja\u015bnienie koszt\u00f3w zakupu<\/h6><ul><li>Obliczamy i informujemy o wszystkich szczeg\u00f3\u0142ach koszt\u00f3w zakupu przed podj\u0119ciem decyzji o zakupie jakiejkolwiek nieruchomo\u015bci.<\/li><\/ul><h6><strong>Szczeg\u00f3\u0142owe wyja\u015bnienie podatk\u00f3w od nieruchomo\u015bci<\/strong><\/h6><ul><li>Pomagamy w obliczaniu wszelkiego rodzaju kwestii zwi\u0105zanych z podatkiem od nieruchomo\u015bci przed zakupem.<\/li><\/ul><h6>Na \u017cyczenie b\u0119dziemy r\u00f3wnie\u017c towarzyszy\u0107 ci w ka\u017cdym banku w Turcji, aby pom\u00f3c w uzyskaniu kredytu hipotecznego<\/h6><ul><li>Je\u015bli potrzebujesz kredytu mieszkaniowego na zakup nieruchomo\u015bci, mo\u017cemy towarzyszy\u0107 Ci w kilku bankach, aby uzyska\u0107 wszystkie niezb\u0119dne informacje.<\/li><li>Mo\u017cesz wybra\u0107 dowolny bank, kt\u00f3ry oferuje najlepsze warunki po\u017cyczki.<\/li><\/ul><h6><strong>Przygotowanie wszystkich dokument\u00f3w niezb\u0119dnych do zawarcia umowy sprzeda\u017cy<\/strong><\/h6><ul><li>Przygotowanie niezb\u0119dnej dokumentacji i pozwole\u0144 dla nieruchomo\u015bci przed zakupem.<\/li><li>Organizowanie niezb\u0119dnej dokumentacji zar\u00f3wno dla Sprzedaj\u0105cego, jak i Kupuj\u0105cego.<\/li><li>Przygotowanie umowy sprzeda\u017cy do wykonania mi\u0119dzy sprzedaj\u0105cym a kupuj\u0105cym.<\/li><li>Je\u015bli umowa i uzgodnione warunki nie zosta\u0142y jeszcze przygotowane, prawnik lub agent nieruchomo\u015bci sporz\u0105dzi umow\u0119 kupna-sprzeda\u017cy, aby spe\u0142ni\u0107 oczekiwania wszystkich stron, legalizuj\u0105c ich \u017c\u0105dania.<\/li><li>Po sporz\u0105dzeniu pisemnej umowy, prawnik lub agent nieruchomo\u015bci sprawdza umow\u0119, aby upewni\u0107 si\u0119, \u017ce nie narusza ona praw kupuj\u0105cego lub sprzedaj\u0105cego i \u017ce jest w pe\u0142ni zgodna z prawem.<\/li><\/ul><h6><strong>Na \u017cyczenie zorganizujemy spotkanie z prawnikiem<\/strong><\/h6><ul><li>Zgodnie z tureckim prawem prywatnym, podczas podpisywania umowy sprzeda\u017cy, IDEAL Estates mo\u017ce zorganizowa\u0107 to dla Ciebie, je\u015bli Kupuj\u0105cy lub Sprzedaj\u0105cy za\u017c\u0105da obecno\u015bci prawnika w celu uzyskania porady prawnej.<\/li><li>Mo\u017cesz zasi\u0119gn\u0105\u0107 porady dowolnego prawnika, kt\u00f3ry daje Ci najwi\u0119ksze zaufanie.<\/li><\/ul><h6><strong>Pomoc w uzyskaniu numeru identyfikacji podatkowej<\/strong><\/h6><ul><li>Pomagamy przygotowa\u0107 dokumenty niezb\u0119dne do uzyskania numeru identyfikacji podatkowej w Turcji.<\/li><\/ul><h6><strong>Pomoc w otwarciu konta bankowego<\/strong><\/h6><ul><li>Pomagamy przygotowa\u0107 dokumenty niezb\u0119dne do otwarcia rachunku bankowego.<\/li><\/ul>\t\t\t\t\t\t<\/div>\n\t\t\t\t<\/div>\n\t\t\t\t<div class=\"elementor-element elementor-element-110efdb elementor-widget elementor-widget-text-editor\" data-id=\"110efdb\" data-element_type=\"widget\" data-widget_type=\"text-editor.default\">\n\t\t\t\t<div class=\"elementor-widget-container\">\n\t\t\t\t\t\t\t<h6><strong><em>Don\u2019t hesitate to contact one of our Realtors on our webpage for further details on our Pre-Sales Services.<\/em><\/strong><\/h6>\t\t\t\t\t\t<\/div>\n\t\t\t\t<\/div>\n\t\t\t\t<div class=\"elementor-element elementor-element-4f9f0ce elementor-widget elementor-widget-heading\" data-id=\"4f9f0ce\" data-element_type=\"widget\" data-widget_type=\"heading.default\">\n\t\t\t\t<div class=\"elementor-widget-container\">\n\t\t\t<h2 class=\"elementor-heading-title elementor-size-default\">\nAfter-Sales Services\n<\/h2>\t\t<\/div>\n\t\t\t\t<\/div>\n\t\t\t\t<div class=\"elementor-element elementor-element-9e8a533 elementor-widget elementor-widget-text-editor\" data-id=\"9e8a533\" data-element_type=\"widget\" data-widget_type=\"text-editor.default\">\n\t\t\t\t<div class=\"elementor-widget-container\">\n\t\t\t\t\t\t\t<h4>After-Sales Services That Ideal Estates Offers;<\/h4><h6><strong>Assistance in registering your Title Deed<\/strong><\/h6><ul><li>Helping you to get an appointment from the Land Registry office to apply for title deed registration.<\/li><li>Preparing necessary documents for the property from both the buyer and seller.<\/li><li>Arranging a sworn interpreter if any party does not speak Turkish.<\/li><li>Assisting you in getting the real estate valuation report by SPK validated expert.\u00a0<\/li><li>Obtaining \u201cReal Estates Current Market Value\u201d issued by the relevant municipality.<\/li><li>Organizing Earthquake Insurance (DASK)<\/li><\/ul><h6><strong>Registration of the property under your name at the municipality<\/strong><\/h6><ul><li>We assist you in registering with the local municipality to pay yearly property tax.<\/li><\/ul><h6><strong>Assisting you to register for subscriptions such as:<\/strong><\/h6><ul><li>Electricity, Water, Telephone\/WiFi, if required.<\/li><\/ul><h6><strong>Assisting you with automatic payment transfers from your bank account.<\/strong><\/h6><ul><li>After registering for the electricity and water subscriptions, you can set up automatic fund transfers from your bank directly to the supplier, thus eliminating keeping track of monthly bills and missing payments.<\/li><\/ul><h6><strong>Helping you with your home furnishing and decorations<\/strong><\/h6><ul><li>Assisting or recommending quality and service-guaranteed furniture stores and homeware shops with reasonable prices.<\/li><li>We offer furniture packages depending on your budget and property size. You will find these carefully selected furniture packages prepared by interior designers to be the perfect furniture solution for your property. Whether you buy your property to rent or live full-time, our furniture packages will meet your needs.<\/li><\/ul><h6><strong>Where to buy quality furniture and durable products<\/strong><\/h6><p>Bringing your furniture to Turkey is optional. You\u2019ll find thousands of good options at affordable prices, from local authentic to international style furniture. To learn about furniture options available for the current year in Turkey, please search \u201cfurniture\u201d or \u201cfurniture Turkey\u201d in your browser. Some of the largest furniture companies and furniture manufacturing companies whose web pages are in English are:<\/p><p><a href=\"http:\/\/www.istikbal.com.tr\/sourcedesign\/ISTIKBAL.asp?web_id=istikbal&amp;sayfa_id=istikbal.eng_anasayfa\">www.istikbal.com.tr<\/a><\/p><p><a href=\"http:\/\/www.kelebek.com.tr\/en\/default2.asp\">kelebek.com.tr<\/a><\/p><p><a href=\"http:\/\/www.albimo.com.tr\">www.albimo.com.tr<\/a><\/p><p>You can also see many retail stores and furniture showrooms across Turkey.<\/p><p>Refrigerator, washer\/dryer, TV, oven, DVD\/CD player\/printer, computer, etc. You can buy durable technological household items produced to high standards at very affordable prices. Please look at the English websites below to view the products of some of the largest Turkish durable technology manufacturers. You can also find dozens of retail stores in Alanya where these products are sold.<\/p><p><a href=\"http:\/\/www.arcelik.com.tr\/english\/\">www.arcelik.com.tr<\/a><\/p><p><a href=\"http:\/\/www.beko.com\">www.beko.com<\/a><\/p><p><a href=\"https:\/\/new.siemens.com\/tr\/tr.html\">Siemens.com.tr<\/a><\/p><h6><strong>Assisting you with property insurance\u00a0<\/strong><\/h6><ul><li>If requested, we can also assist you with your home insurance<\/li><li>Insurance coverages such as Home Insurance, Third Party Liability, Motor vehicle, and any other necessary coverages can be provided by IDEAL Estates.<\/li><\/ul><h6><strong><em>Don\u2019t hesitate to contact one of our Realtors on our webpage for further details.<\/em><\/strong><\/h6>\t\t\t\t\t\t<\/div>\n\t\t\t\t<\/div>\n\t\t\t\t\t<\/div>\n\t\t\t\t<\/div>\n\t\t<div class=\"elementor-element elementor-element-397a8cd3 e-flex e-con-boxed e-con e-parent\" data-id=\"397a8cd3\" data-element_type=\"container\" data-core-v316-plus=\"true\">\n\t\t\t\t\t<div class=\"e-con-inner\">\n\t\t\t\t<div class=\"elementor-element elementor-element-273b4744 elementor-widget-divider--view-line elementor-widget elementor-widget-divider\" data-id=\"273b4744\" data-element_type=\"widget\" data-widget_type=\"divider.default\">\n\t\t\t\t<div class=\"elementor-widget-container\">\n\t\t\t<style>\/*! elementor - v3.20.0 - 13-03-2024 *\/\n.elementor-widget-divider{--divider-border-style:none;--divider-border-width:1px;--divider-color:#0c0d0e;--divider-icon-size:20px;--divider-element-spacing:10px;--divider-pattern-height:24px;--divider-pattern-size:20px;--divider-pattern-url:none;--divider-pattern-repeat:repeat-x}.elementor-widget-divider .elementor-divider{display:flex}.elementor-widget-divider .elementor-divider__text{font-size:15px;line-height:1;max-width:95%}.elementor-widget-divider .elementor-divider__element{margin:0 var(--divider-element-spacing);flex-shrink:0}.elementor-widget-divider .elementor-icon{font-size:var(--divider-icon-size)}.elementor-widget-divider .elementor-divider-separator{display:flex;margin:0;direction:ltr}.elementor-widget-divider--view-line_icon .elementor-divider-separator,.elementor-widget-divider--view-line_text .elementor-divider-separator{align-items:center}.elementor-widget-divider--view-line_icon .elementor-divider-separator:after,.elementor-widget-divider--view-line_icon .elementor-divider-separator:before,.elementor-widget-divider--view-line_text .elementor-divider-separator:after,.elementor-widget-divider--view-line_text .elementor-divider-separator:before{display:block;content:\"\";border-block-end:0;flex-grow:1;border-block-start:var(--divider-border-width) var(--divider-border-style) var(--divider-color)}.elementor-widget-divider--element-align-left .elementor-divider .elementor-divider-separator>.elementor-divider__svg:first-of-type{flex-grow:0;flex-shrink:100}.elementor-widget-divider--element-align-left .elementor-divider-separator:before{content:none}.elementor-widget-divider--element-align-left .elementor-divider__element{margin-left:0}.elementor-widget-divider--element-align-right .elementor-divider .elementor-divider-separator>.elementor-divider__svg:last-of-type{flex-grow:0;flex-shrink:100}.elementor-widget-divider--element-align-right .elementor-divider-separator:after{content:none}.elementor-widget-divider--element-align-right .elementor-divider__element{margin-right:0}.elementor-widget-divider--element-align-start .elementor-divider .elementor-divider-separator>.elementor-divider__svg:first-of-type{flex-grow:0;flex-shrink:100}.elementor-widget-divider--element-align-start .elementor-divider-separator:before{content:none}.elementor-widget-divider--element-align-start .elementor-divider__element{margin-inline-start:0}.elementor-widget-divider--element-align-end .elementor-divider .elementor-divider-separator>.elementor-divider__svg:last-of-type{flex-grow:0;flex-shrink:100}.elementor-widget-divider--element-align-end .elementor-divider-separator:after{content:none}.elementor-widget-divider--element-align-end .elementor-divider__element{margin-inline-end:0}.elementor-widget-divider:not(.elementor-widget-divider--view-line_text):not(.elementor-widget-divider--view-line_icon) .elementor-divider-separator{border-block-start:var(--divider-border-width) var(--divider-border-style) var(--divider-color)}.elementor-widget-divider--separator-type-pattern{--divider-border-style:none}.elementor-widget-divider--separator-type-pattern.elementor-widget-divider--view-line .elementor-divider-separator,.elementor-widget-divider--separator-type-pattern:not(.elementor-widget-divider--view-line) .elementor-divider-separator:after,.elementor-widget-divider--separator-type-pattern:not(.elementor-widget-divider--view-line) .elementor-divider-separator:before,.elementor-widget-divider--separator-type-pattern:not([class*=elementor-widget-divider--view]) .elementor-divider-separator{width:100%;min-height:var(--divider-pattern-height);-webkit-mask-size:var(--divider-pattern-size) 100%;mask-size:var(--divider-pattern-size) 100%;-webkit-mask-repeat:var(--divider-pattern-repeat);mask-repeat:var(--divider-pattern-repeat);background-color:var(--divider-color);-webkit-mask-image:var(--divider-pattern-url);mask-image:var(--divider-pattern-url)}.elementor-widget-divider--no-spacing{--divider-pattern-size:auto}.elementor-widget-divider--bg-round{--divider-pattern-repeat:round}.rtl .elementor-widget-divider .elementor-divider__text{direction:rtl}.e-con-inner>.elementor-widget-divider,.e-con>.elementor-widget-divider{width:var(--container-widget-width,100%);--flex-grow:var(--container-widget-flex-grow)}<\/style>\t\t<div class=\"elementor-divider\">\n\t\t\t<span class=\"elementor-divider-separator\">\n\t\t\t\t\t\t<\/span>\n\t\t<\/div>\n\t\t\t\t<\/div>\n\t\t\t\t<\/div>\n\t\t\t\t\t<\/div>\n\t\t\t\t<\/div>\n\t\t<div class=\"elementor-element elementor-element-39412a77 e-flex e-con-boxed e-con e-parent\" data-id=\"39412a77\" data-element_type=\"container\" data-core-v316-plus=\"true\">\n\t\t\t\t\t<div class=\"e-con-inner\">\n\t\t<div class=\"elementor-element elementor-element-68b8c4ab e-con-full e-flex e-con e-child\" data-id=\"68b8c4ab\" data-element_type=\"container\">\n\t\t\t\t<div class=\"elementor-element elementor-element-70867bca elementor-cta--skin-cover elementor-cta--valign-top elementor-animated-content elementor-bg-transform elementor-bg-transform-zoom-in elementor-widget elementor-widget-call-to-action\" data-id=\"70867bca\" data-element_type=\"widget\" data-widget_type=\"call-to-action.default\">\n\t\t\t\t<div class=\"elementor-widget-container\">\n\t\t\t<link rel=\"stylesheet\" href=\"https:\/\/freedomestate.com.tr\/pl\/wp-content\/plugins\/elementor-pro\/assets\/css\/widget-call-to-action.min.css\">\t\t<div class=\"elementor-cta\">\n\t\t\t\t\t<div class=\"elementor-cta__bg-wrapper\">\n\t\t\t\t<div class=\"elementor-cta__bg elementor-bg\" style=\"background-image: url(https:\/\/freedomestate.com.tr\/pl\/wp-content\/uploads\/2024\/01\/services.jpg);\" role=\"img\" aria-label=\"Service cubes over white background\"><\/div>\n\t\t\t\t<div class=\"elementor-cta__bg-overlay\"><\/div>\n\t\t\t<\/div>\n\t\t\t\t\t\t\t<div class=\"elementor-cta__content\">\n\t\t\t\t\n\t\t\t\t\t\t\t\t\t<h2 class=\"elementor-cta__title elementor-cta__content-item elementor-content-item elementor-animated-item--grow\">\n\t\t\t\t\t\t OUR SERVICES\t\t\t\t\t<\/h2>\n\t\t\t\t\n\t\t\t\t\n\t\t\t\t\t\t\t<\/div>\n\t\t\t\t\t\t<\/div>\n\t\t\t\t<\/div>\n\t\t\t\t<\/div>\n\t\t\t\t<div class=\"elementor-element elementor-element-50d6f6d7 elementor-cta--skin-cover elementor-cta--valign-top elementor-animated-content elementor-bg-transform elementor-bg-transform-zoom-in elementor-widget elementor-widget-call-to-action\" data-id=\"50d6f6d7\" data-element_type=\"widget\" data-widget_type=\"call-to-action.default\">\n\t\t\t\t<div class=\"elementor-widget-container\">\n\t\t\t\t\t<div class=\"elementor-cta\">\n\t\t\t\t\t<div class=\"elementor-cta__bg-wrapper\">\n\t\t\t\t<div class=\"elementor-cta__bg elementor-bg\" style=\"background-image: url(https:\/\/freedomestate.com.tr\/pl\/wp-content\/uploads\/2024\/01\/service-fees.jpg);\" role=\"img\" aria-label=\"Japanese woman keeping household accounts\"><\/div>\n\t\t\t\t<div class=\"elementor-cta__bg-overlay\"><\/div>\n\t\t\t<\/div>\n\t\t\t\t\t\t\t<div class=\"elementor-cta__content\">\n\t\t\t\t\n\t\t\t\t\t\t\t\t\t<h2 class=\"elementor-cta__title elementor-cta__content-item elementor-content-item elementor-animated-item--grow\">\n\t\t\t\t\t\tCOMMISSIONS & SERVICE FEES \t\t\t\t\t<\/h2>\n\t\t\t\t\n\t\t\t\t\n\t\t\t\t\t\t\t<\/div>\n\t\t\t\t\t\t<\/div>\n\t\t\t\t<\/div>\n\t\t\t\t<\/div>\n\t\t\t\t<\/div>\n\t\t<div class=\"elementor-element elementor-element-7137689f e-con-full e-flex e-con e-child\" data-id=\"7137689f\" data-element_type=\"container\">\n\t\t\t\t<div class=\"elementor-element elementor-element-6f3ec7bf elementor-cta--skin-cover elementor-cta--valign-top elementor-animated-content elementor-bg-transform elementor-bg-transform-zoom-in elementor-widget elementor-widget-call-to-action\" data-id=\"6f3ec7bf\" data-element_type=\"widget\" data-widget_type=\"call-to-action.default\">\n\t\t\t\t<div class=\"elementor-widget-container\">\n\t\t\t\t\t<div class=\"elementor-cta\">\n\t\t\t\t\t<div class=\"elementor-cta__bg-wrapper\">\n\t\t\t\t<div class=\"elementor-cta__bg elementor-bg\" style=\"background-image: url(https:\/\/freedomestate.com.tr\/pl\/wp-content\/uploads\/2024\/01\/before-after-services.jpg);\" role=\"img\" aria-label=\"Shopping online concept - Shopping service on The online web. with payment by credit card and offers home delivery. parcel or Paper cartons with a shopping cart on a laptop keyboard\"><\/div>\n\t\t\t\t<div class=\"elementor-cta__bg-overlay\"><\/div>\n\t\t\t<\/div>\n\t\t\t\t\t\t\t<div class=\"elementor-cta__content\">\n\t\t\t\t\n\t\t\t\t\t\t\t\t\t<h2 class=\"elementor-cta__title elementor-cta__content-item elementor-content-item elementor-animated-item--grow\">\n\t\t\t\t\t\tPRE-SALES AND AFTER-SALES SERVICES \t\t\t\t\t<\/h2>\n\t\t\t\t\n\t\t\t\t\n\t\t\t\t\t\t\t<\/div>\n\t\t\t\t\t\t<\/div>\n\t\t\t\t<\/div>\n\t\t\t\t<\/div>\n\t\t\t\t<div class=\"elementor-element elementor-element-1660fb50 elementor-cta--skin-cover elementor-cta--valign-top elementor-animated-content elementor-bg-transform elementor-bg-transform-zoom-in elementor-widget elementor-widget-call-to-action\" data-id=\"1660fb50\" data-element_type=\"widget\" data-widget_type=\"call-to-action.default\">\n\t\t\t\t<div class=\"elementor-widget-container\">\n\t\t\t\t\t<div class=\"elementor-cta\">\n\t\t\t\t\t<div class=\"elementor-cta__bg-wrapper\">\n\t\t\t\t<div class=\"elementor-cta__bg elementor-bg\" style=\"background-image: url(https:\/\/freedomestate.com.tr\/pl\/wp-content\/uploads\/2024\/01\/consultancy.jpg);\" role=\"img\" aria-label=\"consultancy\"><\/div>\n\t\t\t\t<div class=\"elementor-cta__bg-overlay\"><\/div>\n\t\t\t<\/div>\n\t\t\t\t\t\t\t<div class=\"elementor-cta__content\">\n\t\t\t\t\n\t\t\t\t\t\t\t\t\t<h2 class=\"elementor-cta__title elementor-cta__content-item elementor-content-item elementor-animated-item--grow\">\n\t\t\t\t\t\tCONSULTANCY\t\t\t\t\t<\/h2>\n\t\t\t\t\n\t\t\t\t\n\t\t\t\t\t\t\t<\/div>\n\t\t\t\t\t\t<\/div>\n\t\t\t\t<\/div>\n\t\t\t\t<\/div>\n\t\t\t\t<\/div>\n\t\t<div class=\"elementor-element elementor-element-ff93eba e-con-full e-flex e-con e-child\" data-id=\"ff93eba\" data-element_type=\"container\">\n\t\t\t\t<div class=\"elementor-element elementor-element-54f35329 elementor-cta--skin-cover elementor-cta--valign-top elementor-animated-content elementor-bg-transform elementor-bg-transform-zoom-in elementor-widget elementor-widget-call-to-action\" data-id=\"54f35329\" data-element_type=\"widget\" data-widget_type=\"call-to-action.default\">\n\t\t\t\t<div class=\"elementor-widget-container\">\n\t\t\t\t\t<div class=\"elementor-cta\">\n\t\t\t\t\t<div class=\"elementor-cta__bg-wrapper\">\n\t\t\t\t<div class=\"elementor-cta__bg elementor-bg\" style=\"background-image: url(https:\/\/freedomestate.com.tr\/pl\/wp-content\/uploads\/2024\/01\/property-management.jpg);\" role=\"img\" aria-label=\"property management agreement\"><\/div>\n\t\t\t\t<div class=\"elementor-cta__bg-overlay\"><\/div>\n\t\t\t<\/div>\n\t\t\t\t\t\t\t<div class=\"elementor-cta__content\">\n\t\t\t\t\n\t\t\t\t\t\t\t\t\t<h2 class=\"elementor-cta__title elementor-cta__content-item elementor-content-item elementor-animated-item--grow\">\n\t\t\t\t\t\tPROPERTY MANAGEMENT SERVICES\t\t\t\t\t<\/h2>\n\t\t\t\t\n\t\t\t\t\n\t\t\t\t\t\t\t<\/div>\n\t\t\t\t\t\t<\/div>\n\t\t\t\t<\/div>\n\t\t\t\t<\/div>\n\t\t\t\t<div class=\"elementor-element elementor-element-45552895 elementor-cta--skin-cover elementor-cta--valign-top elementor-animated-content elementor-bg-transform elementor-bg-transform-zoom-in elementor-widget elementor-widget-call-to-action\" data-id=\"45552895\" data-element_type=\"widget\" data-widget_type=\"call-to-action.default\">\n\t\t\t\t<div class=\"elementor-widget-container\">\n\t\t\t\t\t<div class=\"elementor-cta\">\n\t\t\t\t\t<div class=\"elementor-cta__bg-wrapper\">\n\t\t\t\t<div class=\"elementor-cta__bg elementor-bg\" style=\"background-image: url(https:\/\/freedomestate.com.tr\/pl\/wp-content\/uploads\/2024\/01\/purchase-expanses.jpg);\" role=\"img\" aria-label=\"Mortgage concept. Model of a wooden house with financial savings. house purchase and expenses\"><\/div>\n\t\t\t\t<div class=\"elementor-cta__bg-overlay\"><\/div>\n\t\t\t<\/div>\n\t\t\t\t\t\t\t<div class=\"elementor-cta__content\">\n\t\t\t\t\n\t\t\t\t\t\t\t\t\t<h2 class=\"elementor-cta__title elementor-cta__content-item elementor-content-item elementor-animated-item--grow\">\n\t\t\t\t\t\tPURCHASE EXPENSES\t\t\t\t\t<\/h2>\n\t\t\t\t\n\t\t\t\t\n\t\t\t\t\t\t\t<\/div>\n\t\t\t\t\t\t<\/div>\n\t\t\t\t<\/div>\n\t\t\t\t<\/div>\n\t\t\t\t<\/div>\n\t\t\t\t\t<\/div>\n\t\t\t\t<\/div>\n\t\t\t\t<\/div>\n\t\t","protected":false},"excerpt":{"rendered":"<p>Us\u0142ugi przedsprzeda\u017cowe Us\u0142ugi przedsprzeda\u017cowe oferowane przez Ideal Estates; Organizowanie wycieczek inspekcyjnych w celu znalezienia wymarzonej nieruchomo\u015bci Je\u015bli chcesz zobaczy\u0107 i kupi\u0107 kt\u00f3r\u0105kolwiek z naszych nieruchomo\u015bci, mo\u017cemy zorganizowa\u0107 indywidualne ogl\u0105danie nieruchomo\u015bci. Przedstawienie najlepszych nieruchomo\u015bci i warto\u015bciowych opcji dla Ciebie Mamy r\u00f3\u017cne alternatywne nieruchomo\u015bci dostosowane do Twojego bud\u017cetu i potrzeb, a Ty mo\u017cesz wybiera\u0107 spo\u015br\u00f3d dowolnych nieruchomo\u015bci, [&hellip;]<\/p>\n","protected":false},"author":1,"featured_media":0,"parent":0,"menu_order":0,"comment_status":"closed","ping_status":"closed","template":"","meta":{"footnotes":""},"class_list":["post-18995","page","type-page","status-publish","hentry"],"_links":{"self":[{"href":"https:\/\/freedomestate.com.tr\/pl\/wp-json\/wp\/v2\/pages\/18995","targetHints":{"allow":["GET"]}}],"collection":[{"href":"https:\/\/freedomestate.com.tr\/pl\/wp-json\/wp\/v2\/pages"}],"about":[{"href":"https:\/\/freedomestate.com.tr\/pl\/wp-json\/wp\/v2\/types\/page"}],"author":[{"embeddable":true,"href":"https:\/\/freedomestate.com.tr\/pl\/wp-json\/wp\/v2\/users\/1"}],"replies":[{"embeddable":true,"href":"https:\/\/freedomestate.com.tr\/pl\/wp-json\/wp\/v2\/comments?post=18995"}],"version-history":[{"count":8,"href":"https:\/\/freedomestate.com.tr\/pl\/wp-json\/wp\/v2\/pages\/18995\/revisions"}],"predecessor-version":[{"id":19452,"href":"https:\/\/freedomestate.com.tr\/pl\/wp-json\/wp\/v2\/pages\/18995\/revisions\/19452"}],"wp:attachment":[{"href":"https:\/\/freedomestate.com.tr\/pl\/wp-json\/wp\/v2\/media?parent=18995"}],"curies":[{"name":"wp","href":"https:\/\/api.w.org\/{rel}","templated":true}]}}