{"id":16650,"date":"2020-02-24T22:15:15","date_gmt":"2020-02-24T22:15:15","guid":{"rendered":"https:\/\/demo29.houzez.co\/?page_id=16650"},"modified":"2024-05-28T17:57:42","modified_gmt":"2024-05-28T14:57:42","slug":"o-nas","status":"publish","type":"page","link":"https:\/\/freedomestate.com.tr\/pl\/o-nas\/","title":{"rendered":"O nas"},"content":{"rendered":"\t\t<div data-elementor-type=\"wp-page\" data-elementor-id=\"16650\" class=\"elementor elementor-16650\" data-elementor-post-type=\"page\">\n\t\t\t\t\t\t<section class=\"elementor-section elementor-top-section elementor-element elementor-element-41104a06 elementor-section-height-min-height elementor-section-stretched elementor-section-boxed elementor-section-height-default elementor-section-items-middle\" data-id=\"41104a06\" data-element_type=\"section\" data-settings=\"{&quot;background_background&quot;:&quot;classic&quot;,&quot;stretch_section&quot;:&quot;section-stretched&quot;}\">\n\t\t\t\t\t\t\t<div class=\"elementor-background-overlay\"><\/div>\n\t\t\t\t\t\t\t<div class=\"elementor-container elementor-column-gap-default\">\n\t\t\t\t\t<div class=\"elementor-column elementor-col-100 elementor-top-column elementor-element elementor-element-142cc2c6\" data-id=\"142cc2c6\" data-element_type=\"column\">\n\t\t\t<div class=\"elementor-widget-wrap elementor-element-populated\">\n\t\t\t\t\t\t<div class=\"elementor-element elementor-element-02c0ae1 elementor-invisible elementor-widget elementor-widget-heading\" data-id=\"02c0ae1\" data-element_type=\"widget\" data-settings=\"{&quot;_animation&quot;:&quot;fadeIn&quot;}\" data-widget_type=\"heading.default\">\n\t\t\t\t<div class=\"elementor-widget-container\">\n\t\t\t<style>\/*! elementor - v3.20.0 - 13-03-2024 *\/\n.elementor-heading-title{padding:0;margin:0;line-height:1}.elementor-widget-heading .elementor-heading-title[class*=elementor-size-]>a{color:inherit;font-size:inherit;line-height:inherit}.elementor-widget-heading .elementor-heading-title.elementor-size-small{font-size:15px}.elementor-widget-heading .elementor-heading-title.elementor-size-medium{font-size:19px}.elementor-widget-heading .elementor-heading-title.elementor-size-large{font-size:29px}.elementor-widget-heading .elementor-heading-title.elementor-size-xl{font-size:39px}.elementor-widget-heading .elementor-heading-title.elementor-size-xxl{font-size:59px}<\/style><h1 class=\"elementor-heading-title elementor-size-default\">About us<\/h1>\t\t<\/div>\n\t\t\t\t<\/div>\n\t\t\t\t<div class=\"elementor-element elementor-element-7f8e168 elementor-invisible elementor-widget elementor-widget-heading\" data-id=\"7f8e168\" data-element_type=\"widget\" data-settings=\"{&quot;_animation&quot;:&quot;fadeIn&quot;,&quot;_animation_delay&quot;:250}\" data-widget_type=\"heading.default\">\n\t\t\t\t<div class=\"elementor-widget-container\">\n\t\t\t<div class=\"elementor-heading-title elementor-size-default\">Dubai \u2022 Abu Dhabi \u2022 Sharjah \u2022 Ajman<\/div>\t\t<\/div>\n\t\t\t\t<\/div>\n\t\t\t\t\t<\/div>\n\t\t<\/div>\n\t\t\t\t\t<\/div>\n\t\t<\/section>\n\t\t\t\t<section class=\"elementor-section elementor-top-section elementor-element elementor-element-73e8b3c elementor-section-boxed elementor-section-height-default elementor-section-height-default\" data-id=\"73e8b3c\" data-element_type=\"section\" data-settings=\"{&quot;background_background&quot;:&quot;classic&quot;}\">\n\t\t\t\t\t\t<div class=\"elementor-container elementor-column-gap-default\">\n\t\t\t\t\t<div class=\"elementor-column elementor-col-100 elementor-top-column elementor-element elementor-element-08a4bc7\" data-id=\"08a4bc7\" data-element_type=\"column\">\n\t\t\t<div class=\"elementor-widget-wrap elementor-element-populated\">\n\t\t\t\t\t\t<div class=\"elementor-element elementor-element-66e2665 elementor-widget elementor-widget-spacer\" data-id=\"66e2665\" data-element_type=\"widget\" data-widget_type=\"spacer.default\">\n\t\t\t\t<div class=\"elementor-widget-container\">\n\t\t\t<style>\/*! elementor - v3.20.0 - 13-03-2024 *\/\n.elementor-column .elementor-spacer-inner{height:var(--spacer-size)}.e-con{--container-widget-width:100%}.e-con-inner>.elementor-widget-spacer,.e-con>.elementor-widget-spacer{width:var(--container-widget-width,var(--spacer-size));--align-self:var(--container-widget-align-self,initial);--flex-shrink:0}.e-con-inner>.elementor-widget-spacer>.elementor-widget-container,.e-con>.elementor-widget-spacer>.elementor-widget-container{height:100%;width:100%}.e-con-inner>.elementor-widget-spacer>.elementor-widget-container>.elementor-spacer,.e-con>.elementor-widget-spacer>.elementor-widget-container>.elementor-spacer{height:100%}.e-con-inner>.elementor-widget-spacer>.elementor-widget-container>.elementor-spacer>.elementor-spacer-inner,.e-con>.elementor-widget-spacer>.elementor-widget-container>.elementor-spacer>.elementor-spacer-inner{height:var(--container-widget-height,var(--spacer-size))}.e-con-inner>.elementor-widget-spacer.elementor-widget-empty,.e-con>.elementor-widget-spacer.elementor-widget-empty{position:relative;min-height:22px;min-width:22px}.e-con-inner>.elementor-widget-spacer.elementor-widget-empty .elementor-widget-empty-icon,.e-con>.elementor-widget-spacer.elementor-widget-empty .elementor-widget-empty-icon{position:absolute;top:0;bottom:0;left:0;right:0;margin:auto;padding:0;width:22px;height:22px}<\/style>\t\t<div class=\"elementor-spacer\">\n\t\t\t<div class=\"elementor-spacer-inner\"><\/div>\n\t\t<\/div>\n\t\t\t\t<\/div>\n\t\t\t\t<\/div>\n\t\t\t\t<section class=\"elementor-section elementor-inner-section elementor-element elementor-element-352bdfd elementor-section-full_width elementor-section-height-default elementor-section-height-default\" data-id=\"352bdfd\" data-element_type=\"section\">\n\t\t\t\t\t\t<div class=\"elementor-container elementor-column-gap-default\">\n\t\t\t\t\t<div class=\"elementor-column elementor-col-100 elementor-inner-column elementor-element elementor-element-42fc734\" data-id=\"42fc734\" data-element_type=\"column\">\n\t\t\t<div class=\"elementor-widget-wrap elementor-element-populated\">\n\t\t\t\t\t\t<div class=\"elementor-element elementor-element-38248df elementor-widget elementor-widget-heading\" data-id=\"38248df\" data-element_type=\"widget\" data-widget_type=\"heading.default\">\n\t\t\t\t<div class=\"elementor-widget-container\">\n\t\t\t<h2 class=\"elementor-heading-title elementor-size-default\">O OSIEDLE WOLNO\u015aCI<\/h2>\t\t<\/div>\n\t\t\t\t<\/div>\n\t\t\t\t<div class=\"elementor-element elementor-element-7aab25a elementor-widget elementor-widget-image\" data-id=\"7aab25a\" data-element_type=\"widget\" data-widget_type=\"image.default\">\n\t\t\t\t<div class=\"elementor-widget-container\">\n\t\t\t<style>\/*! elementor - v3.20.0 - 13-03-2024 *\/\n.elementor-widget-image{text-align:center}.elementor-widget-image a{display:inline-block}.elementor-widget-image a img[src$=\".svg\"]{width:48px}.elementor-widget-image img{vertical-align:middle;display:inline-block}<\/style>\t\t\t\t\t\t\t\t\t\t<img fetchpriority=\"high\" decoding=\"async\" width=\"768\" height=\"434\" src=\"https:\/\/freedomestate.com.tr\/pl\/wp-content\/uploads\/2024\/01\/freedom-real-estate-about-us-768x434.jpg\" class=\"attachment-medium_large size-medium_large wp-image-18848\" alt=\"\" srcset=\"https:\/\/freedomestate.com.tr\/pl\/wp-content\/uploads\/2024\/01\/freedom-real-estate-about-us-768x434.jpg 768w, https:\/\/freedomestate.com.tr\/pl\/wp-content\/uploads\/2024\/01\/freedom-real-estate-about-us-300x170.jpg 300w, https:\/\/freedomestate.com.tr\/pl\/wp-content\/uploads\/2024\/01\/freedom-real-estate-about-us-1024x579.jpg 1024w, https:\/\/freedomestate.com.tr\/pl\/wp-content\/uploads\/2024\/01\/freedom-real-estate-about-us-1536x868.jpg 1536w, https:\/\/freedomestate.com.tr\/pl\/wp-content\/uploads\/2024\/01\/freedom-real-estate-about-us-2048x1157.jpg 2048w, https:\/\/freedomestate.com.tr\/pl\/wp-content\/uploads\/2024\/01\/freedom-real-estate-about-us-1062x600.jpg 1062w, https:\/\/freedomestate.com.tr\/pl\/wp-content\/uploads\/2024\/01\/freedom-real-estate-about-us-496x280.jpg 496w\" sizes=\"(max-width: 768px) 100vw, 768px\" \/>\t\t\t\t\t\t\t\t\t\t\t\t\t<\/div>\n\t\t\t\t<\/div>\n\t\t\t\t<div class=\"elementor-element elementor-element-133491f elementor-widget elementor-widget-spacer\" data-id=\"133491f\" data-element_type=\"widget\" data-widget_type=\"spacer.default\">\n\t\t\t\t<div class=\"elementor-widget-container\">\n\t\t\t\t\t<div class=\"elementor-spacer\">\n\t\t\t<div class=\"elementor-spacer-inner\"><\/div>\n\t\t<\/div>\n\t\t\t\t<\/div>\n\t\t\t\t<\/div>\n\t\t\t\t\t<\/div>\n\t\t<\/div>\n\t\t\t\t\t<\/div>\n\t\t<\/section>\n\t\t\t\t<div class=\"elementor-element elementor-element-ede50d4 elementor-widget elementor-widget-text-editor\" data-id=\"ede50d4\" data-element_type=\"widget\" data-widget_type=\"text-editor.default\">\n\t\t\t\t<div class=\"elementor-widget-container\">\n\t\t\t<style>\/*! elementor - v3.20.0 - 13-03-2024 *\/\n.elementor-widget-text-editor.elementor-drop-cap-view-stacked .elementor-drop-cap{background-color:#69727d;color:#fff}.elementor-widget-text-editor.elementor-drop-cap-view-framed .elementor-drop-cap{color:#69727d;border:3px solid;background-color:transparent}.elementor-widget-text-editor:not(.elementor-drop-cap-view-default) .elementor-drop-cap{margin-top:8px}.elementor-widget-text-editor:not(.elementor-drop-cap-view-default) .elementor-drop-cap-letter{width:1em;height:1em}.elementor-widget-text-editor .elementor-drop-cap{float:left;text-align:center;line-height:1;font-size:50px}.elementor-widget-text-editor .elementor-drop-cap-letter{display:inline-block}<\/style>\t\t\t\t<p><a href=\"http:\/\/www.freedomestate.com.tr\/pl\"><strong>Freedom Estate<\/strong><\/a> to nowa agencja nieruchomo\u015bci i firma budowlana, oferuj\u0105ca r\u00f3wnie\u017c wycen\u0119 nieruchomo\u015bci i us\u0142ugi posprzeda\u017cowe. W\u0142a\u015bciciele naszej firmy posiadaj\u0105 wieloletnie do\u015bwiadczenie i profesjonalizm oraz oferuj\u0105 us\u0142ugi najwy\u017cszej jako\u015bci. W\u0142a\u015bciciele naszej firmy zajmuj\u0105 szczeg\u00f3lne miejsce na rynku nieruchomo\u015bci w Alanyi, sprawdzili si\u0119 przeprowadzaj\u0105c wiele transakcji sprzeda\u017cy mieszka\u0144, willi, dzia\u0142ek. Sprawiamy, \u017ce proces inwestowania i zarz\u0105dzania nieruchomo\u015bciami jest tak prosty i szybki, jak to tylko mo\u017cliwe. Wsp\u00f3\u0142pracujemy z Tob\u0105, aby opracowa\u0107 indywidualn\u0105 strategi\u0119 opart\u0105 na Twojej misji, wizji i ostatecznych celach. Posiadamy wszystkie niezb\u0119dne zasoby i do\u015bwiadczenie, aby rzetelnie przeprowadza\u0107 transakcje kupna i sprzeda\u017cy nieruchomo\u015bci, rejestracji wszystkich niezb\u0119dnych dokument\u00f3w.<\/p><p>Nasza firma oferuje Pa\u0144stwu skorzystanie z naszego do\u015bwiadczenia w inwestowaniu w nieruchomo\u015bci, przeprowadzaniu wszystkich procedur prawnych, na najkorzystniejszych dla Pa\u0144stwa warunkach. B\u0119dziemy z Tob\u0105 od momentu zg\u0142oszenia si\u0119 do nas, a\u017c do ostatniej procedury przetwarzania dokument\u00f3w. Pozw\u00f3l nam by\u0107 Twoimi partnerami i ciesz si\u0119 bardziej efektywnym zarz\u0105dzaniem nieruchomo\u015bciami dzi\u0119ki naszemu do\u015bwiadczeniu. Tw\u00f3j sukces jest naszym sukcesem! \u015awiadczymy nast\u0119puj\u0105ce us\u0142ugi na profesjonalnym poziomie: bezp\u0142atne wycieczki w celu pokazania nieruchomo\u015bci naszym klientom, us\u0142ugi posprzeda\u017cowe: pozwolenia na pobyt, rozwi\u0105zywanie kwestii w organach pa\u0144stwowych, opieka nad nieruchomo\u015bciami, sprzeda\u017c nieruchomo\u015bci i przygotowanie pe\u0142nego pakietu dokument\u00f3w, pomoc w rozwi\u0105zywaniu kwestii prawnych, wyb\u00f3r propozycji inwestycyjnych, otwarcie podmiotu prawnego, analiza bie\u017c\u0105cej sytuacji gospodarczej, projektowanie wn\u0119trz i wyposa\u017cenie nieruchomo\u015bci. Nasze us\u0142ugi posprzeda\u017cowe pomagaj\u0105 naszym klientom przeprowadza\u0107 si\u0119 i mieszka\u0107 w Turcji wygodniej i bezpieczniej.<\/p><p>Nasze us\u0142ugi obejmuj\u0105, opr\u00f3cz sprzeda\u017cy, r\u00f3wnie\u017c transfer z\/na lotnisko, otwarcie konta bankowego, uzyskanie numeru podatkowego, ubezpieczenie, tapu, umeblowanie nieruchomo\u015bci, remont w mieszkaniu, pomoc w uzyskaniu kredytu hipotecznego. W razie potrzeby mo\u017cemy zapewni\u0107 us\u0142ugi t\u0142umacza przysi\u0119g\u0142ego, a tak\u017ce niezale\u017cnego prawnika. Sporz\u0105dzamy roczne ubezpieczenie nieruchomo\u015bci, p\u0142acimy rachunki za pr\u0105d i wod\u0119, p\u0142acimy podatek od nieruchomo\u015bci i wynajmujemy Twoj\u0105 nieruchomo\u015b\u0107, je\u015bli chcesz odsprzeda\u0107 swoj\u0105 nieruchomo\u015b\u0107, mo\u017cemy to r\u00f3wnie\u017c zrobi\u0107 za Ciebie. Mamy us\u0142ug\u0119 online dla naszych klient\u00f3w, mo\u017cesz sprawdzi\u0107 swoje mieszkanie online i wydrukowa\u0107 wszystkie dokumenty p\u0142atnicze dotycz\u0105ce Twojej nieruchomo\u015bci. Dzi\u0119kujemy za wybranie Freedom Estate.<\/p><p>Rozpoczyna si\u0119 nowe \u017cycie, witamy w rodzinie Freedom Estate!<\/p>\t\t\t\t\t\t<\/div>\n\t\t\t\t<\/div>\n\t\t\t\t\t<\/div>\n\t\t<\/div>\n\t\t\t\t\t<\/div>\n\t\t<\/section>\n\t\t<div class=\"elementor-element elementor-element-e248e89 e-flex e-con-boxed e-con e-parent\" data-id=\"e248e89\" data-element_type=\"container\" data-core-v316-plus=\"true\">\n\t\t\t\t\t<div class=\"e-con-inner\">\n\t\t<div class=\"elementor-element elementor-element-4a69f8e e-con-full e-flex e-con e-child\" data-id=\"4a69f8e\" data-element_type=\"container\">\n\t\t\t\t<div class=\"elementor-element elementor-element-28f22e8 elementor-widget elementor-widget-text-editor\" data-id=\"28f22e8\" data-element_type=\"widget\" data-widget_type=\"text-editor.default\">\n\t\t\t\t<div class=\"elementor-widget-container\">\n\t\t\t\t\t\t\t<h2>Poznaj naszego za\u0142o\u017cyciela;<\/h2><p><strong>Freedom Estate<\/strong> zosta\u0142o za\u0142o\u017cone w lutym 2023 roku przez <strong>Hakana Celika<\/strong>, do\u015bwiadczonego in\u017cyniera budownictwa i eksperta w zakresie zarz\u0105dzania nieruchomo\u015bciami. Dzi\u0119ki ponad czteroletniemu do\u015bwiadczeniu w bran\u017cy, w ka\u017cd\u0105 transakcj\u0119 wnosi bogactwo wiedzy i pasji.<\/p><h3>Nasza wizja<\/h3><p>W nas wierzymy w tworzenie trwa\u0142ych relacji z naszymi klientami. Nasz\u0105 misj\u0105 jest \u015bwiadczenie spersonalizowanych, przejrzystych i skutecznych us\u0142ug w zakresie nieruchomo\u015bci. Niezale\u017cnie od tego, czy kupujesz, sprzedajesz, inwestujesz czy projektujesz, nasz oddany zesp\u00f3\u0142 jest tutaj, aby poprowadzi\u0107 Ci\u0119 na ka\u017cdym kroku.<\/p><h3>Dlaczego w\u0142a\u015bnie my?<\/h3><ul><li><strong>Do\u015bwiadczenie:<\/strong> jego do\u015bwiadczenie w in\u017cynierii l\u0105dowej i zarz\u0105dzaniu nieruchomo\u015bciami gwarantuje, \u017ce otrzymasz \u015bwiadome porady i strategiczne rozwi\u0105zania.<\/li><li><strong>Podej\u015bcie zorientowane na klienta:<\/strong> ustalamy priorytety Twoich potrzeb i cel\u00f3w, dostosowuj\u0105c nasze us\u0142ugi do Twoich unikalnych wymaga\u0144.<\/li><li><strong>Analiza rynku:<\/strong> Nasze g\u0142\u0119bokie zrozumienie rynk\u00f3w lokalnych pozwala nam identyfikowa\u0107 mo\u017cliwo\u015bci i maksymalizowa\u0107 warto\u015b\u0107 dla naszych klient\u00f3w.<\/li><li><strong>Uczciwo\u015b\u0107: <\/strong>Zaufanie jest kamieniem w\u0119gielnym naszej dzia\u0142alno\u015bci. Dzia\u0142amy uczciwie, przejrzy\u015bcie i profesjonalnie.<\/li><\/ul>\t\t\t\t\t\t<\/div>\n\t\t\t\t<\/div>\n\t\t\t\t<\/div>\n\t\t<div class=\"elementor-element elementor-element-689d5d8 e-con-full e-flex e-con e-child\" data-id=\"689d5d8\" data-element_type=\"container\">\n\t\t\t\t<div class=\"elementor-element elementor-element-a339c10 elementor-widget elementor-widget-image\" data-id=\"a339c10\" data-element_type=\"widget\" data-widget_type=\"image.default\">\n\t\t\t\t<div class=\"elementor-widget-container\">\n\t\t\t\t\t\t\t\t\t\t\t\t\t<img decoding=\"async\" width=\"634\" height=\"584\" src=\"https:\/\/freedomestate.com.tr\/pl\/wp-content\/uploads\/2024\/05\/Hakan-CELIK.jpg\" class=\"attachment-medium_large size-medium_large wp-image-19484\" alt=\"\" srcset=\"https:\/\/freedomestate.com.tr\/pl\/wp-content\/uploads\/2024\/05\/Hakan-CELIK.jpg 634w, https:\/\/freedomestate.com.tr\/pl\/wp-content\/uploads\/2024\/05\/Hakan-CELIK-300x276.jpg 300w, https:\/\/freedomestate.com.tr\/pl\/wp-content\/uploads\/2024\/05\/Hakan-CELIK-496x457.jpg 496w\" sizes=\"(max-width: 634px) 100vw, 634px\" \/>\t\t\t\t\t\t\t\t\t\t\t\t\t<\/div>\n\t\t\t\t<\/div>\n\t\t\t\t<\/div>\n\t\t\t\t\t<\/div>\n\t\t\t\t<\/div>\n\t\t\t\t<\/div>\n\t\t","protected":false},"excerpt":{"rendered":"<p>About us Dubai \u2022 Abu Dhabi \u2022 Sharjah \u2022 Ajman O OSIEDLE WOLNO\u015aCI Freedom Estate to nowa agencja nieruchomo\u015bci i firma budowlana, oferuj\u0105ca r\u00f3wnie\u017c wycen\u0119 nieruchomo\u015bci i us\u0142ugi posprzeda\u017cowe. W\u0142a\u015bciciele naszej firmy posiadaj\u0105 wieloletnie do\u015bwiadczenie i profesjonalizm oraz oferuj\u0105 us\u0142ugi najwy\u017cszej jako\u015bci. W\u0142a\u015bciciele naszej firmy zajmuj\u0105 szczeg\u00f3lne miejsce na rynku nieruchomo\u015bci w Alanyi, sprawdzili si\u0119 [&hellip;]<\/p>\n","protected":false},"author":1,"featured_media":0,"parent":0,"menu_order":0,"comment_status":"closed","ping_status":"closed","template":"template\/template-homepage.php","meta":{"footnotes":""},"class_list":["post-16650","page","type-page","status-publish","hentry"],"_links":{"self":[{"href":"https:\/\/freedomestate.com.tr\/pl\/wp-json\/wp\/v2\/pages\/16650","targetHints":{"allow":["GET"]}}],"collection":[{"href":"https:\/\/freedomestate.com.tr\/pl\/wp-json\/wp\/v2\/pages"}],"about":[{"href":"https:\/\/freedomestate.com.tr\/pl\/wp-json\/wp\/v2\/types\/page"}],"author":[{"embeddable":true,"href":"https:\/\/freedomestate.com.tr\/pl\/wp-json\/wp\/v2\/users\/1"}],"replies":[{"embeddable":true,"href":"https:\/\/freedomestate.com.tr\/pl\/wp-json\/wp\/v2\/comments?post=16650"}],"version-history":[{"count":33,"href":"https:\/\/freedomestate.com.tr\/pl\/wp-json\/wp\/v2\/pages\/16650\/revisions"}],"predecessor-version":[{"id":19487,"href":"https:\/\/freedomestate.com.tr\/pl\/wp-json\/wp\/v2\/pages\/16650\/revisions\/19487"}],"wp:attachment":[{"href":"https:\/\/freedomestate.com.tr\/pl\/wp-json\/wp\/v2\/media?parent=16650"}],"curies":[{"name":"wp","href":"https:\/\/api.w.org\/{rel}","templated":true}]}}