{"id":19035,"date":"2024-01-27T12:32:01","date_gmt":"2024-01-27T09:32:01","guid":{"rendered":"https:\/\/freedomestate.com.tr\/?page_id=19035"},"modified":"2024-04-09T13:01:29","modified_gmt":"2024-04-09T10:01:29","slug":"kostenlose-inspektionsbesuche","status":"publish","type":"page","link":"https:\/\/freedomestate.com.tr\/de\/kostenlose-inspektionsbesuche\/","title":{"rendered":"Kostenlose Inspektionsbesuche"},"content":{"rendered":"\t\t<div data-elementor-type=\"wp-page\" data-elementor-id=\"19035\" class=\"elementor elementor-19035\" data-elementor-post-type=\"page\">\n\t\t\t\t<div class=\"elementor-element elementor-element-cde0544 e-flex e-con-boxed e-con e-parent\" data-id=\"cde0544\" data-element_type=\"container\" data-core-v316-plus=\"true\">\n\t\t\t\t\t<div class=\"e-con-inner\">\n\t\t<div class=\"elementor-element elementor-element-0152fca e-con-full e-flex e-con e-child\" data-id=\"0152fca\" data-element_type=\"container\">\n\t\t\t\t<div class=\"elementor-element elementor-element-1a64067 elementor-widget elementor-widget-text-editor\" data-id=\"1a64067\" data-element_type=\"widget\" data-widget_type=\"text-editor.default\">\n\t\t\t\t<div class=\"elementor-widget-container\">\n\t\t\t<style>\/*! elementor - v3.20.0 - 13-03-2024 *\/\n.elementor-widget-text-editor.elementor-drop-cap-view-stacked .elementor-drop-cap{background-color:#69727d;color:#fff}.elementor-widget-text-editor.elementor-drop-cap-view-framed .elementor-drop-cap{color:#69727d;border:3px solid;background-color:transparent}.elementor-widget-text-editor:not(.elementor-drop-cap-view-default) .elementor-drop-cap{margin-top:8px}.elementor-widget-text-editor:not(.elementor-drop-cap-view-default) .elementor-drop-cap-letter{width:1em;height:1em}.elementor-widget-text-editor .elementor-drop-cap{float:left;text-align:center;line-height:1;font-size:50px}.elementor-widget-text-editor .elementor-drop-cap-letter{display:inline-block}<\/style>\t\t\t\t<h3><b>Kostenlose Besichtigungsreisen in die T\u00fcrkei!<\/b><\/h3><h6><b><em><strong>&#8220;Ihr Reisepass f\u00fcr ein neues Immobilienabenteuer mit unseren kostenlosen Besichtigungsreisen&#8221;<\/strong><\/em><\/b><\/h6>\t\t\t\t\t\t<\/div>\n\t\t\t\t<\/div>\n\t\t\t\t<div class=\"elementor-element elementor-element-6e9690c elementor-widget elementor-widget-wpforms\" data-id=\"6e9690c\" data-element_type=\"widget\" data-widget_type=\"wpforms.default\">\n\t\t\t\t<div class=\"elementor-widget-container\">\n\t\t\t<style id=\"wpforms-css-vars-root\">\n\t\t\t\t:root {\n\t\t\t\t\t--wpforms-field-border-radius: 3px;\n--wpforms-field-background-color: #ffffff;\n--wpforms-field-border-color: rgba( 0, 0, 0, 0.25 );\n--wpforms-field-text-color: rgba( 0, 0, 0, 0.7 );\n--wpforms-label-color: rgba( 0, 0, 0, 0.85 );\n--wpforms-label-sublabel-color: rgba( 0, 0, 0, 0.55 );\n--wpforms-label-error-color: #d63637;\n--wpforms-button-border-radius: 3px;\n--wpforms-button-background-color: #066aab;\n--wpforms-button-text-color: #ffffff;\n--wpforms-page-break-color: #066aab;\n--wpforms-field-size-input-height: 43px;\n--wpforms-field-size-input-spacing: 15px;\n--wpforms-field-size-font-size: 16px;\n--wpforms-field-size-line-height: 19px;\n--wpforms-field-size-padding-h: 14px;\n--wpforms-field-size-checkbox-size: 16px;\n--wpforms-field-size-sublabel-spacing: 5px;\n--wpforms-field-size-icon-size: 1;\n--wpforms-label-size-font-size: 16px;\n--wpforms-label-size-line-height: 19px;\n--wpforms-label-size-sublabel-font-size: 14px;\n--wpforms-label-size-sublabel-line-height: 17px;\n--wpforms-button-size-font-size: 17px;\n--wpforms-button-size-height: 41px;\n--wpforms-button-size-padding-h: 15px;\n--wpforms-button-size-margin-top: 10px;\n\n\t\t\t\t}\n\t\t\t<\/style><style id=\"wpforms-css-vars-elementor-widget-6e9690c\">\n\t\t\t\t.elementor-widget-wpforms.elementor-element-6e9690c {\n\t\t\t\t\t--wpforms-field-size-input-height: 43px;\n--wpforms-field-size-input-spacing: 15px;\n--wpforms-field-size-font-size: 16px;\n--wpforms-field-size-line-height: 19px;\n--wpforms-field-size-padding-h: 14px;\n--wpforms-field-size-checkbox-size: 16px;\n--wpforms-field-size-sublabel-spacing: 5px;\n--wpforms-field-size-icon-size: 1;\n--wpforms-label-size-font-size: 16px;\n--wpforms-label-size-line-height: 19px;\n--wpforms-label-size-sublabel-font-size: 14px;\n--wpforms-label-size-sublabel-line-height: 17px;\n--wpforms-button-size-font-size: 17px;\n--wpforms-button-size-height: 41px;\n--wpforms-button-size-padding-h: 15px;\n--wpforms-button-size-margin-top: 10px;\n\n\t\t\t\t}\n\t\t\t<\/style><div class=\"wpforms-container wpforms-container-full wpforms-render-modern\" id=\"wpforms-19070\"><form id=\"wpforms-form-19070\" class=\"wpforms-validate wpforms-form wpforms-ajax-form\" data-formid=\"19070\" method=\"post\" enctype=\"multipart\/form-data\" action=\"\/de\/wp-json\/wp\/v2\/pages\/19035\" data-token=\"ad03ebee134ed85befe6e459af953e5d\"><noscript class=\"wpforms-error-noscript\">Bu formu bitirebilmek i\u00e7in taray\u0131c\u0131n\u0131zda JavaScript&#039;i etkinle\u015ftirin.<\/noscript><div class=\"wpforms-hidden\" id=\"wpforms-error-noscript\">Bu formu bitirebilmek i\u00e7in taray\u0131c\u0131n\u0131zda JavaScript&#039;i etkinle\u015ftirin.<\/div><div class=\"wpforms-field-container\"><div id=\"wpforms-19070-field_1-container\" class=\"wpforms-field wpforms-field-text\" data-field-id=\"1\"><label class=\"wpforms-field-label wpforms-label-hide\" for=\"wpforms-19070-field_1\" aria-hidden=\"false\">Name Surname<\/label><input type=\"text\" id=\"wpforms-19070-field_1\" class=\"wpforms-field-large\" name=\"wpforms[fields][1]\" placeholder=\"Name Surname\" aria-errormessage=\"wpforms-19070-field_1-error\" ><\/div><div id=\"wpforms-19070-field_2-container\" class=\"wpforms-field wpforms-field-text\" data-field-id=\"2\"><label class=\"wpforms-field-label wpforms-label-hide\" for=\"wpforms-19070-field_2\" aria-hidden=\"false\">Mobile Phone<\/label><input type=\"text\" id=\"wpforms-19070-field_2\" class=\"wpforms-field-large\" name=\"wpforms[fields][2]\" placeholder=\"Mobile Phone\" aria-errormessage=\"wpforms-19070-field_2-error\" ><\/div><div id=\"wpforms-19070-field_3-container\" class=\"wpforms-field wpforms-field-email\" data-field-id=\"3\"><label class=\"wpforms-field-label wpforms-label-hide\" for=\"wpforms-19070-field_3\" aria-hidden=\"false\">E-posta <span class=\"wpforms-required-label\" aria-hidden=\"true\">*<\/span><\/label><input type=\"email\" id=\"wpforms-19070-field_3\" class=\"wpforms-field-large wpforms-field-required\" name=\"wpforms[fields][3]\" placeholder=\"E-posta\" spellcheck=\"false\" aria-errormessage=\"wpforms-19070-field_3-error\" required><\/div><div id=\"wpforms-19070-field_4-container\" class=\"wpforms-field wpforms-field-number\" data-field-id=\"4\"><label class=\"wpforms-field-label wpforms-label-hide\" for=\"wpforms-19070-field_4\" aria-hidden=\"false\">Number of Guest<\/label><input type=\"number\" pattern=\"\\d*\" id=\"wpforms-19070-field_4\" class=\"wpforms-field-large\" name=\"wpforms[fields][4]\" placeholder=\"Number of Guest\" aria-errormessage=\"wpforms-19070-field_4-error\" ><\/div><div id=\"wpforms-19070-field_6-container\" class=\"wpforms-field wpforms-field-textarea\" data-field-id=\"6\"><label class=\"wpforms-field-label wpforms-label-hide\" for=\"wpforms-19070-field_6\" aria-hidden=\"false\">Message<\/label><textarea id=\"wpforms-19070-field_6\" class=\"wpforms-field-medium\" name=\"wpforms[fields][6]\" placeholder=\"Message\" aria-errormessage=\"wpforms-19070-field_6-error\" ><\/textarea><\/div><\/div><!-- .wpforms-field-container --><div class=\"wpforms-submit-container\" ><input type=\"hidden\" name=\"wpforms[id]\" value=\"19070\"><input type=\"hidden\" name=\"wpforms[author]\" value=\"1\"><button type=\"submit\" name=\"wpforms[submit]\" id=\"wpforms-submit-19070\" class=\"wpforms-submit\" data-alt-text=\"Sending...\" data-submit-text=\"Send\" aria-live=\"assertive\" value=\"wpforms-submit\">Send<\/button><img decoding=\"async\" src=\"https:\/\/freedomestate.com.tr\/de\/wp-content\/plugins\/wpforms\/assets\/images\/submit-spin.svg\" class=\"wpforms-submit-spinner\" style=\"display: none;\" width=\"26\" height=\"26\" alt=\"Y\u00fckleniyor\"><\/div><\/form><\/div>  <!-- .wpforms-container -->\t\t<\/div>\n\t\t\t\t<\/div>\n\t\t\t\t<\/div>\n\t\t<div class=\"elementor-element elementor-element-df19182 e-con-full e-flex e-con e-child\" data-id=\"df19182\" data-element_type=\"container\">\n\t\t\t\t<div class=\"elementor-element elementor-element-b37dfc1 elementor-widget elementor-widget-text-editor\" data-id=\"b37dfc1\" data-element_type=\"widget\" data-widget_type=\"text-editor.default\">\n\t\t\t\t<div class=\"elementor-widget-container\">\n\t\t\t\t\t\t\t<h4><b><strong>Kostenlose Besichtigungstouren in der T\u00fcrkei!<\/strong><\/b><\/h4><p>Wenn Sie mehrere Immobilien recherchiert haben und eine Vielzahl von M\u00f6glichkeiten in <a href=\"https:\/\/www.alanya.com.tr\/en\">Alanya<\/a> entdeckt haben. Der n\u00e4chste Schritt w\u00e4re, den Ort zu besuchen und ihn aus erster Hand zu erleben. Sie k\u00f6nnen Ihr Traumhaus auf einer unserer kostenlosen Besichtigungsreisen ausw\u00e4hlen. Mit den pers\u00f6nlichen Besichtigungsreisen von Ideal Estates k\u00f6nnen Sie sich eine Auswahl an Neubauobjekten oder Wiederverkaufsobjekten in Alanya ansehen. Alle Objekte sind auf Ihre spezifischen Anforderungen abgestimmt.<\/p><p>Obwohl Sie die Immobilien auf unserer Website und in unseren Informationspaketen sehr detailliert betrachten k\u00f6nnen. Es gibt nichts besseres, als die Qualit\u00e4t und den Lebensstil, den Sie kaufen, wirklich zu erleben. Wir halten es f\u00fcr unerl\u00e4sslich, dass Sie die Gegend besichtigen, bevor Sie eine so wichtige Entscheidung treffen. Neben der Besichtigung von Immobilien stellen wir sicher, dass Sie gen\u00fcgend Zeit haben, um sich umzusehen und ein Gef\u00fchl f\u00fcr die Gegend, die Menschen und den Lebensstil zu bekommen.<\/p><h6><b>Unsere KOSTENLOSEN Besichtigungsreisen sind eine ausgezeichnete und kosteng\u00fcnstige M\u00f6glichkeit, dies zu tun, und wir helfen Ihnen gerne, Ihren Besuch in der Region zu arrangieren, um unser umfassendes Angebot an neuen und wiederverkauften Immobilien zu entdecken.<\/b><\/h6><p>Vor Ihrer Ankunft wird Ideal Estates ein Portfolio von Immobilien zusammenstellen, das auf Ihre speziellen Anforderungen zugeschnitten ist. Sie k\u00f6nnen sicher sein, dass Sie einen ausgezeichneten pers\u00f6nlichen Service erhalten, der Sie garantiert nicht unter Druck setzt. Einer der Mitarbeiter von Ideal Estates wird Ihnen auch die \u00f6rtliche Umgebung zeigen, einschlie\u00dflich der Str\u00e4nde, Restaurants, Bars, Freizeiteinrichtungen und anderer interessanter Orte.<br \/>Von der Besichtigung der Immobilien und der Gegend bis hin zur Unterst\u00fctzung bei den rechtlichen Formalit\u00e4ten werden unsere Makler Sie durch den gesamten Prozess begleiten. Von der Landung bis zur Abreise stehen wir Ihnen zur Verf\u00fcgung, um Sie willkommen zu hei\u00dfen. Einer unserer Vertreter wird Sie umfassend begleiten, und wir sind stolz darauf, uns um unsere Kunden zu k\u00fcmmern. Buchen Sie Ihre 3-t\u00e4gige Besichtigungsreise f\u00fcr zwei Personen direkt bei uns oder bei einem unserer akkreditierten Vertreter in Ihrem Land, um zu sehen, was die T\u00fcrkei zu bieten hat.<br \/>Bitte teilen Sie uns mit, welche Daten f\u00fcr Sie am besten geeignet sind und von welchem Flughafen Sie fliegen m\u00f6chten. Einer unserer Mitarbeiter wird dann unsere Datenbank durchsuchen, um die besten und g\u00fcnstigsten Flugm\u00f6glichkeiten zu finden. Wenn Sie eine Besichtigungsreise f\u00fcr mehr als 2 Personen oder einen Aufenthalt von mehr als 3 Tagen buchen m\u00f6chten, teilen Sie dies bitte zun\u00e4chst unserem Mitarbeiter mit, damit wir dies organisieren k\u00f6nnen. Nachdem Sie Ihre Flugreservierung und Zahlung vorgenommen haben, k\u00fcmmert sich unser B\u00fcro um Ihre Unterkunft und den Flughafentransfer.<\/p><p>Wenn Sie eine Immobilie kaufen, erstatten wir Ihnen die Flugtickets, wenn Sie keine Immobilie kaufen, informiert Sie unser bevollm\u00e4chtigter Vertreter \u00fcber den Preis f\u00fcr Verpflegung und Transfers.<\/p>\t\t\t\t\t\t<\/div>\n\t\t\t\t<\/div>\n\t\t\t\t<\/div>\n\t\t\t\t\t<\/div>\n\t\t\t\t<\/div>\n\t\t<div class=\"elementor-element elementor-element-22dd2b5 e-flex e-con-boxed e-con e-parent\" data-id=\"22dd2b5\" data-element_type=\"container\" data-core-v316-plus=\"true\">\n\t\t\t\t\t<div class=\"e-con-inner\">\n\t\t\t\t<div class=\"elementor-element elementor-element-0b9991c elementor-widget elementor-widget-text-editor\" data-id=\"0b9991c\" data-element_type=\"widget\" data-widget_type=\"text-editor.default\">\n\t\t\t\t<div class=\"elementor-widget-container\">\n\t\t\t\t\t\t\t<h5>Ideal Estates macht den Prozess so entspannt wie m\u00f6glich, die folgenden Schritte beschreiben den gesamten Prozess der Inspektionsreise:<\/h5><ol><li>Rufen Sie einfach an und besprechen Sie (in Ihrer Muttersprache) den Ablauf Ihrer m\u00f6glichen Reise mit einem unserer freundlichen Mitarbeiter.<\/li><li>Organisieren und bezahlen Sie die Kosten f\u00fcr Ihre Fl\u00fcge und teilen Sie uns die Flugdaten mit. Diese Kosten werden Ihnen zur\u00fcckerstattet, wenn Sie \u00fcber uns als Ergebnis der Besichtigungsreise kaufen.<\/li><li>Wir reservieren und bezahlen Ihre Unterkunft f\u00fcr 3 N\u00e4chte in einem \u00f6rtlichen Hotel mit \u00dcbernachtung\/Fr\u00fchst\u00fcck.<\/li><li>Wir holen Sie am Flughafen ab, bringen Sie zum Hotel und begleiten Sie dann auf dem Rest Ihrer Besichtigungsreise.<\/li><li>Wir zeigen Ihnen die Gegend und das Portfolio an Immobilien, die auf Ihre speziellen Anforderungen zugeschnitten sind.<\/li><li>Die Abende stehen Ihnen zur freien Verf\u00fcgung und geben Ihnen die M\u00f6glichkeit, die Ereignisse des Tages zu besprechen.<\/li><li>Sobald Sie die Immobilie, die Sie kaufen m\u00f6chten, besichtigt haben, werden wir Sie durch jeden Schritt des Kaufprozesses und die rechtlichen Bedingungen f\u00fchren.<\/li><li>Am Ende Ihrer Reise holen wir Sie von Ihrer Unterkunft ab und bringen Sie zur\u00fcck zum Flughafen. Wenn Sie sich gegen den Kauf entscheiden, m\u00fcssen Sie f\u00fcr Ihre Unterkunft und den Transfer selbst aufkommen.<\/li><\/ol><p>Wir sind der Meinung, dass diese entspannten und informativen Besichtigungen unseren Kunden helfen, vern\u00fcnftige und ausgewogene Entscheidungen \u00fcber ihre potenzielle Immobilie und auch \u00fcber die Region zu treffen.<\/p><p>KONTAKTIEREN SIE UNS JETZT, um Ihren Besuch zu buchen oder f\u00fcllen Sie einfach das Besichtigungsformular oben aus!<\/p>\t\t\t\t\t\t<\/div>\n\t\t\t\t<\/div>\n\t\t\t\t\t<\/div>\n\t\t\t\t<\/div>\n\t\t<div class=\"elementor-element elementor-element-5fa38a3b e-flex e-con-boxed e-con e-parent\" data-id=\"5fa38a3b\" data-element_type=\"container\" data-core-v316-plus=\"true\">\n\t\t\t\t\t<div class=\"e-con-inner\">\n\t\t<div class=\"elementor-element elementor-element-1770c40c e-con-full e-flex e-con e-child\" data-id=\"1770c40c\" data-element_type=\"container\">\n\t\t\t\t<div class=\"elementor-element elementor-element-6653a910 elementor-cta--skin-cover elementor-cta--valign-top elementor-animated-content elementor-bg-transform elementor-bg-transform-zoom-in elementor-widget elementor-widget-call-to-action\" data-id=\"6653a910\" data-element_type=\"widget\" data-widget_type=\"call-to-action.default\">\n\t\t\t\t<div class=\"elementor-widget-container\">\n\t\t\t<link rel=\"stylesheet\" href=\"https:\/\/freedomestate.com.tr\/de\/wp-content\/plugins\/elementor-pro\/assets\/css\/widget-call-to-action.min.css\">\t\t<div class=\"elementor-cta\">\n\t\t\t\t\t<div class=\"elementor-cta__bg-wrapper\">\n\t\t\t\t<div class=\"elementor-cta__bg elementor-bg\" style=\"background-image: url(https:\/\/freedomestate.com.tr\/de\/wp-content\/uploads\/2024\/01\/services.jpg);\" role=\"img\" aria-label=\"Service cubes over white background\"><\/div>\n\t\t\t\t<div class=\"elementor-cta__bg-overlay\"><\/div>\n\t\t\t<\/div>\n\t\t\t\t\t\t\t<div class=\"elementor-cta__content\">\n\t\t\t\t\n\t\t\t\t\t\t\t\t\t<h2 class=\"elementor-cta__title elementor-cta__content-item elementor-content-item elementor-animated-item--grow\">\n\t\t\t\t\t\tUNSERE DIENSTLEISTUNGEN\t\t\t\t\t<\/h2>\n\t\t\t\t\n\t\t\t\t\n\t\t\t\t\t\t\t<\/div>\n\t\t\t\t\t\t<\/div>\n\t\t\t\t<\/div>\n\t\t\t\t<\/div>\n\t\t\t\t<div class=\"elementor-element elementor-element-57a4b062 elementor-cta--skin-cover elementor-cta--valign-top elementor-animated-content elementor-bg-transform elementor-bg-transform-zoom-in elementor-widget elementor-widget-call-to-action\" data-id=\"57a4b062\" data-element_type=\"widget\" data-widget_type=\"call-to-action.default\">\n\t\t\t\t<div class=\"elementor-widget-container\">\n\t\t\t\t\t<div class=\"elementor-cta\">\n\t\t\t\t\t<div class=\"elementor-cta__bg-wrapper\">\n\t\t\t\t<div class=\"elementor-cta__bg elementor-bg\" style=\"background-image: url(https:\/\/freedomestate.com.tr\/de\/wp-content\/uploads\/2024\/01\/service-fees.jpg);\" role=\"img\" aria-label=\"Japanese woman keeping household accounts\"><\/div>\n\t\t\t\t<div class=\"elementor-cta__bg-overlay\"><\/div>\n\t\t\t<\/div>\n\t\t\t\t\t\t\t<div class=\"elementor-cta__content\">\n\t\t\t\t\n\t\t\t\t\t\t\t\t\t<h2 class=\"elementor-cta__title elementor-cta__content-item elementor-content-item elementor-animated-item--grow\">\n\t\t\t\t\t\tPROVISIONEN UND DIENSTLEISTUNGSGEB\u00dcHREN\t\t\t\t\t<\/h2>\n\t\t\t\t\n\t\t\t\t\n\t\t\t\t\t\t\t<\/div>\n\t\t\t\t\t\t<\/div>\n\t\t\t\t<\/div>\n\t\t\t\t<\/div>\n\t\t\t\t<\/div>\n\t\t<div class=\"elementor-element elementor-element-4edbc3bb e-con-full e-flex e-con e-child\" data-id=\"4edbc3bb\" data-element_type=\"container\">\n\t\t\t\t<div class=\"elementor-element elementor-element-2e516646 elementor-cta--skin-cover elementor-cta--valign-top elementor-animated-content elementor-bg-transform elementor-bg-transform-zoom-in elementor-widget elementor-widget-call-to-action\" data-id=\"2e516646\" data-element_type=\"widget\" data-widget_type=\"call-to-action.default\">\n\t\t\t\t<div class=\"elementor-widget-container\">\n\t\t\t\t\t<div class=\"elementor-cta\">\n\t\t\t\t\t<div class=\"elementor-cta__bg-wrapper\">\n\t\t\t\t<div class=\"elementor-cta__bg elementor-bg\" style=\"background-image: url(https:\/\/freedomestate.com.tr\/de\/wp-content\/uploads\/2024\/01\/before-after-services.jpg);\" role=\"img\" aria-label=\"Shopping online concept - Shopping service on The online web. with payment by credit card and offers home delivery. parcel or Paper cartons with a shopping cart on a laptop keyboard\"><\/div>\n\t\t\t\t<div class=\"elementor-cta__bg-overlay\"><\/div>\n\t\t\t<\/div>\n\t\t\t\t\t\t\t<div class=\"elementor-cta__content\">\n\t\t\t\t\n\t\t\t\t\t\t\t\t\t<h2 class=\"elementor-cta__title elementor-cta__content-item elementor-content-item elementor-animated-item--grow\">\n\t\t\t\t\t\tDIENSTLEISTUNGEN VOR UND NACH DEM VERKAUF\t\t\t\t\t<\/h2>\n\t\t\t\t\n\t\t\t\t\n\t\t\t\t\t\t\t<\/div>\n\t\t\t\t\t\t<\/div>\n\t\t\t\t<\/div>\n\t\t\t\t<\/div>\n\t\t\t\t<div class=\"elementor-element elementor-element-3f094de elementor-cta--skin-cover elementor-cta--valign-top elementor-animated-content elementor-bg-transform elementor-bg-transform-zoom-in elementor-widget elementor-widget-call-to-action\" data-id=\"3f094de\" data-element_type=\"widget\" data-widget_type=\"call-to-action.default\">\n\t\t\t\t<div class=\"elementor-widget-container\">\n\t\t\t\t\t<div class=\"elementor-cta\">\n\t\t\t\t\t<div class=\"elementor-cta__bg-wrapper\">\n\t\t\t\t<div class=\"elementor-cta__bg elementor-bg\" style=\"background-image: url(https:\/\/freedomestate.com.tr\/de\/wp-content\/uploads\/2024\/01\/consultancy.jpg);\" role=\"img\" aria-label=\"consultancy\"><\/div>\n\t\t\t\t<div class=\"elementor-cta__bg-overlay\"><\/div>\n\t\t\t<\/div>\n\t\t\t\t\t\t\t<div class=\"elementor-cta__content\">\n\t\t\t\t\n\t\t\t\t\t\t\t\t\t<h2 class=\"elementor-cta__title elementor-cta__content-item elementor-content-item elementor-animated-item--grow\">\n\t\t\t\t\t\tBERATUNG\t\t\t\t\t<\/h2>\n\t\t\t\t\n\t\t\t\t\n\t\t\t\t\t\t\t<\/div>\n\t\t\t\t\t\t<\/div>\n\t\t\t\t<\/div>\n\t\t\t\t<\/div>\n\t\t\t\t<\/div>\n\t\t<div class=\"elementor-element elementor-element-2f746a35 e-con-full e-flex e-con e-child\" data-id=\"2f746a35\" data-element_type=\"container\">\n\t\t\t\t<div class=\"elementor-element elementor-element-2ae25c0b elementor-cta--skin-cover elementor-cta--valign-top elementor-animated-content elementor-bg-transform elementor-bg-transform-zoom-in elementor-widget elementor-widget-call-to-action\" data-id=\"2ae25c0b\" data-element_type=\"widget\" data-widget_type=\"call-to-action.default\">\n\t\t\t\t<div class=\"elementor-widget-container\">\n\t\t\t\t\t<div class=\"elementor-cta\">\n\t\t\t\t\t<div class=\"elementor-cta__bg-wrapper\">\n\t\t\t\t<div class=\"elementor-cta__bg elementor-bg\" style=\"background-image: url(https:\/\/freedomestate.com.tr\/de\/wp-content\/uploads\/2024\/01\/property-management.jpg);\" role=\"img\" aria-label=\"property management agreement\"><\/div>\n\t\t\t\t<div class=\"elementor-cta__bg-overlay\"><\/div>\n\t\t\t<\/div>\n\t\t\t\t\t\t\t<div class=\"elementor-cta__content\">\n\t\t\t\t\n\t\t\t\t\t\t\t\t\t<h2 class=\"elementor-cta__title elementor-cta__content-item elementor-content-item elementor-animated-item--grow\">\n\t\t\t\t\t\tIMMOBILIENVERWALTUNGSDIENSTE\t\t\t\t\t<\/h2>\n\t\t\t\t\n\t\t\t\t\n\t\t\t\t\t\t\t<\/div>\n\t\t\t\t\t\t<\/div>\n\t\t\t\t<\/div>\n\t\t\t\t<\/div>\n\t\t\t\t<div class=\"elementor-element elementor-element-1517ca4c elementor-cta--skin-cover elementor-cta--valign-top elementor-animated-content elementor-bg-transform elementor-bg-transform-zoom-in elementor-widget elementor-widget-call-to-action\" data-id=\"1517ca4c\" data-element_type=\"widget\" data-widget_type=\"call-to-action.default\">\n\t\t\t\t<div class=\"elementor-widget-container\">\n\t\t\t\t\t<div class=\"elementor-cta\">\n\t\t\t\t\t<div class=\"elementor-cta__bg-wrapper\">\n\t\t\t\t<div class=\"elementor-cta__bg elementor-bg\" style=\"background-image: url(https:\/\/freedomestate.com.tr\/de\/wp-content\/uploads\/2024\/01\/purchase-expanses.jpg);\" role=\"img\" aria-label=\"Mortgage concept. Model of a wooden house with financial savings. house purchase and expenses\"><\/div>\n\t\t\t\t<div class=\"elementor-cta__bg-overlay\"><\/div>\n\t\t\t<\/div>\n\t\t\t\t\t\t\t<div class=\"elementor-cta__content\">\n\t\t\t\t\n\t\t\t\t\t\t\t\t\t<h2 class=\"elementor-cta__title elementor-cta__content-item elementor-content-item elementor-animated-item--grow\">\n\t\t\t\t\t\tEINKAUFSKOSTEN\t\t\t\t\t<\/h2>\n\t\t\t\t\n\t\t\t\t\n\t\t\t\t\t\t\t<\/div>\n\t\t\t\t\t\t<\/div>\n\t\t\t\t<\/div>\n\t\t\t\t<\/div>\n\t\t\t\t<\/div>\n\t\t\t\t\t<\/div>\n\t\t\t\t<\/div>\n\t\t\t\t<\/div>\n\t\t","protected":false},"excerpt":{"rendered":"<p>Kostenlose Besichtigungsreisen in die T\u00fcrkei! &#8220;Ihr Reisepass f\u00fcr ein neues Immobilienabenteuer mit unseren kostenlosen Besichtigungsreisen&#8221; Bu formu bitirebilmek i\u00e7in taray\u0131c\u0131n\u0131zda JavaScript&#039;i etkinle\u015ftirin.Bu formu bitirebilmek i\u00e7in taray\u0131c\u0131n\u0131zda JavaScript&#039;i etkinle\u015ftirin.Name SurnameMobile PhoneE-posta *Number of GuestMessage Send Kostenlose Besichtigungstouren in der T\u00fcrkei! Wenn Sie mehrere Immobilien recherchiert haben und eine Vielzahl von M\u00f6glichkeiten in Alanya entdeckt haben. Der [&hellip;]<\/p>\n","protected":false},"author":1,"featured_media":0,"parent":0,"menu_order":0,"comment_status":"closed","ping_status":"closed","template":"template\/template-homepage.php","meta":{"footnotes":""},"class_list":["post-19035","page","type-page","status-publish","hentry"],"_links":{"self":[{"href":"https:\/\/freedomestate.com.tr\/de\/wp-json\/wp\/v2\/pages\/19035","targetHints":{"allow":["GET"]}}],"collection":[{"href":"https:\/\/freedomestate.com.tr\/de\/wp-json\/wp\/v2\/pages"}],"about":[{"href":"https:\/\/freedomestate.com.tr\/de\/wp-json\/wp\/v2\/types\/page"}],"author":[{"embeddable":true,"href":"https:\/\/freedomestate.com.tr\/de\/wp-json\/wp\/v2\/users\/1"}],"replies":[{"embeddable":true,"href":"https:\/\/freedomestate.com.tr\/de\/wp-json\/wp\/v2\/comments?post=19035"}],"version-history":[{"count":17,"href":"https:\/\/freedomestate.com.tr\/de\/wp-json\/wp\/v2\/pages\/19035\/revisions"}],"predecessor-version":[{"id":19462,"href":"https:\/\/freedomestate.com.tr\/de\/wp-json\/wp\/v2\/pages\/19035\/revisions\/19462"}],"wp:attachment":[{"href":"https:\/\/freedomestate.com.tr\/de\/wp-json\/wp\/v2\/media?parent=19035"}],"curies":[{"name":"wp","href":"https:\/\/api.w.org\/{rel}","templated":true}]}}