{"id":19033,"date":"2024-01-27T12:31:27","date_gmt":"2024-01-27T09:31:27","guid":{"rendered":"https:\/\/freedomestate.com.tr\/?page_id=19033"},"modified":"2024-04-09T12:55:03","modified_gmt":"2024-04-09T09:55:03","slug":"kosten-fur-den-erwerb-von-immobilien","status":"publish","type":"page","link":"https:\/\/freedomestate.com.tr\/de\/kosten-fur-den-erwerb-von-immobilien\/","title":{"rendered":"Kosten f\u00fcr den Erwerb von Immobilien"},"content":{"rendered":"\t\t<div data-elementor-type=\"wp-page\" data-elementor-id=\"19033\" class=\"elementor elementor-19033\" data-elementor-post-type=\"page\">\n\t\t\t\t<div class=\"elementor-element elementor-element-11af395 e-flex e-con-boxed e-con e-parent\" data-id=\"11af395\" data-element_type=\"container\" data-core-v316-plus=\"true\">\n\t\t\t\t\t<div class=\"e-con-inner\">\n\t\t\t\t\t<\/div>\n\t\t\t\t<\/div>\n\t\t<div class=\"elementor-element elementor-element-636745c9 e-flex e-con-boxed e-con e-parent\" data-id=\"636745c9\" data-element_type=\"container\" data-core-v316-plus=\"true\">\n\t\t\t\t\t<div class=\"e-con-inner\">\n\t\t\t\t<div class=\"elementor-element elementor-element-7265bc6 elementor-widget-divider--view-line elementor-widget elementor-widget-divider\" data-id=\"7265bc6\" data-element_type=\"widget\" data-widget_type=\"divider.default\">\n\t\t\t\t<div class=\"elementor-widget-container\">\n\t\t\t<style>\/*! elementor - v3.20.0 - 13-03-2024 *\/\n.elementor-widget-divider{--divider-border-style:none;--divider-border-width:1px;--divider-color:#0c0d0e;--divider-icon-size:20px;--divider-element-spacing:10px;--divider-pattern-height:24px;--divider-pattern-size:20px;--divider-pattern-url:none;--divider-pattern-repeat:repeat-x}.elementor-widget-divider .elementor-divider{display:flex}.elementor-widget-divider .elementor-divider__text{font-size:15px;line-height:1;max-width:95%}.elementor-widget-divider .elementor-divider__element{margin:0 var(--divider-element-spacing);flex-shrink:0}.elementor-widget-divider .elementor-icon{font-size:var(--divider-icon-size)}.elementor-widget-divider .elementor-divider-separator{display:flex;margin:0;direction:ltr}.elementor-widget-divider--view-line_icon .elementor-divider-separator,.elementor-widget-divider--view-line_text .elementor-divider-separator{align-items:center}.elementor-widget-divider--view-line_icon .elementor-divider-separator:after,.elementor-widget-divider--view-line_icon .elementor-divider-separator:before,.elementor-widget-divider--view-line_text .elementor-divider-separator:after,.elementor-widget-divider--view-line_text .elementor-divider-separator:before{display:block;content:\"\";border-block-end:0;flex-grow:1;border-block-start:var(--divider-border-width) var(--divider-border-style) var(--divider-color)}.elementor-widget-divider--element-align-left .elementor-divider .elementor-divider-separator>.elementor-divider__svg:first-of-type{flex-grow:0;flex-shrink:100}.elementor-widget-divider--element-align-left .elementor-divider-separator:before{content:none}.elementor-widget-divider--element-align-left .elementor-divider__element{margin-left:0}.elementor-widget-divider--element-align-right .elementor-divider .elementor-divider-separator>.elementor-divider__svg:last-of-type{flex-grow:0;flex-shrink:100}.elementor-widget-divider--element-align-right .elementor-divider-separator:after{content:none}.elementor-widget-divider--element-align-right .elementor-divider__element{margin-right:0}.elementor-widget-divider--element-align-start .elementor-divider .elementor-divider-separator>.elementor-divider__svg:first-of-type{flex-grow:0;flex-shrink:100}.elementor-widget-divider--element-align-start .elementor-divider-separator:before{content:none}.elementor-widget-divider--element-align-start .elementor-divider__element{margin-inline-start:0}.elementor-widget-divider--element-align-end .elementor-divider .elementor-divider-separator>.elementor-divider__svg:last-of-type{flex-grow:0;flex-shrink:100}.elementor-widget-divider--element-align-end .elementor-divider-separator:after{content:none}.elementor-widget-divider--element-align-end .elementor-divider__element{margin-inline-end:0}.elementor-widget-divider:not(.elementor-widget-divider--view-line_text):not(.elementor-widget-divider--view-line_icon) .elementor-divider-separator{border-block-start:var(--divider-border-width) var(--divider-border-style) var(--divider-color)}.elementor-widget-divider--separator-type-pattern{--divider-border-style:none}.elementor-widget-divider--separator-type-pattern.elementor-widget-divider--view-line .elementor-divider-separator,.elementor-widget-divider--separator-type-pattern:not(.elementor-widget-divider--view-line) .elementor-divider-separator:after,.elementor-widget-divider--separator-type-pattern:not(.elementor-widget-divider--view-line) .elementor-divider-separator:before,.elementor-widget-divider--separator-type-pattern:not([class*=elementor-widget-divider--view]) .elementor-divider-separator{width:100%;min-height:var(--divider-pattern-height);-webkit-mask-size:var(--divider-pattern-size) 100%;mask-size:var(--divider-pattern-size) 100%;-webkit-mask-repeat:var(--divider-pattern-repeat);mask-repeat:var(--divider-pattern-repeat);background-color:var(--divider-color);-webkit-mask-image:var(--divider-pattern-url);mask-image:var(--divider-pattern-url)}.elementor-widget-divider--no-spacing{--divider-pattern-size:auto}.elementor-widget-divider--bg-round{--divider-pattern-repeat:round}.rtl .elementor-widget-divider .elementor-divider__text{direction:rtl}.e-con-inner>.elementor-widget-divider,.e-con>.elementor-widget-divider{width:var(--container-widget-width,100%);--flex-grow:var(--container-widget-flex-grow)}<\/style>\t\t<div class=\"elementor-divider\">\n\t\t\t<span class=\"elementor-divider-separator\">\n\t\t\t\t\t\t<\/span>\n\t\t<\/div>\n\t\t\t\t<\/div>\n\t\t\t\t<\/div>\n\t\t\t\t<div class=\"elementor-element elementor-element-854decf elementor-widget elementor-widget-text-editor\" data-id=\"854decf\" data-element_type=\"widget\" data-widget_type=\"text-editor.default\">\n\t\t\t\t<div class=\"elementor-widget-container\">\n\t\t\t<style>\/*! elementor - v3.20.0 - 13-03-2024 *\/\n.elementor-widget-text-editor.elementor-drop-cap-view-stacked .elementor-drop-cap{background-color:#69727d;color:#fff}.elementor-widget-text-editor.elementor-drop-cap-view-framed .elementor-drop-cap{color:#69727d;border:3px solid;background-color:transparent}.elementor-widget-text-editor:not(.elementor-drop-cap-view-default) .elementor-drop-cap{margin-top:8px}.elementor-widget-text-editor:not(.elementor-drop-cap-view-default) .elementor-drop-cap-letter{width:1em;height:1em}.elementor-widget-text-editor .elementor-drop-cap{float:left;text-align:center;line-height:1;font-size:50px}.elementor-widget-text-editor .elementor-drop-cap-letter{display:inline-block}<\/style>\t\t\t\t<h3><b><strong>KOSTEN DES IMMOBILIENERWERBS<\/strong><\/b> <\/h3><p>Bei den Geb\u00fchren und Steuern f\u00fcr Eigentumsurkunden in der T\u00fcrkei gibt es keine Unterschiede zwischen t\u00fcrkischen und ausl\u00e4ndischen B\u00fcrgern. Antalya\/Alanya ist die zweitgr\u00f6\u00dfte Provinz f\u00fcr den <a href=\"https:\/\/www.yourkeyturkiye.gov.tr\/statistics\">Grunderwerb durch Ausl\u00e4nder<\/a> und auch eine der h\u00f6chsten Steuereinnahmen f\u00fcr die Regierung in Bezug auf die Kosten f\u00fcr den Immobilienerwerb.<\/p><h5><b><strong>Kosten f\u00fcr die Ausstellung einer Vollmacht (POA):<\/strong><\/b><\/h5><p>Die Ausstellung einer Vollmacht (Power of Attorney, POA) bedeutet die Erteilung einer Vertretungsvollmacht. Auf Ihren Wunsch hin kann der Notar verschiedene Arten von Vollmachten im Rahmen der POA ausstellen.<\/p><p>Die Kosten f\u00fcr eine Vorsorgevollmacht h\u00e4ngen von der Art der Vollmacht und der umfassenden oder eingeschr\u00e4nkten rechtlichen Befugnis ab, Entscheidungen \u00fcber Eigentum\/Finanzen usw. zu treffen.<\/p><h5><b><strong>Der folgende Link ist ein Leitfaden f\u00fcr ungef\u00e4hre Kosten f\u00fcr Notare und Vollmachten im Jahr 2023:<\/strong><\/b><\/h5><h5><b><strong>Immobilientransaktionen<\/strong><\/b><\/h5><p>In der T\u00fcrkei richtet sich die H\u00f6he der Geb\u00fchren f\u00fcr die Eigentumsurkunde nach dem Preis der Immobilie.<\/p><p>20 pro Tausend (2%) vom K\u00e4ufer<\/p><p>20 Promille (2 %) vom Verk\u00e4ufer<\/p><h6><b><em><strong>Tipp: Die vom K\u00e4ufer in der T\u00fcrkei zu zahlenden Grundbucheintragungsgeb\u00fchren werden meist w\u00e4hrend der Verhandlungen festgelegt.<\/strong><\/em><\/b> <b><em>Dar\u00fcber hinaus m\u00fcssen Verk\u00e4ufer und K\u00e4ufer bei jedem Verkauf eine Umlaufsumme an das Grundbuchamt zahlen.<\/em><\/b> <b><em>F\u00fcr das Jahr 2023 wurde ein Betrag von 190 Euro festgelegt, der sich jedoch im Laufe des Jahres noch \u00e4ndern kann, da die H\u00f6he des Umlaufkapitals zu Beginn eines jeden Jahres durch Gesetze und Vorschriften festgelegt wird.<\/em><\/b><\/h6><h5><strong>\u00a0<\/strong><\/h5><h5><b><strong>Kosten der Immobilienbewertung<\/strong><\/b> <\/h5><ul><li>Die Kosten h\u00e4ngen von der Bewertung des Sachverst\u00e4ndigenb\u00fcros und den Preisobergrenzen f\u00fcr das Stadtgebiet ab: Ab 350 Euro<\/li><\/ul><h5><b><strong>Erdbebenversicherung (DASK) Kosten<\/strong><\/b><\/h5><ul><li>Die Kosten h\u00e4ngen von der Gr\u00f6\u00dfe (m\u00b2) und der Art der Immobilie ab: Ab 10 Euro<\/li><\/ul><h5><b><strong>Kosten f\u00fcr vereidigte Dolmetscher<\/strong><\/b><\/h5><ul><li>Die Kosten h\u00e4ngen von der Sprache, der Stadt und dem \u00fcbersetzten Inhalt ab: Ab 50 Euro<\/li><\/ul><h5><b><strong>Kosten f\u00fcr den Immobilienwert nach Gemeinde<\/strong><\/b><\/h5><ul><li>Die Kosten h\u00e4ngen von den Antr\u00e4gen der Gemeinden ab: Ab 50 Euro<\/li><\/ul><h5><b><strong>Kosten f\u00fcr Wasserabonnements<\/strong><\/b><\/h5><ul><li>Antrag f\u00fcr neue Abonnements :<\/li><\/ul><p>Wenn Sie eine Aufenthaltsgenehmigung haben: Ca. 60 Euro<\/p><p>Wenn Sie keine Aufenthaltsgenehmigung haben: Ca. 175 Euro<\/p><ul><li><b><strong>\u00dcbertragung eines bestehenden Abonnements:<\/strong><\/b><\/li><\/ul><p>Wenn Sie eine Aufenthaltserlaubnis haben: Ca. 10 Euro<\/p><p>Wenn keine Aufenthaltsgenehmigung vorliegt: Ca. 130 Euro<\/p><h5><b><strong>Kosten f\u00fcr das Stromabonnement<\/strong><\/b><\/h5><ul><li>Antrag f\u00fcr neue Abonnements einschlie\u00dflich Kaution: Ab 25 Euro<\/li><li>\u00dcbertragung eines bestehenden Abonnements: Ab 25 Euro<\/li><\/ul><h5><b><strong>Kosten f\u00fcr die kommunale Grundsteuer<\/strong><\/b><\/h5><ul><li>Abh\u00e4ngig von der Gr\u00f6\u00dfe (m\u00b2), Art und Lage der Immobilie: Ab 25 Euro<\/li><\/ul><h5><b><strong>Kosten f\u00fcr die Immobilienversicherung<\/strong><\/b><\/h5><ul><li>Abh\u00e4ngig von der Gr\u00f6\u00dfe, der Art und dem Wert der Immobilie: Ab 30 Euro<\/li><\/ul>\t\t\t\t\t\t<\/div>\n\t\t\t\t<\/div>\n\t\t\t\t\t<\/div>\n\t\t\t\t<\/div>\n\t\t<div class=\"elementor-element elementor-element-1be97b3f e-flex e-con-boxed e-con e-parent\" data-id=\"1be97b3f\" data-element_type=\"container\" data-core-v316-plus=\"true\">\n\t\t\t\t\t<div class=\"e-con-inner\">\n\t\t\t\t<div class=\"elementor-element elementor-element-d875d3c elementor-widget-divider--view-line elementor-widget elementor-widget-divider\" data-id=\"d875d3c\" data-element_type=\"widget\" data-widget_type=\"divider.default\">\n\t\t\t\t<div class=\"elementor-widget-container\">\n\t\t\t\t\t<div class=\"elementor-divider\">\n\t\t\t<span class=\"elementor-divider-separator\">\n\t\t\t\t\t\t<\/span>\n\t\t<\/div>\n\t\t\t\t<\/div>\n\t\t\t\t<\/div>\n\t\t\t\t\t<\/div>\n\t\t\t\t<\/div>\n\t\t<div class=\"elementor-element elementor-element-4fe6de36 e-flex e-con-boxed e-con e-parent\" data-id=\"4fe6de36\" data-element_type=\"container\" data-core-v316-plus=\"true\">\n\t\t\t\t\t<div class=\"e-con-inner\">\n\t\t<div class=\"elementor-element elementor-element-58198a3b e-con-full e-flex e-con e-child\" data-id=\"58198a3b\" data-element_type=\"container\">\n\t\t\t\t<div class=\"elementor-element elementor-element-67ae31da elementor-cta--skin-cover elementor-cta--valign-top elementor-animated-content elementor-bg-transform elementor-bg-transform-zoom-in elementor-widget elementor-widget-call-to-action\" data-id=\"67ae31da\" data-element_type=\"widget\" data-widget_type=\"call-to-action.default\">\n\t\t\t\t<div class=\"elementor-widget-container\">\n\t\t\t<link rel=\"stylesheet\" href=\"https:\/\/freedomestate.com.tr\/de\/wp-content\/plugins\/elementor-pro\/assets\/css\/widget-call-to-action.min.css\">\t\t<div class=\"elementor-cta\">\n\t\t\t\t\t<div class=\"elementor-cta__bg-wrapper\">\n\t\t\t\t<div class=\"elementor-cta__bg elementor-bg\" style=\"background-image: url(https:\/\/freedomestate.com.tr\/de\/wp-content\/uploads\/2024\/01\/services.jpg);\" role=\"img\" aria-label=\"Service cubes over white background\"><\/div>\n\t\t\t\t<div class=\"elementor-cta__bg-overlay\"><\/div>\n\t\t\t<\/div>\n\t\t\t\t\t\t\t<div class=\"elementor-cta__content\">\n\t\t\t\t\n\t\t\t\t\t\t\t\t\t<h2 class=\"elementor-cta__title elementor-cta__content-item elementor-content-item elementor-animated-item--grow\">\n\t\t\t\t\t\tUNSERE DIENSTLEISTUNGEN\t\t\t\t\t<\/h2>\n\t\t\t\t\n\t\t\t\t\n\t\t\t\t\t\t\t<\/div>\n\t\t\t\t\t\t<\/div>\n\t\t\t\t<\/div>\n\t\t\t\t<\/div>\n\t\t\t\t<div class=\"elementor-element elementor-element-2602ce8e elementor-cta--skin-cover elementor-cta--valign-top elementor-animated-content elementor-bg-transform elementor-bg-transform-zoom-in elementor-widget elementor-widget-call-to-action\" data-id=\"2602ce8e\" data-element_type=\"widget\" data-widget_type=\"call-to-action.default\">\n\t\t\t\t<div class=\"elementor-widget-container\">\n\t\t\t\t\t<div class=\"elementor-cta\">\n\t\t\t\t\t<div class=\"elementor-cta__bg-wrapper\">\n\t\t\t\t<div class=\"elementor-cta__bg elementor-bg\" style=\"background-image: url(https:\/\/freedomestate.com.tr\/de\/wp-content\/uploads\/2024\/01\/service-fees.jpg);\" role=\"img\" aria-label=\"Japanese woman keeping household accounts\"><\/div>\n\t\t\t\t<div class=\"elementor-cta__bg-overlay\"><\/div>\n\t\t\t<\/div>\n\t\t\t\t\t\t\t<div class=\"elementor-cta__content\">\n\t\t\t\t\n\t\t\t\t\t\t\t\t\t<h2 class=\"elementor-cta__title elementor-cta__content-item elementor-content-item elementor-animated-item--grow\">\n\t\t\t\t\t\tPROVISIONEN UND DIENSTLEISTUNGSGEB\u00dcHREN\t\t\t\t\t<\/h2>\n\t\t\t\t\n\t\t\t\t\n\t\t\t\t\t\t\t<\/div>\n\t\t\t\t\t\t<\/div>\n\t\t\t\t<\/div>\n\t\t\t\t<\/div>\n\t\t\t\t<\/div>\n\t\t<div class=\"elementor-element elementor-element-2806ea6c e-con-full e-flex e-con e-child\" data-id=\"2806ea6c\" data-element_type=\"container\">\n\t\t\t\t<div class=\"elementor-element elementor-element-64447ca0 elementor-cta--skin-cover elementor-cta--valign-top elementor-animated-content elementor-bg-transform elementor-bg-transform-zoom-in elementor-widget elementor-widget-call-to-action\" data-id=\"64447ca0\" data-element_type=\"widget\" data-widget_type=\"call-to-action.default\">\n\t\t\t\t<div class=\"elementor-widget-container\">\n\t\t\t\t\t<div class=\"elementor-cta\">\n\t\t\t\t\t<div class=\"elementor-cta__bg-wrapper\">\n\t\t\t\t<div class=\"elementor-cta__bg elementor-bg\" style=\"background-image: url(https:\/\/freedomestate.com.tr\/de\/wp-content\/uploads\/2024\/01\/before-after-services.jpg);\" role=\"img\" aria-label=\"Shopping online concept - Shopping service on The online web. with payment by credit card and offers home delivery. parcel or Paper cartons with a shopping cart on a laptop keyboard\"><\/div>\n\t\t\t\t<div class=\"elementor-cta__bg-overlay\"><\/div>\n\t\t\t<\/div>\n\t\t\t\t\t\t\t<div class=\"elementor-cta__content\">\n\t\t\t\t\n\t\t\t\t\t\t\t\t\t<h2 class=\"elementor-cta__title elementor-cta__content-item elementor-content-item elementor-animated-item--grow\">\n\t\t\t\t\t\tDIENSTLEISTUNGEN VOR UND NACH DEM VERKAUF\t\t\t\t\t<\/h2>\n\t\t\t\t\n\t\t\t\t\n\t\t\t\t\t\t\t<\/div>\n\t\t\t\t\t\t<\/div>\n\t\t\t\t<\/div>\n\t\t\t\t<\/div>\n\t\t\t\t<div class=\"elementor-element elementor-element-1c98478 elementor-cta--skin-cover elementor-cta--valign-top elementor-animated-content elementor-bg-transform elementor-bg-transform-zoom-in elementor-widget elementor-widget-call-to-action\" data-id=\"1c98478\" data-element_type=\"widget\" data-widget_type=\"call-to-action.default\">\n\t\t\t\t<div class=\"elementor-widget-container\">\n\t\t\t\t\t<div class=\"elementor-cta\">\n\t\t\t\t\t<div class=\"elementor-cta__bg-wrapper\">\n\t\t\t\t<div class=\"elementor-cta__bg elementor-bg\" style=\"background-image: url(https:\/\/freedomestate.com.tr\/de\/wp-content\/uploads\/2024\/01\/consultancy.jpg);\" role=\"img\" aria-label=\"consultancy\"><\/div>\n\t\t\t\t<div class=\"elementor-cta__bg-overlay\"><\/div>\n\t\t\t<\/div>\n\t\t\t\t\t\t\t<div class=\"elementor-cta__content\">\n\t\t\t\t\n\t\t\t\t\t\t\t\t\t<h2 class=\"elementor-cta__title elementor-cta__content-item elementor-content-item elementor-animated-item--grow\">\n\t\t\t\t\t\tBERATUNG\t\t\t\t\t<\/h2>\n\t\t\t\t\n\t\t\t\t\n\t\t\t\t\t\t\t<\/div>\n\t\t\t\t\t\t<\/div>\n\t\t\t\t<\/div>\n\t\t\t\t<\/div>\n\t\t\t\t<\/div>\n\t\t<div class=\"elementor-element elementor-element-46dee2f0 e-con-full e-flex e-con e-child\" data-id=\"46dee2f0\" data-element_type=\"container\">\n\t\t\t\t<div class=\"elementor-element elementor-element-b506ab elementor-cta--skin-cover elementor-cta--valign-top elementor-animated-content elementor-bg-transform elementor-bg-transform-zoom-in elementor-widget elementor-widget-call-to-action\" data-id=\"b506ab\" data-element_type=\"widget\" data-widget_type=\"call-to-action.default\">\n\t\t\t\t<div class=\"elementor-widget-container\">\n\t\t\t\t\t<div class=\"elementor-cta\">\n\t\t\t\t\t<div class=\"elementor-cta__bg-wrapper\">\n\t\t\t\t<div class=\"elementor-cta__bg elementor-bg\" style=\"background-image: url(https:\/\/freedomestate.com.tr\/de\/wp-content\/uploads\/2024\/01\/property-management.jpg);\" role=\"img\" aria-label=\"property management agreement\"><\/div>\n\t\t\t\t<div class=\"elementor-cta__bg-overlay\"><\/div>\n\t\t\t<\/div>\n\t\t\t\t\t\t\t<div class=\"elementor-cta__content\">\n\t\t\t\t\n\t\t\t\t\t\t\t\t\t<h2 class=\"elementor-cta__title elementor-cta__content-item elementor-content-item elementor-animated-item--grow\">\n\t\t\t\t\t\tIMMOBILIENVERWALTUNGSDIENSTE\t\t\t\t\t<\/h2>\n\t\t\t\t\n\t\t\t\t\n\t\t\t\t\t\t\t<\/div>\n\t\t\t\t\t\t<\/div>\n\t\t\t\t<\/div>\n\t\t\t\t<\/div>\n\t\t\t\t<div class=\"elementor-element elementor-element-36a2d99c elementor-cta--skin-cover elementor-cta--valign-top elementor-animated-content elementor-bg-transform elementor-bg-transform-zoom-in elementor-widget elementor-widget-call-to-action\" data-id=\"36a2d99c\" data-element_type=\"widget\" data-widget_type=\"call-to-action.default\">\n\t\t\t\t<div class=\"elementor-widget-container\">\n\t\t\t\t\t<div class=\"elementor-cta\">\n\t\t\t\t\t<div class=\"elementor-cta__bg-wrapper\">\n\t\t\t\t<div class=\"elementor-cta__bg elementor-bg\" style=\"background-image: url(https:\/\/freedomestate.com.tr\/de\/wp-content\/uploads\/2024\/01\/purchase-expanses.jpg);\" role=\"img\" aria-label=\"Mortgage concept. Model of a wooden house with financial savings. house purchase and expenses\"><\/div>\n\t\t\t\t<div class=\"elementor-cta__bg-overlay\"><\/div>\n\t\t\t<\/div>\n\t\t\t\t\t\t\t<div class=\"elementor-cta__content\">\n\t\t\t\t\n\t\t\t\t\t\t\t\t\t<h2 class=\"elementor-cta__title elementor-cta__content-item elementor-content-item elementor-animated-item--grow\">\n\t\t\t\t\t\tEINKAUFSKOSTEN\t\t\t\t\t<\/h2>\n\t\t\t\t\n\t\t\t\t\n\t\t\t\t\t\t\t<\/div>\n\t\t\t\t\t\t<\/div>\n\t\t\t\t<\/div>\n\t\t\t\t<\/div>\n\t\t\t\t<\/div>\n\t\t\t\t\t<\/div>\n\t\t\t\t<\/div>\n\t\t\t\t<\/div>\n\t\t","protected":false},"excerpt":{"rendered":"<p>KOSTEN DES IMMOBILIENERWERBS Bei den Geb\u00fchren und Steuern f\u00fcr Eigentumsurkunden in der T\u00fcrkei gibt es keine Unterschiede zwischen t\u00fcrkischen und ausl\u00e4ndischen B\u00fcrgern. Antalya\/Alanya ist die zweitgr\u00f6\u00dfte Provinz f\u00fcr den Grunderwerb durch Ausl\u00e4nder und auch eine der h\u00f6chsten Steuereinnahmen f\u00fcr die Regierung in Bezug auf die Kosten f\u00fcr den Immobilienerwerb. Kosten f\u00fcr die Ausstellung einer Vollmacht [&hellip;]<\/p>\n","protected":false},"author":1,"featured_media":0,"parent":0,"menu_order":0,"comment_status":"closed","ping_status":"closed","template":"","meta":{"footnotes":""},"class_list":["post-19033","page","type-page","status-publish","hentry"],"_links":{"self":[{"href":"https:\/\/freedomestate.com.tr\/de\/wp-json\/wp\/v2\/pages\/19033","targetHints":{"allow":["GET"]}}],"collection":[{"href":"https:\/\/freedomestate.com.tr\/de\/wp-json\/wp\/v2\/pages"}],"about":[{"href":"https:\/\/freedomestate.com.tr\/de\/wp-json\/wp\/v2\/types\/page"}],"author":[{"embeddable":true,"href":"https:\/\/freedomestate.com.tr\/de\/wp-json\/wp\/v2\/users\/1"}],"replies":[{"embeddable":true,"href":"https:\/\/freedomestate.com.tr\/de\/wp-json\/wp\/v2\/comments?post=19033"}],"version-history":[{"count":8,"href":"https:\/\/freedomestate.com.tr\/de\/wp-json\/wp\/v2\/pages\/19033\/revisions"}],"predecessor-version":[{"id":19456,"href":"https:\/\/freedomestate.com.tr\/de\/wp-json\/wp\/v2\/pages\/19033\/revisions\/19456"}],"wp:attachment":[{"href":"https:\/\/freedomestate.com.tr\/de\/wp-json\/wp\/v2\/media?parent=19033"}],"curies":[{"name":"wp","href":"https:\/\/api.w.org\/{rel}","templated":true}]}}