{"id":19029,"date":"2024-01-27T12:27:58","date_gmt":"2024-01-27T09:27:58","guid":{"rendered":"https:\/\/freedomestate.com.tr\/?page_id=19029"},"modified":"2024-04-09T12:47:26","modified_gmt":"2024-04-09T09:47:26","slug":"dienstleistungsgebuhren-und-provisionen","status":"publish","type":"page","link":"https:\/\/freedomestate.com.tr\/de\/dienstleistungsgebuhren-und-provisionen\/","title":{"rendered":"Dienstleistungsgeb\u00fchren und Provisionen"},"content":{"rendered":"\t\t<div data-elementor-type=\"wp-page\" data-elementor-id=\"19029\" class=\"elementor elementor-19029\" data-elementor-post-type=\"page\">\n\t\t\t\t<div class=\"elementor-element elementor-element-595e1c58 e-flex e-con-boxed e-con e-parent\" data-id=\"595e1c58\" data-element_type=\"container\" data-core-v316-plus=\"true\">\n\t\t\t\t\t<div class=\"e-con-inner\">\n\t\t\t\t<div class=\"elementor-element elementor-element-2619fa4c elementor-widget-divider--view-line elementor-widget elementor-widget-divider\" data-id=\"2619fa4c\" data-element_type=\"widget\" data-widget_type=\"divider.default\">\n\t\t\t\t<div class=\"elementor-widget-container\">\n\t\t\t<style>\/*! elementor - v3.20.0 - 13-03-2024 *\/\n.elementor-widget-divider{--divider-border-style:none;--divider-border-width:1px;--divider-color:#0c0d0e;--divider-icon-size:20px;--divider-element-spacing:10px;--divider-pattern-height:24px;--divider-pattern-size:20px;--divider-pattern-url:none;--divider-pattern-repeat:repeat-x}.elementor-widget-divider .elementor-divider{display:flex}.elementor-widget-divider .elementor-divider__text{font-size:15px;line-height:1;max-width:95%}.elementor-widget-divider .elementor-divider__element{margin:0 var(--divider-element-spacing);flex-shrink:0}.elementor-widget-divider .elementor-icon{font-size:var(--divider-icon-size)}.elementor-widget-divider .elementor-divider-separator{display:flex;margin:0;direction:ltr}.elementor-widget-divider--view-line_icon .elementor-divider-separator,.elementor-widget-divider--view-line_text .elementor-divider-separator{align-items:center}.elementor-widget-divider--view-line_icon .elementor-divider-separator:after,.elementor-widget-divider--view-line_icon .elementor-divider-separator:before,.elementor-widget-divider--view-line_text .elementor-divider-separator:after,.elementor-widget-divider--view-line_text .elementor-divider-separator:before{display:block;content:\"\";border-block-end:0;flex-grow:1;border-block-start:var(--divider-border-width) var(--divider-border-style) var(--divider-color)}.elementor-widget-divider--element-align-left .elementor-divider .elementor-divider-separator>.elementor-divider__svg:first-of-type{flex-grow:0;flex-shrink:100}.elementor-widget-divider--element-align-left .elementor-divider-separator:before{content:none}.elementor-widget-divider--element-align-left .elementor-divider__element{margin-left:0}.elementor-widget-divider--element-align-right .elementor-divider .elementor-divider-separator>.elementor-divider__svg:last-of-type{flex-grow:0;flex-shrink:100}.elementor-widget-divider--element-align-right .elementor-divider-separator:after{content:none}.elementor-widget-divider--element-align-right .elementor-divider__element{margin-right:0}.elementor-widget-divider--element-align-start .elementor-divider .elementor-divider-separator>.elementor-divider__svg:first-of-type{flex-grow:0;flex-shrink:100}.elementor-widget-divider--element-align-start .elementor-divider-separator:before{content:none}.elementor-widget-divider--element-align-start .elementor-divider__element{margin-inline-start:0}.elementor-widget-divider--element-align-end .elementor-divider .elementor-divider-separator>.elementor-divider__svg:last-of-type{flex-grow:0;flex-shrink:100}.elementor-widget-divider--element-align-end .elementor-divider-separator:after{content:none}.elementor-widget-divider--element-align-end .elementor-divider__element{margin-inline-end:0}.elementor-widget-divider:not(.elementor-widget-divider--view-line_text):not(.elementor-widget-divider--view-line_icon) .elementor-divider-separator{border-block-start:var(--divider-border-width) var(--divider-border-style) var(--divider-color)}.elementor-widget-divider--separator-type-pattern{--divider-border-style:none}.elementor-widget-divider--separator-type-pattern.elementor-widget-divider--view-line .elementor-divider-separator,.elementor-widget-divider--separator-type-pattern:not(.elementor-widget-divider--view-line) .elementor-divider-separator:after,.elementor-widget-divider--separator-type-pattern:not(.elementor-widget-divider--view-line) .elementor-divider-separator:before,.elementor-widget-divider--separator-type-pattern:not([class*=elementor-widget-divider--view]) .elementor-divider-separator{width:100%;min-height:var(--divider-pattern-height);-webkit-mask-size:var(--divider-pattern-size) 100%;mask-size:var(--divider-pattern-size) 100%;-webkit-mask-repeat:var(--divider-pattern-repeat);mask-repeat:var(--divider-pattern-repeat);background-color:var(--divider-color);-webkit-mask-image:var(--divider-pattern-url);mask-image:var(--divider-pattern-url)}.elementor-widget-divider--no-spacing{--divider-pattern-size:auto}.elementor-widget-divider--bg-round{--divider-pattern-repeat:round}.rtl .elementor-widget-divider .elementor-divider__text{direction:rtl}.e-con-inner>.elementor-widget-divider,.e-con>.elementor-widget-divider{width:var(--container-widget-width,100%);--flex-grow:var(--container-widget-flex-grow)}<\/style>\t\t<div class=\"elementor-divider\">\n\t\t\t<span class=\"elementor-divider-separator\">\n\t\t\t\t\t\t<\/span>\n\t\t<\/div>\n\t\t\t\t<\/div>\n\t\t\t\t<\/div>\n\t\t\t\t<div class=\"elementor-element elementor-element-1866dcbf elementor-widget elementor-widget-text-editor\" data-id=\"1866dcbf\" data-element_type=\"widget\" data-widget_type=\"text-editor.default\">\n\t\t\t\t<div class=\"elementor-widget-container\">\n\t\t\t<style>\/*! elementor - v3.20.0 - 13-03-2024 *\/\n.elementor-widget-text-editor.elementor-drop-cap-view-stacked .elementor-drop-cap{background-color:#69727d;color:#fff}.elementor-widget-text-editor.elementor-drop-cap-view-framed .elementor-drop-cap{color:#69727d;border:3px solid;background-color:transparent}.elementor-widget-text-editor:not(.elementor-drop-cap-view-default) .elementor-drop-cap{margin-top:8px}.elementor-widget-text-editor:not(.elementor-drop-cap-view-default) .elementor-drop-cap-letter{width:1em;height:1em}.elementor-widget-text-editor .elementor-drop-cap{float:left;text-align:center;line-height:1;font-size:50px}.elementor-widget-text-editor .elementor-drop-cap-letter{display:inline-block}<\/style>\t\t\t\t<div class=\"elementor-element elementor-element-0ac3e25 elementor-widget elementor-widget-text-editor\" data-id=\"0ac3e25\" data-element_type=\"widget\" data-widget_type=\"text-editor.default\"><div class=\"elementor-widget-container\"><div class=\"elementor-text-editor elementor-clearfix\"><h3><strong>Maklerprovisionen und Dienstleistungsgeb\u00fchren :<\/strong><\/h3><\/div><\/div><\/div>\t\t\t\t\t\t<\/div>\n\t\t\t\t<\/div>\n\t\t\t\t\t<\/div>\n\t\t\t\t<\/div>\n\t\t<div class=\"elementor-element elementor-element-2dc0462c e-flex e-con-boxed e-con e-parent\" data-id=\"2dc0462c\" data-element_type=\"container\" data-core-v316-plus=\"true\">\n\t\t\t\t\t<div class=\"e-con-inner\">\n\t\t\t\t<div class=\"elementor-element elementor-element-ccd0acc elementor-widget elementor-widget-text-editor\" data-id=\"ccd0acc\" data-element_type=\"widget\" data-widget_type=\"text-editor.default\">\n\t\t\t\t<div class=\"elementor-widget-container\">\n\t\t\t\t\t\t\t<h4><b>Verordnung \u00fcber die Maklerprovision:<\/b><\/h4><p>Gem\u00e4\u00df Artikel 20 der Immobilienhandelsverordnung darf die Servicegeb\u00fchr oder der Provisionssatz f\u00fcr gewerbliche Immobilientransaktionen vier (4) Prozent des im Maklervertrag angegebenen Verkaufspreises ohne Mehrwertsteuer nicht \u00fcberschreiten. Bei Mietgesch\u00e4ften darf die Servicegeb\u00fchr nicht h\u00f6her sein als der im Mietvertrag angegebene monatliche Betrag der Miete ohne Mehrwertsteuer. Sofern nichts anderes schriftlich vereinbart wurde, werden die Kosten f\u00fcr Dienstleistungen zu gleichen Teilen vom Eigent\u00fcmer, K\u00e4ufer oder Mieter getragen. Immobilienmaklern und -vermittlern ist es untersagt, f\u00fcr das Ausstellen einer Wohnung eine Geb\u00fchr zu verlangen. Immobilienmakler k\u00f6nnen nicht das Recht beanspruchen, die Immobilie oder ihren Preis anzuzeigen. Sie d\u00fcrfen jedoch nur dann eine Geb\u00fchr f\u00fcr den Versand erheben, wenn sich das Objekt au\u00dferhalb der Region befindet.<\/p><h5><b><strong>IDEAL ESTATES 0 % Provisionspolitik f\u00fcr Immobilienverk\u00e4ufe:<\/strong><\/b><\/h5><p>Alle Provisionen, Werbema\u00dfnahmen und sonstigen Kosten sind in den Verkaufspreisen unserer Immobilien enthalten. Wir werden keine zus\u00e4tzlichen Zahlungen von unseren Kunden verlangen. Daher wird es f\u00fcr Sie einfach sein, die Verkaufspreise mit anderen vergleichbaren Angeboten zu vergleichen.<\/p><h5><b><strong>Geb\u00fchren f\u00fcr Langzeitvermietung :<\/strong><\/b><\/h5><p>Die Servicegeb\u00fchr betr\u00e4gt 10 % des j\u00e4hrlichen Gesamtmietpreises + MwSt. (18 %), unabh\u00e4ngig von der Vertragslaufzeit.<\/p><p><b><em><strong>Tipp: Wenn Sie Ihr Haus \u00fcber eine Internet- oder Stra\u00dfensuche direkt vom Eigent\u00fcmer mieten, m\u00fcssen Sie keine Geb\u00fchren zahlen.<\/strong><\/em><\/b><\/p><h5><b><strong>Geb\u00fchren f\u00fcr Kurzzeitmieten :<\/strong><\/b><\/h5><p>In der T\u00fcrkei gibt es strenge Regeln und Vorschriften f\u00fcr Kurzzeitmieten. Die Geb\u00fchren f\u00fcr Kurzzeitmieten werden von den einzelnen Maklern festgelegt.<\/p><h3><b><strong>Hausverwaltungsdienste :<\/strong><\/b><\/h3><ul><li><b><strong>Transfer zum und vom Flughafen Antalya:<\/strong><\/b><\/li><li><b><strong>Transfer zum und vom Gazipasha Flughafen:<\/strong><\/b><\/li><\/ul><p><b><em><strong>Hinweis: Die Preise k\u00f6nnen je nach Anzahl der Passagiere und Fahrzeugmodell variieren.<\/strong><\/em><\/b> <b><em><strong>Bitte kontaktieren Sie uns f\u00fcr weitere pr\u0131c\u0131ng Informationen.<\/strong><\/em><\/b><\/p><ul><li><b><strong>Reinigungsdienste:<\/strong><\/b><\/li><\/ul><p><b><em><strong>Hinweis: Der Preis h\u00e4ngt von der Gr\u00f6\u00dfe der Wohnung und der Anzahl der Zimmer ab.<\/strong><\/em><\/b> <b><em><strong>Das Reinigungsmaterial ist im Preis inbegriffen.<\/strong><\/em><\/b> <b><em><strong>Es wird nur das Innere der Wohnung einschlie\u00dflich der Balkonb\u00f6den und Fenster gereinigt.<\/strong><\/em><\/b> <b><em><strong>Verglaste Balkonfenster und W\u00e4sche (einschlie\u00dflich Gardinen, Bettw\u00e4sche, Handt\u00fccher usw.) sind nicht im Preis inbegriffen, sondern werden extra berechnet.<\/strong><\/em><\/b><\/p><ul><li><b><em><strong>\u00dcberpr\u00fcfen und L\u00fcften Ihrer Wohnung:<\/strong><\/em><\/b> Preis auf Anfrage<\/li><li>Begleichung <b><strong>Ihrer Rechnungen und Ausgaben : <\/strong><\/b>Preis auf Anfrage<\/li><li><b><strong>Beaufsichtigung von Reparaturen und Renovierungen :<\/strong><\/b> Preis auf Anfrage<\/li><\/ul><h4><b><strong>Kostenlose Serv\u0131ces :<\/strong><\/b><\/h4><ul><li>Wir bieten professionelle Beratung bei der <a href=\"https:\/\/www.invest.gov.tr\/en\/investmentguide\/pages\/establishing-a-business.aspx\">Gr\u00fcndung eines Unternehmens in Alanya<\/a><\/li><li>Unser Team unterst\u00fctzt Sie mit kostenlosen Informationen und Beratung beim Kauf eines Hauses.<\/li><li>Wir bieten Ihnen ein wettbewerbsf\u00e4higes Marketing und Immobilienbewertungen, damit Ihre Immobilie sich von anderen abhebt.<\/li><li>Wir helfen Ihnen, alle Ihre Optionen f\u00fcr den Kauf eines Hauses zu navigieren.<\/li><li>Unterst\u00fctzung beim Kauf von M\u00f6beln f\u00fcr Ihr Haus.<\/li><li>Kostenlose Besichtigungen von Immobilien.<\/li><\/ul><p><em><strong>Bitte z\u00f6gern Sie nicht, einen unserer Immobilienmakler auf unserer Website zu kontaktieren, um weitere Einzelheiten zu den Servicegeb\u00fchren und Provisionen zu erfahren.<\/strong><\/em><\/p>\t\t\t\t\t\t<\/div>\n\t\t\t\t<\/div>\n\t\t\t\t\t<\/div>\n\t\t\t\t<\/div>\n\t\t<div class=\"elementor-element elementor-element-1af0a0f7 e-flex e-con-boxed e-con e-parent\" data-id=\"1af0a0f7\" data-element_type=\"container\" data-core-v316-plus=\"true\">\n\t\t\t\t\t<div class=\"e-con-inner\">\n\t\t\t\t<div class=\"elementor-element elementor-element-27d3639f elementor-widget-divider--view-line elementor-widget elementor-widget-divider\" data-id=\"27d3639f\" data-element_type=\"widget\" data-widget_type=\"divider.default\">\n\t\t\t\t<div class=\"elementor-widget-container\">\n\t\t\t\t\t<div class=\"elementor-divider\">\n\t\t\t<span class=\"elementor-divider-separator\">\n\t\t\t\t\t\t<\/span>\n\t\t<\/div>\n\t\t\t\t<\/div>\n\t\t\t\t<\/div>\n\t\t\t\t\t<\/div>\n\t\t\t\t<\/div>\n\t\t<div class=\"elementor-element elementor-element-1b424ff4 e-flex e-con-boxed e-con e-parent\" data-id=\"1b424ff4\" data-element_type=\"container\" data-core-v316-plus=\"true\">\n\t\t\t\t\t<div class=\"e-con-inner\">\n\t\t<div class=\"elementor-element elementor-element-507e798f e-con-full e-flex e-con e-child\" data-id=\"507e798f\" data-element_type=\"container\">\n\t\t\t\t<div class=\"elementor-element elementor-element-12559bb0 elementor-cta--skin-cover elementor-cta--valign-top elementor-animated-content elementor-bg-transform elementor-bg-transform-zoom-in elementor-widget elementor-widget-call-to-action\" data-id=\"12559bb0\" data-element_type=\"widget\" data-widget_type=\"call-to-action.default\">\n\t\t\t\t<div class=\"elementor-widget-container\">\n\t\t\t<link rel=\"stylesheet\" href=\"https:\/\/freedomestate.com.tr\/de\/wp-content\/plugins\/elementor-pro\/assets\/css\/widget-call-to-action.min.css\">\t\t<div class=\"elementor-cta\">\n\t\t\t\t\t<div class=\"elementor-cta__bg-wrapper\">\n\t\t\t\t<div class=\"elementor-cta__bg elementor-bg\" style=\"background-image: url(https:\/\/freedomestate.com.tr\/de\/wp-content\/uploads\/2024\/01\/services.jpg);\" role=\"img\" aria-label=\"Service cubes over white background\"><\/div>\n\t\t\t\t<div class=\"elementor-cta__bg-overlay\"><\/div>\n\t\t\t<\/div>\n\t\t\t\t\t\t\t<div class=\"elementor-cta__content\">\n\t\t\t\t\n\t\t\t\t\t\t\t\t\t<h2 class=\"elementor-cta__title elementor-cta__content-item elementor-content-item elementor-animated-item--grow\">\n\t\t\t\t\t\tUNSERE DIENSTLEISTUNGEN\t\t\t\t\t<\/h2>\n\t\t\t\t\n\t\t\t\t\n\t\t\t\t\t\t\t<\/div>\n\t\t\t\t\t\t<\/div>\n\t\t\t\t<\/div>\n\t\t\t\t<\/div>\n\t\t\t\t<div class=\"elementor-element elementor-element-66fbacb6 elementor-cta--skin-cover elementor-cta--valign-top elementor-animated-content elementor-bg-transform elementor-bg-transform-zoom-in elementor-widget elementor-widget-call-to-action\" data-id=\"66fbacb6\" data-element_type=\"widget\" data-widget_type=\"call-to-action.default\">\n\t\t\t\t<div class=\"elementor-widget-container\">\n\t\t\t\t\t<div class=\"elementor-cta\">\n\t\t\t\t\t<div class=\"elementor-cta__bg-wrapper\">\n\t\t\t\t<div class=\"elementor-cta__bg elementor-bg\" style=\"background-image: url(https:\/\/freedomestate.com.tr\/de\/wp-content\/uploads\/2024\/01\/service-fees.jpg);\" role=\"img\" aria-label=\"Japanese woman keeping household accounts\"><\/div>\n\t\t\t\t<div class=\"elementor-cta__bg-overlay\"><\/div>\n\t\t\t<\/div>\n\t\t\t\t\t\t\t<div class=\"elementor-cta__content\">\n\t\t\t\t\n\t\t\t\t\t\t\t\t\t<h2 class=\"elementor-cta__title elementor-cta__content-item elementor-content-item elementor-animated-item--grow\">\n\t\t\t\t\t\tPROVISIONEN UND DIENSTLEISTUNGSGEB\u00dcHREN\t\t\t\t\t<\/h2>\n\t\t\t\t\n\t\t\t\t\n\t\t\t\t\t\t\t<\/div>\n\t\t\t\t\t\t<\/div>\n\t\t\t\t<\/div>\n\t\t\t\t<\/div>\n\t\t\t\t<\/div>\n\t\t<div class=\"elementor-element elementor-element-e54566e e-con-full e-flex e-con e-child\" data-id=\"e54566e\" data-element_type=\"container\">\n\t\t\t\t<div class=\"elementor-element elementor-element-7ab1b509 elementor-cta--skin-cover elementor-cta--valign-top elementor-animated-content elementor-bg-transform elementor-bg-transform-zoom-in elementor-widget elementor-widget-call-to-action\" data-id=\"7ab1b509\" data-element_type=\"widget\" data-widget_type=\"call-to-action.default\">\n\t\t\t\t<div class=\"elementor-widget-container\">\n\t\t\t\t\t<div class=\"elementor-cta\">\n\t\t\t\t\t<div class=\"elementor-cta__bg-wrapper\">\n\t\t\t\t<div class=\"elementor-cta__bg elementor-bg\" style=\"background-image: url(https:\/\/freedomestate.com.tr\/de\/wp-content\/uploads\/2024\/01\/before-after-services.jpg);\" role=\"img\" aria-label=\"Shopping online concept - Shopping service on The online web. with payment by credit card and offers home delivery. parcel or Paper cartons with a shopping cart on a laptop keyboard\"><\/div>\n\t\t\t\t<div class=\"elementor-cta__bg-overlay\"><\/div>\n\t\t\t<\/div>\n\t\t\t\t\t\t\t<div class=\"elementor-cta__content\">\n\t\t\t\t\n\t\t\t\t\t\t\t\t\t<h2 class=\"elementor-cta__title elementor-cta__content-item elementor-content-item elementor-animated-item--grow\">\n\t\t\t\t\t\tDIENSTLEISTUNGEN VOR UND NACH DEM VERKAUF\t\t\t\t\t<\/h2>\n\t\t\t\t\n\t\t\t\t\n\t\t\t\t\t\t\t<\/div>\n\t\t\t\t\t\t<\/div>\n\t\t\t\t<\/div>\n\t\t\t\t<\/div>\n\t\t\t\t<div class=\"elementor-element elementor-element-be54471 elementor-cta--skin-cover elementor-cta--valign-top elementor-animated-content elementor-bg-transform elementor-bg-transform-zoom-in elementor-widget elementor-widget-call-to-action\" data-id=\"be54471\" data-element_type=\"widget\" data-widget_type=\"call-to-action.default\">\n\t\t\t\t<div class=\"elementor-widget-container\">\n\t\t\t\t\t<div class=\"elementor-cta\">\n\t\t\t\t\t<div class=\"elementor-cta__bg-wrapper\">\n\t\t\t\t<div class=\"elementor-cta__bg elementor-bg\" style=\"background-image: url(https:\/\/freedomestate.com.tr\/de\/wp-content\/uploads\/2024\/01\/consultancy.jpg);\" role=\"img\" aria-label=\"consultancy\"><\/div>\n\t\t\t\t<div class=\"elementor-cta__bg-overlay\"><\/div>\n\t\t\t<\/div>\n\t\t\t\t\t\t\t<div class=\"elementor-cta__content\">\n\t\t\t\t\n\t\t\t\t\t\t\t\t\t<h2 class=\"elementor-cta__title elementor-cta__content-item elementor-content-item elementor-animated-item--grow\">\n\t\t\t\t\t\tBERATUNG\t\t\t\t\t<\/h2>\n\t\t\t\t\n\t\t\t\t\n\t\t\t\t\t\t\t<\/div>\n\t\t\t\t\t\t<\/div>\n\t\t\t\t<\/div>\n\t\t\t\t<\/div>\n\t\t\t\t<\/div>\n\t\t<div class=\"elementor-element elementor-element-1bab7303 e-con-full e-flex e-con e-child\" data-id=\"1bab7303\" data-element_type=\"container\">\n\t\t\t\t<div class=\"elementor-element elementor-element-7ebf3573 elementor-cta--skin-cover elementor-cta--valign-top elementor-animated-content elementor-bg-transform elementor-bg-transform-zoom-in elementor-widget elementor-widget-call-to-action\" data-id=\"7ebf3573\" data-element_type=\"widget\" data-widget_type=\"call-to-action.default\">\n\t\t\t\t<div class=\"elementor-widget-container\">\n\t\t\t\t\t<div class=\"elementor-cta\">\n\t\t\t\t\t<div class=\"elementor-cta__bg-wrapper\">\n\t\t\t\t<div class=\"elementor-cta__bg elementor-bg\" style=\"background-image: url(https:\/\/freedomestate.com.tr\/de\/wp-content\/uploads\/2024\/01\/property-management.jpg);\" role=\"img\" aria-label=\"property management agreement\"><\/div>\n\t\t\t\t<div class=\"elementor-cta__bg-overlay\"><\/div>\n\t\t\t<\/div>\n\t\t\t\t\t\t\t<div class=\"elementor-cta__content\">\n\t\t\t\t\n\t\t\t\t\t\t\t\t\t<h2 class=\"elementor-cta__title elementor-cta__content-item elementor-content-item elementor-animated-item--grow\">\n\t\t\t\t\t\tIMMOBILIENVERWALTUNGSDIENSTE\t\t\t\t\t<\/h2>\n\t\t\t\t\n\t\t\t\t\n\t\t\t\t\t\t\t<\/div>\n\t\t\t\t\t\t<\/div>\n\t\t\t\t<\/div>\n\t\t\t\t<\/div>\n\t\t\t\t<div class=\"elementor-element elementor-element-3cea4d81 elementor-cta--skin-cover elementor-cta--valign-top elementor-animated-content elementor-bg-transform elementor-bg-transform-zoom-in elementor-widget elementor-widget-call-to-action\" data-id=\"3cea4d81\" data-element_type=\"widget\" data-widget_type=\"call-to-action.default\">\n\t\t\t\t<div class=\"elementor-widget-container\">\n\t\t\t\t\t<div class=\"elementor-cta\">\n\t\t\t\t\t<div class=\"elementor-cta__bg-wrapper\">\n\t\t\t\t<div class=\"elementor-cta__bg elementor-bg\" style=\"background-image: url(https:\/\/freedomestate.com.tr\/de\/wp-content\/uploads\/2024\/01\/purchase-expanses.jpg);\" role=\"img\" aria-label=\"Mortgage concept. Model of a wooden house with financial savings. house purchase and expenses\"><\/div>\n\t\t\t\t<div class=\"elementor-cta__bg-overlay\"><\/div>\n\t\t\t<\/div>\n\t\t\t\t\t\t\t<div class=\"elementor-cta__content\">\n\t\t\t\t\n\t\t\t\t\t\t\t\t\t<h2 class=\"elementor-cta__title elementor-cta__content-item elementor-content-item elementor-animated-item--grow\">\n\t\t\t\t\t\tEINKAUFSKOSTEN\t\t\t\t\t<\/h2>\n\t\t\t\t\n\t\t\t\t\n\t\t\t\t\t\t\t<\/div>\n\t\t\t\t\t\t<\/div>\n\t\t\t\t<\/div>\n\t\t\t\t<\/div>\n\t\t\t\t<\/div>\n\t\t\t\t\t<\/div>\n\t\t\t\t<\/div>\n\t\t\t\t<\/div>\n\t\t","protected":false},"excerpt":{"rendered":"<p>Maklerprovisionen und Dienstleistungsgeb\u00fchren : Verordnung \u00fcber die Maklerprovision: Gem\u00e4\u00df Artikel 20 der Immobilienhandelsverordnung darf die Servicegeb\u00fchr oder der Provisionssatz f\u00fcr gewerbliche Immobilientransaktionen vier (4) Prozent des im Maklervertrag angegebenen Verkaufspreises ohne Mehrwertsteuer nicht \u00fcberschreiten. Bei Mietgesch\u00e4ften darf die Servicegeb\u00fchr nicht h\u00f6her sein als der im Mietvertrag angegebene monatliche Betrag der Miete ohne Mehrwertsteuer. Sofern nichts [&hellip;]<\/p>\n","protected":false},"author":1,"featured_media":0,"parent":0,"menu_order":0,"comment_status":"closed","ping_status":"closed","template":"","meta":{"footnotes":""},"class_list":["post-19029","page","type-page","status-publish","hentry"],"_links":{"self":[{"href":"https:\/\/freedomestate.com.tr\/de\/wp-json\/wp\/v2\/pages\/19029","targetHints":{"allow":["GET"]}}],"collection":[{"href":"https:\/\/freedomestate.com.tr\/de\/wp-json\/wp\/v2\/pages"}],"about":[{"href":"https:\/\/freedomestate.com.tr\/de\/wp-json\/wp\/v2\/types\/page"}],"author":[{"embeddable":true,"href":"https:\/\/freedomestate.com.tr\/de\/wp-json\/wp\/v2\/users\/1"}],"replies":[{"embeddable":true,"href":"https:\/\/freedomestate.com.tr\/de\/wp-json\/wp\/v2\/comments?post=19029"}],"version-history":[{"count":11,"href":"https:\/\/freedomestate.com.tr\/de\/wp-json\/wp\/v2\/pages\/19029\/revisions"}],"predecessor-version":[{"id":19447,"href":"https:\/\/freedomestate.com.tr\/de\/wp-json\/wp\/v2\/pages\/19029\/revisions\/19447"}],"wp:attachment":[{"href":"https:\/\/freedomestate.com.tr\/de\/wp-json\/wp\/v2\/media?parent=19029"}],"curies":[{"name":"wp","href":"https:\/\/api.w.org\/{rel}","templated":true}]}}