{"id":18995,"date":"2024-01-26T05:54:59","date_gmt":"2024-01-26T02:54:59","guid":{"rendered":"https:\/\/freedomestate.com.tr\/?page_id=18995"},"modified":"2024-04-09T12:41:59","modified_gmt":"2024-04-09T09:41:59","slug":"dienstleistungen-vor-und-nach-dem-verkauf","status":"publish","type":"page","link":"https:\/\/freedomestate.com.tr\/de\/dienstleistungen-vor-und-nach-dem-verkauf\/","title":{"rendered":"Dienstleistungen vor und nach dem Verkauf"},"content":{"rendered":"\t\t<div data-elementor-type=\"wp-page\" data-elementor-id=\"18995\" class=\"elementor elementor-18995\" data-elementor-post-type=\"page\">\n\t\t\t\t<div class=\"elementor-element elementor-element-0f2aba8 e-flex e-con-boxed e-con e-parent\" data-id=\"0f2aba8\" data-element_type=\"container\" data-core-v316-plus=\"true\">\n\t\t\t\t\t<div class=\"e-con-inner\">\n\t\t\t\t<div class=\"elementor-element elementor-element-31a7c61 elementor-widget elementor-widget-heading\" data-id=\"31a7c61\" data-element_type=\"widget\" data-widget_type=\"heading.default\">\n\t\t\t\t<div class=\"elementor-widget-container\">\n\t\t\t<style>\/*! elementor - v3.20.0 - 13-03-2024 *\/\n.elementor-heading-title{padding:0;margin:0;line-height:1}.elementor-widget-heading .elementor-heading-title[class*=elementor-size-]>a{color:inherit;font-size:inherit;line-height:inherit}.elementor-widget-heading .elementor-heading-title.elementor-size-small{font-size:15px}.elementor-widget-heading .elementor-heading-title.elementor-size-medium{font-size:19px}.elementor-widget-heading .elementor-heading-title.elementor-size-large{font-size:29px}.elementor-widget-heading .elementor-heading-title.elementor-size-xl{font-size:39px}.elementor-widget-heading .elementor-heading-title.elementor-size-xxl{font-size:59px}<\/style><h2 class=\"elementor-heading-title elementor-size-default\">\nPre-Sales Services\n<\/h2>\t\t<\/div>\n\t\t\t\t<\/div>\n\t\t\t\t\t<\/div>\n\t\t\t\t<\/div>\n\t\t<div class=\"elementor-element elementor-element-b590b21 e-flex e-con-boxed e-con e-parent\" data-id=\"b590b21\" data-element_type=\"container\" data-core-v316-plus=\"true\">\n\t\t\t\t\t<div class=\"e-con-inner\">\n\t\t\t\t<div class=\"elementor-element elementor-element-79e6a07 elementor-widget elementor-widget-text-editor\" data-id=\"79e6a07\" data-element_type=\"widget\" data-widget_type=\"text-editor.default\">\n\t\t\t\t<div class=\"elementor-widget-container\">\n\t\t\t<style>\/*! elementor - v3.20.0 - 13-03-2024 *\/\n.elementor-widget-text-editor.elementor-drop-cap-view-stacked .elementor-drop-cap{background-color:#69727d;color:#fff}.elementor-widget-text-editor.elementor-drop-cap-view-framed .elementor-drop-cap{color:#69727d;border:3px solid;background-color:transparent}.elementor-widget-text-editor:not(.elementor-drop-cap-view-default) .elementor-drop-cap{margin-top:8px}.elementor-widget-text-editor:not(.elementor-drop-cap-view-default) .elementor-drop-cap-letter{width:1em;height:1em}.elementor-widget-text-editor .elementor-drop-cap{float:left;text-align:center;line-height:1;font-size:50px}.elementor-widget-text-editor .elementor-drop-cap-letter{display:inline-block}<\/style>\t\t\t\t<h4><b><strong>Dienstleistungen vor dem Verkauf (Pre-Sales), die Ideal Estates anbietet;<\/strong><\/b><\/h4><h6><b><strong>Organisation von Besichtigungsreisen, um Ihre Traumimmobilie zu finden<\/strong><\/b><\/h6><ul><li>Wenn Sie eine unserer Immobilien besichtigen und kaufen m\u00f6chten, k\u00f6nnen wir eine ma\u00dfgeschneiderte Besichtigung organisieren.<\/li><\/ul><h6><b><strong>Pr\u00e4sentation der besten Immobilien und wertvollen Optionen f\u00fcr Sie<\/strong><\/b><\/h6><ul><li>Wir haben verschiedene alternative Immobilien, die Ihrem Budget und Ihren Bed\u00fcrfnissen entsprechen, und Sie k\u00f6nnen aus allen geeigneten Immobilien in unserem Portfolio w\u00e4hlen. Es geht nicht nur darum, eine Immobilie f\u00fcr Sie zu finden, sondern auch darum, SIE mit IHRER perfekten Immobilie zusammenzubringen.<\/li><li>Wenn Sie mit den Optionen auf unserer Website nicht zufrieden sind, k\u00f6nnen Sie sich gerne an unsere hochqualifizierten Fachleute wenden, um zus\u00e4tzliche Beratung zu erhalten. Sie k\u00f6nnten in keinen besseren H\u00e4nden sein!<\/li><\/ul><h6><b><strong>Ausf\u00fchrliche Erl\u00e4uterung des Kaufprozesses<\/strong><\/b><\/h6><ul><li>Bevor Sie kaufen oder eine unserer Optionen in Anspruch nehmen, kl\u00e4ren wir Sie gr\u00fcndlich \u00fcber alles auf, was Sie wissen m\u00fcssen.<\/li><li>Bitte z\u00f6gern Sie nicht, Fragen zu stellen oder Bedenken bez\u00fcglich Ihrer Immobilie oder der rechtlichen Kaufabwicklung zu \u00e4u\u00dfern.<\/li><\/ul><h6><b>Detaillierte Erl\u00e4uterung der Kaufkosten<\/b><\/h6><ul><li>Wir berechnen und informieren Sie \u00fcber alle Details der Kaufkosten, bevor Sie sich zum Kauf einer Immobilie entschlie\u00dfen.<\/li><\/ul><h6><b><strong>Ausf\u00fchrliche Erl\u00e4uterung der Grundsteuer<\/strong><\/b><\/h6><ul><li>Wir unterst\u00fctzen Sie bei der Berechnung aller Arten von Grundsteuern vor dem Kauf.<\/li><\/ul><h6><b>Auf Wunsch begleiten wir Sie auch zu jeder Bank in der T\u00fcrkei, um Sie bei der Aufnahme einer Hypothek zu unterst\u00fctzen.<\/b><\/h6><ul><li>Wenn Sie ein Darlehen f\u00fcr den Kauf einer Immobilie ben\u00f6tigen, k\u00f6nnen wir Sie zu verschiedenen Banken begleiten, um alle notwendigen Informationen zu erhalten.<\/li><li>Es steht Ihnen frei, die Bank zu w\u00e4hlen, die Ihnen die besten Kreditbedingungen bietet.<\/li><\/ul><h6><b><strong>Vorbereitung aller f\u00fcr die Ausf\u00fchrung des Kaufvertrags erforderlichen Dokumente<\/strong><\/b><\/h6><ul><li>Vorbereitung der erforderlichen Unterlagen und Genehmigungen f\u00fcr die Immobilie vor dem Kauf.<\/li><li>Organisation der notwendigen Unterlagen sowohl f\u00fcr den Verk\u00e4ufer als auch f\u00fcr den K\u00e4ufer.<\/li><li>Vorbereitung des Kaufvertrags, der zwischen dem Verk\u00e4ufer und dem K\u00e4ufer geschlossen wird.<\/li><li>Wenn ein Vertrag und die vereinbarten Bedingungen noch nicht ausgearbeitet sind, wird der Anwalt oder Immobilienmakler den Kaufvertrag so aufsetzen, dass alle Parteien zufrieden sind, indem er ihre W\u00fcnsche legalisiert.<\/li><li>Liegt ein schriftlicher Vertrag vor, pr\u00fcft der Rechtsanwalt oder Immobilienmakler den Vertrag, um sicherzustellen, dass er weder die Rechte des K\u00e4ufers noch die des Verk\u00e4ufers verletzt und dass er v\u00f6llig legal ist.<\/li><\/ul><h6><b><strong>Auf Wunsch vereinbaren wir einen Termin mit einem Anwalt.<\/strong><\/b><\/h6><ul><li>Gem\u00e4\u00df den Privatgesetzen in der T\u00fcrkei kann IDEAL Estates w\u00e4hrend der Unterzeichnung des Kaufvertrags einen Termin mit einem Rechtsanwalt vereinbaren, wenn der K\u00e4ufer oder der Verk\u00e4ufer die Anwesenheit eines Rechtsanwalts zur Rechtsberatung w\u00fcnscht.<\/li><li>Es steht Ihnen frei, sich von dem Anwalt beraten zu lassen, der Ihnen das gr\u00f6\u00dfte Vertrauen entgegenbringt.<\/li><\/ul><h6><b><strong>Unterst\u00fctzung bei der Beantragung einer Steuer-ID-Nummer<\/strong><\/b><\/h6><ul><li>Wir helfen bei der Vorbereitung der notwendigen Dokumente, um eine Steueridentifikationsnummer in der T\u00fcrkei zu erhalten.<\/li><\/ul><h6><b><strong>Hilfestellung bei der Er\u00f6ffnung eines Bankkontos<\/strong><\/b><\/h6><ul><li>Wir helfen bei der Vorbereitung der notwendigen Dokumente f\u00fcr die Er\u00f6ffnung eines Bankkontos.<\/li><\/ul>\t\t\t\t\t\t<\/div>\n\t\t\t\t<\/div>\n\t\t\t\t<div class=\"elementor-element elementor-element-110efdb elementor-widget elementor-widget-text-editor\" data-id=\"110efdb\" data-element_type=\"widget\" data-widget_type=\"text-editor.default\">\n\t\t\t\t<div class=\"elementor-widget-container\">\n\t\t\t\t\t\t\t<h6><em><strong>Z\u00f6gern Sie nicht, einen unserer Immobilienmakler auf unserer Website zu kontaktieren, um weitere Einzelheiten \u00fcber unsere Pre-Sales Services zu erfahren.<\/strong><\/em><\/h6>\t\t\t\t\t\t<\/div>\n\t\t\t\t<\/div>\n\t\t\t\t<div class=\"elementor-element elementor-element-4f9f0ce elementor-widget elementor-widget-heading\" data-id=\"4f9f0ce\" data-element_type=\"widget\" data-widget_type=\"heading.default\">\n\t\t\t\t<div class=\"elementor-widget-container\">\n\t\t\t<h2 class=\"elementor-heading-title elementor-size-default\">After-Sales-Dienste<\/h2>\t\t<\/div>\n\t\t\t\t<\/div>\n\t\t\t\t<div class=\"elementor-element elementor-element-9e8a533 elementor-widget elementor-widget-text-editor\" data-id=\"9e8a533\" data-element_type=\"widget\" data-widget_type=\"text-editor.default\">\n\t\t\t\t<div class=\"elementor-widget-container\">\n\t\t\t\t\t\t\t<h4><b>Dienstleistungen nach dem Kauf, die Ideal Estates anbietet;<\/b><\/h4><h6><b><strong>Unterst\u00fctzung bei der Eintragung Ihrer Eigentumsurkunde<\/strong><\/b><\/h6><ul><li>Wir helfen Ihnen, einen Termin beim Grundbuchamt zu bekommen, um die Registrierung der Eigentumsurkunde zu beantragen.<\/li><li>Vorbereitung der notwendigen Dokumente f\u00fcr die Immobilie sowohl vom K\u00e4ufer als auch vom Verk\u00e4ufer.<\/li><li>Vermittlung eines vereidigten Dolmetschers, wenn eine der Parteien kein T\u00fcrkisch spricht.<\/li><li>Unterst\u00fctzung bei der Erstellung eines Immobiliengutachtens durch einen von SPK zertifizierten Sachverst\u00e4ndigen.<\/li><li>Beschaffung des von der zust\u00e4ndigen Gemeinde ausgestellten &#8220;Immobilien-Aktuellen Marktwertes&#8221;.<\/li><li>Organisation einer Erdbebenversicherung (DASK)<\/li><\/ul><h6><b><strong>Anmeldung der Immobilie unter Ihrem Namen bei der Gemeinde<\/strong><\/b><\/h6><ul><li>Wir helfen Ihnen bei der Anmeldung bei der \u00f6rtlichen Gemeinde, um die j\u00e4hrliche Grundsteuer zu zahlen.<\/li><\/ul><h6><b><strong>Wir helfen Ihnen bei der Anmeldung von Abonnements wie z.B.:<\/strong><\/b><\/h6><ul><li>Elektrizit\u00e4t, Wasser, Telefon\/WiFi, falls erforderlich.<\/li><\/ul><h6><b><strong>Wir unterst\u00fctzen Sie bei automatischen \u00dcberweisungen von Ihrem Bankkonto.<\/strong><\/b><\/h6><ul><li>Nach der Anmeldung der Strom- und Wasserabonnements k\u00f6nnen Sie automatische \u00dcberweisungen von Ihrer Bank direkt an den Versorger einrichten, so dass Sie nicht mehr den \u00dcberblick \u00fcber die monatlichen Rechnungen und fehlende Zahlungen behalten m\u00fcssen.<\/li><\/ul><h4><b><strong>Hilfe bei der Einrichtung und Dekoration Ihres Hauses<\/strong><\/b><\/h4><ul><li>Unterst\u00fctzung oder Empfehlung von M\u00f6belh\u00e4usern und Haushaltswarengesch\u00e4ften mit Qualit\u00e4ts- und Servicegarantie und g\u00fcnstigen Preisen.<\/li><li>Wir bieten M\u00f6belpakete an, die sich nach Ihrem Budget und der Gr\u00f6\u00dfe Ihrer Wohnung richten. Sie werden feststellen, dass diese sorgf\u00e4ltig ausgew\u00e4hlten und von Innenarchitekten zusammengestellten M\u00f6belpakete die perfekte Einrichtungsl\u00f6sung f\u00fcr Ihre Immobilie darstellen. Ganz gleich, ob Sie Ihre Immobilie kaufen, um sie zu vermieten oder ganzt\u00e4gig zu bewohnen, unsere M\u00f6belpakete werden Ihre Bed\u00fcrfnisse erf\u00fcllen.<\/li><\/ul><h6><b><strong>Wo Sie Qualit\u00e4tsm\u00f6bel und langlebige Produkte kaufen k\u00f6nnen<\/strong><\/b><\/h6><p>Sie k\u00f6nnen Ihre M\u00f6bel auch in die T\u00fcrkei mitbringen. Sie werden Tausende von guten Optionen zu erschwinglichen Preisen finden, von authentischen lokalen M\u00f6beln bis hin zu M\u00f6beln im internationalen Stil. Um mehr \u00fcber die f\u00fcr das laufende Jahr in der T\u00fcrkei verf\u00fcgbaren M\u00f6bel zu erfahren, suchen Sie bitte in Ihrem Browser nach &#8220;M\u00f6bel&#8221; oder &#8220;M\u00f6bel T\u00fcrkei&#8221;. Einige der gr\u00f6\u00dften M\u00f6belunternehmen und M\u00f6belhersteller, deren Webseiten auf Englisch sind, sind:<\/p><p><a href=\"http:\/\/www.istikbal.com.tr\/sourcedesign\/ISTIKBAL.asp?web_id=istikbal&amp;sayfa_id=istikbal.eng_anasayfa\">www.istikbal.com.tr<\/a><\/p><p><a href=\"http:\/\/www.kelebek.com.tr\/en\/default2.asp\">kelebek.com.tr<\/a><\/p><p><a href=\"http:\/\/www.albimo.com.tr\/\">www.albimo.com.tr<\/a><\/p><p>Sie k\u00f6nnen auch viele Einzelhandelsgesch\u00e4fte und M\u00f6belausstellungsr\u00e4ume in der T\u00fcrkei besuchen.<\/p><p>K\u00fchlschrank, Waschmaschine\/Trockner, Fernseher, Ofen, DVD\/CD-Player\/Drucker, Computer usw. Sie k\u00f6nnen langlebige technische Haushaltsgegenst\u00e4nde, die nach hohen Standards hergestellt werden, zu sehr erschwinglichen Preisen kaufen. Auf den unten aufgef\u00fchrten englischsprachigen Websites k\u00f6nnen Sie sich die Produkte einiger der gr\u00f6\u00dften t\u00fcrkischen Hersteller langlebiger Technik ansehen. Sie k\u00f6nnen auch Dutzende von Einzelhandelsgesch\u00e4ften in Alanya finden, wo diese Produkte verkauft werden.<\/p><p><a href=\"http:\/\/www.arcelik.com.tr\/english\/\">www.arcelik.com.tr<\/a><\/p><p><a href=\"http:\/\/www.beko.com\">www.beko.com<\/a><\/p><p><a href=\"https:\/\/new.siemens.com\/tr\/tr.html\">Siemens.com.tr<\/a><\/p><h6><b><strong>Unterst\u00fctzung bei Ihrer Sachversicherung<\/strong><\/b><\/h6><ul><li>Auf Wunsch k\u00f6nnen wir Sie auch bei Ihrer Hausversicherung unterst\u00fctzen<\/li><li>Versicherungen wie Hausratversicherung, Haftpflichtversicherung, Kfz-Versicherung und alle anderen notwendigen Versicherungen k\u00f6nnen von IDEAL Estates angeboten werden.<\/li><\/ul><h6><b><em><strong>Z\u00f6gern Sie nicht, einen unserer Immobilienmakler auf unserer Website zu kontaktieren, um weitere Einzelheiten zu erfahren.<\/strong><\/em><\/b><\/h6>\t\t\t\t\t\t<\/div>\n\t\t\t\t<\/div>\n\t\t\t\t\t<\/div>\n\t\t\t\t<\/div>\n\t\t\t\t<\/div>\n\t\t","protected":false},"excerpt":{"rendered":"<p>Pre-Sales Services Dienstleistungen vor dem Verkauf (Pre-Sales), die Ideal Estates anbietet; Organisation von Besichtigungsreisen, um Ihre Traumimmobilie zu finden Wenn Sie eine unserer Immobilien besichtigen und kaufen m\u00f6chten, k\u00f6nnen wir eine ma\u00dfgeschneiderte Besichtigung organisieren. Pr\u00e4sentation der besten Immobilien und wertvollen Optionen f\u00fcr Sie Wir haben verschiedene alternative Immobilien, die Ihrem Budget und Ihren Bed\u00fcrfnissen entsprechen, [&hellip;]<\/p>\n","protected":false},"author":1,"featured_media":0,"parent":0,"menu_order":0,"comment_status":"closed","ping_status":"closed","template":"template\/template-homepage.php","meta":{"footnotes":""},"class_list":["post-18995","page","type-page","status-publish","hentry"],"_links":{"self":[{"href":"https:\/\/freedomestate.com.tr\/de\/wp-json\/wp\/v2\/pages\/18995","targetHints":{"allow":["GET"]}}],"collection":[{"href":"https:\/\/freedomestate.com.tr\/de\/wp-json\/wp\/v2\/pages"}],"about":[{"href":"https:\/\/freedomestate.com.tr\/de\/wp-json\/wp\/v2\/types\/page"}],"author":[{"embeddable":true,"href":"https:\/\/freedomestate.com.tr\/de\/wp-json\/wp\/v2\/users\/1"}],"replies":[{"embeddable":true,"href":"https:\/\/freedomestate.com.tr\/de\/wp-json\/wp\/v2\/comments?post=18995"}],"version-history":[{"count":8,"href":"https:\/\/freedomestate.com.tr\/de\/wp-json\/wp\/v2\/pages\/18995\/revisions"}],"predecessor-version":[{"id":19435,"href":"https:\/\/freedomestate.com.tr\/de\/wp-json\/wp\/v2\/pages\/18995\/revisions\/19435"}],"wp:attachment":[{"href":"https:\/\/freedomestate.com.tr\/de\/wp-json\/wp\/v2\/media?parent=18995"}],"curies":[{"name":"wp","href":"https:\/\/api.w.org\/{rel}","templated":true}]}}