{"id":18802,"date":"2024-01-03T04:07:34","date_gmt":"2024-01-03T01:07:34","guid":{"rendered":"https:\/\/freedomestate.com.tr\/?page_id=18802"},"modified":"2024-03-21T02:01:26","modified_gmt":"2024-03-20T23:01:26","slug":"artikel","status":"publish","type":"page","link":"https:\/\/freedomestate.com.tr\/de\/artikel\/","title":{"rendered":"Artikel"},"content":{"rendered":"\t\t<div data-elementor-type=\"wp-page\" data-elementor-id=\"18802\" class=\"elementor elementor-18802\" data-elementor-post-type=\"page\">\n\t\t\t\t<div class=\"elementor-element elementor-element-b2bc36e e-flex e-con-boxed e-con e-parent\" data-id=\"b2bc36e\" data-element_type=\"container\" data-core-v316-plus=\"true\">\n\t\t\t\t\t<div class=\"e-con-inner\">\n\t\t\t\t<div class=\"elementor-element elementor-element-896940a elementor-widget elementor-widget-houzez_elementor_blog_posts\" data-id=\"896940a\" data-element_type=\"widget\" data-widget_type=\"houzez_elementor_blog_posts.default\">\n\t\t\t\t<div class=\"elementor-widget-container\">\n\t\t\t\n        <div class=\"blog-posts-module blog-posts-module-v1\">\n            <div class=\"row module-row\">\n                                    <div class=\"col-lg-4 col-md-6\">\n                        <div id=\"post-637\" class=\"blog-post-item blog-post-item-v1 post-637 post type-post status-publish format-standard has-post-thumbnail hentry category-business tag-apartment tag-business-development tag-house-for-families tag-houzez tag-luxury tag-real-estate\">\n\t\n\t\t<div class=\"blog-post-thumb\">\n\t\t<a href=\"https:\/\/freedomestate.com.tr\/de\/fertigkeiten-die-sie-auf-dem-immobilienmarkt-erlernen-konnen\/\" class=\"hover-effect\">\n\t\t\t<img fetchpriority=\"high\" decoding=\"async\" width=\"592\" height=\"444\" src=\"https:\/\/freedomestate.com.tr\/de\/wp-content\/uploads\/2023\/01\/header-01-1-592x444.jpg\" class=\"img-fluid wp-post-image\" alt=\"\" srcset=\"https:\/\/freedomestate.com.tr\/de\/wp-content\/uploads\/2023\/01\/header-01-1-592x444.jpg 592w, https:\/\/freedomestate.com.tr\/de\/wp-content\/uploads\/2023\/01\/header-01-1-584x438.jpg 584w, https:\/\/freedomestate.com.tr\/de\/wp-content\/uploads\/2023\/01\/header-01-1-120x90.jpg 120w\" sizes=\"(max-width: 592px) 100vw, 592px\" \/>\t\t<\/a>\n\t<\/div><!-- blog-post-thumb -->\n\t\n\t<div class=\"blog-post-content-wrap\">\n\t\t<div class=\"blog-post-meta\">\n\t\t\t<ul class=\"list-inline\">\n\t\t\t\t\n\t\t\t\t\t\t\t\t<li class=\"list-inline-item\">\n\t\t\t\t\t<i class=\"houzez-icon icon-tags mr-1\"><\/i> <a href=\"https:\/\/freedomestate.com.tr\/de\/kategori\/business\/\" rel=\"category tag\">Business<\/a>\t\t\t\t<\/li>\n\t\t\t\t\n\t\t\t<\/ul>\n\t\t<\/div><!-- blog-post-meta -->\n\t\t<div class=\"blog-post-title\">\n\t\t\t<h3><a href=\"https:\/\/freedomestate.com.tr\/de\/fertigkeiten-die-sie-auf-dem-immobilienmarkt-erlernen-konnen\/\">Fertigkeiten, die Sie auf dem Immobilienmarkt erlernen k\u00f6nnen<\/a><\/h3>\n\t\t<\/div><!-- blog-post-title -->\n\t\t<div class=\"blog-post-body\">\n\t\t\tLorem ipsum dolor sit amet, consectetur adipiscing elit. Duis mollis et sem sed sollicitudin. Donec...\t\t<\/div><!-- blog-post-body -->\n\t\t<div class=\"blog-post-link\">\n\t\t\t<a href=\"https:\/\/freedomestate.com.tr\/de\/fertigkeiten-die-sie-auf-dem-immobilienmarkt-erlernen-konnen\/\"><\/a>\n\t\t<\/div><!-- blog-post-link -->\n\t<\/div><!-- blog-post-content-wrap -->\n\t<\/div><!-- blog-post-item -->                    <\/div>\n                                    <div class=\"col-lg-4 col-md-6\">\n                        <div id=\"post-635\" class=\"blog-post-item blog-post-item-v1 post-635 post type-post status-publish format-standard has-post-thumbnail hentry category-construction tag-apartment tag-business-development tag-house-for-families tag-houzez tag-luxury tag-real-estate\">\n\t\n\t\t<div class=\"blog-post-thumb\">\n\t\t<a href=\"https:\/\/freedomestate.com.tr\/de\/erfahren-sie-die-wahrheit-uber-die-immobilienbranche\/\" class=\"hover-effect\">\n\t\t\t<img decoding=\"async\" width=\"592\" height=\"444\" src=\"https:\/\/freedomestate.com.tr\/de\/wp-content\/uploads\/2023\/01\/heaader-03-592x444.jpg\" class=\"img-fluid wp-post-image\" alt=\"\" srcset=\"https:\/\/freedomestate.com.tr\/de\/wp-content\/uploads\/2023\/01\/heaader-03-592x444.jpg 592w, https:\/\/freedomestate.com.tr\/de\/wp-content\/uploads\/2023\/01\/heaader-03-584x438.jpg 584w, https:\/\/freedomestate.com.tr\/de\/wp-content\/uploads\/2023\/01\/heaader-03-120x90.jpg 120w\" sizes=\"(max-width: 592px) 100vw, 592px\" \/>\t\t<\/a>\n\t<\/div><!-- blog-post-thumb -->\n\t\n\t<div class=\"blog-post-content-wrap\">\n\t\t<div class=\"blog-post-meta\">\n\t\t\t<ul class=\"list-inline\">\n\t\t\t\t\n\t\t\t\t\t\t\t\t<li class=\"list-inline-item\">\n\t\t\t\t\t<i class=\"houzez-icon icon-tags mr-1\"><\/i> <a href=\"https:\/\/freedomestate.com.tr\/de\/kategori\/construction\/\" rel=\"category tag\">Construction<\/a>\t\t\t\t<\/li>\n\t\t\t\t\n\t\t\t<\/ul>\n\t\t<\/div><!-- blog-post-meta -->\n\t\t<div class=\"blog-post-title\">\n\t\t\t<h3><a href=\"https:\/\/freedomestate.com.tr\/de\/erfahren-sie-die-wahrheit-uber-die-immobilienbranche\/\">Erfahren Sie die Wahrheit \u00fcber die Immobilienbranche<\/a><\/h3>\n\t\t<\/div><!-- blog-post-title -->\n\t\t<div class=\"blog-post-body\">\n\t\t\tLorem ipsum dolor sit amet, consectetur adipiscing elit. Duis mollis et sem sed sollicitudin. Donec...\t\t<\/div><!-- blog-post-body -->\n\t\t<div class=\"blog-post-link\">\n\t\t\t<a href=\"https:\/\/freedomestate.com.tr\/de\/erfahren-sie-die-wahrheit-uber-die-immobilienbranche\/\"><\/a>\n\t\t<\/div><!-- blog-post-link -->\n\t<\/div><!-- blog-post-content-wrap -->\n\t<\/div><!-- blog-post-item -->                    <\/div>\n                                    <div class=\"col-lg-4 col-md-6\">\n                        <div id=\"post-633\" class=\"blog-post-item blog-post-item-v1 post-633 post type-post status-publish format-standard has-post-thumbnail hentry category-real-estate tag-apartment tag-business-development tag-house-for-families tag-houzez tag-luxury tag-real-estate\">\n\t\n\t\t<div class=\"blog-post-thumb\">\n\t\t<a href=\"https:\/\/freedomestate.com.tr\/de\/10-kurztipps-zur-unternehmensentwicklung\/\" class=\"hover-effect\">\n\t\t\t<img decoding=\"async\" width=\"592\" height=\"444\" src=\"https:\/\/freedomestate.com.tr\/de\/wp-content\/uploads\/2023\/01\/header-02-592x444.jpg\" class=\"img-fluid wp-post-image\" alt=\"\" srcset=\"https:\/\/freedomestate.com.tr\/de\/wp-content\/uploads\/2023\/01\/header-02-592x444.jpg 592w, https:\/\/freedomestate.com.tr\/de\/wp-content\/uploads\/2023\/01\/header-02-584x438.jpg 584w, https:\/\/freedomestate.com.tr\/de\/wp-content\/uploads\/2023\/01\/header-02-120x90.jpg 120w\" sizes=\"(max-width: 592px) 100vw, 592px\" \/>\t\t<\/a>\n\t<\/div><!-- blog-post-thumb -->\n\t\n\t<div class=\"blog-post-content-wrap\">\n\t\t<div class=\"blog-post-meta\">\n\t\t\t<ul class=\"list-inline\">\n\t\t\t\t\n\t\t\t\t\t\t\t\t<li class=\"list-inline-item\">\n\t\t\t\t\t<i class=\"houzez-icon icon-tags mr-1\"><\/i> <a href=\"https:\/\/freedomestate.com.tr\/de\/kategori\/real-estate\/\" rel=\"category tag\">Real Estate<\/a>\t\t\t\t<\/li>\n\t\t\t\t\n\t\t\t<\/ul>\n\t\t<\/div><!-- blog-post-meta -->\n\t\t<div class=\"blog-post-title\">\n\t\t\t<h3><a href=\"https:\/\/freedomestate.com.tr\/de\/10-kurztipps-zur-unternehmensentwicklung\/\">10 Kurztipps zur Unternehmensentwicklung<\/a><\/h3>\n\t\t<\/div><!-- blog-post-title -->\n\t\t<div class=\"blog-post-body\">\n\t\t\tLorem ipsum dolor sit amet, consectetur adipiscing elit. Duis mollis et sem sed sollicitudin. Donec...\t\t<\/div><!-- blog-post-body -->\n\t\t<div class=\"blog-post-link\">\n\t\t\t<a href=\"https:\/\/freedomestate.com.tr\/de\/10-kurztipps-zur-unternehmensentwicklung\/\"><\/a>\n\t\t<\/div><!-- blog-post-link -->\n\t<\/div><!-- blog-post-content-wrap -->\n\t<\/div><!-- blog-post-item -->                    <\/div>\n                                    <div class=\"col-lg-4 col-md-6\">\n                        <div id=\"post-631\" class=\"blog-post-item blog-post-item-v1 post-631 post type-post status-publish format-standard has-post-thumbnail hentry category-real-estate tag-apartment tag-business-development tag-house-for-families tag-houzez tag-luxury tag-real-estate\">\n\t\n\t\t<div class=\"blog-post-thumb\">\n\t\t<a href=\"https:\/\/freedomestate.com.tr\/de\/14-verbreitete-missverstandnisse-uber-geschaftsentwicklung\/\" class=\"hover-effect\">\n\t\t\t<img loading=\"lazy\" decoding=\"async\" width=\"592\" height=\"444\" src=\"https:\/\/freedomestate.com.tr\/de\/wp-content\/uploads\/2023\/01\/dubai-592x444.jpg\" class=\"img-fluid wp-post-image\" alt=\"\" srcset=\"https:\/\/freedomestate.com.tr\/de\/wp-content\/uploads\/2023\/01\/dubai-592x444.jpg 592w, https:\/\/freedomestate.com.tr\/de\/wp-content\/uploads\/2023\/01\/dubai-584x438.jpg 584w, https:\/\/freedomestate.com.tr\/de\/wp-content\/uploads\/2023\/01\/dubai-120x90.jpg 120w\" sizes=\"(max-width: 592px) 100vw, 592px\" \/>\t\t<\/a>\n\t<\/div><!-- blog-post-thumb -->\n\t\n\t<div class=\"blog-post-content-wrap\">\n\t\t<div class=\"blog-post-meta\">\n\t\t\t<ul class=\"list-inline\">\n\t\t\t\t\n\t\t\t\t\t\t\t\t<li class=\"list-inline-item\">\n\t\t\t\t\t<i class=\"houzez-icon icon-tags mr-1\"><\/i> <a href=\"https:\/\/freedomestate.com.tr\/de\/kategori\/real-estate\/\" rel=\"category tag\">Real Estate<\/a>\t\t\t\t<\/li>\n\t\t\t\t\n\t\t\t<\/ul>\n\t\t<\/div><!-- blog-post-meta -->\n\t\t<div class=\"blog-post-title\">\n\t\t\t<h3><a href=\"https:\/\/freedomestate.com.tr\/de\/14-verbreitete-missverstandnisse-uber-geschaftsentwicklung\/\">14 verbreitete Missverst\u00e4ndnisse \u00fcber Gesch\u00e4ftsentwicklung<\/a><\/h3>\n\t\t<\/div><!-- blog-post-title -->\n\t\t<div class=\"blog-post-body\">\n\t\t\tLorem ipsum dolor sit amet, consectetur adipiscing elit. Duis mollis et sem sed sollicitudin. Donec...\t\t<\/div><!-- blog-post-body -->\n\t\t<div class=\"blog-post-link\">\n\t\t\t<a href=\"https:\/\/freedomestate.com.tr\/de\/14-verbreitete-missverstandnisse-uber-geschaftsentwicklung\/\"><\/a>\n\t\t<\/div><!-- blog-post-link -->\n\t<\/div><!-- blog-post-content-wrap -->\n\t<\/div><!-- blog-post-item -->                    <\/div>\n                                    <div class=\"col-lg-4 col-md-6\">\n                        <div id=\"post-629\" class=\"blog-post-item blog-post-item-v1 post-629 post type-post status-publish format-standard has-post-thumbnail hentry category-business tag-apartment tag-business-development tag-house-for-families tag-houzez tag-luxury tag-real-estate\">\n\t\n\t\t<div class=\"blog-post-thumb\">\n\t\t<a href=\"https:\/\/freedomestate.com.tr\/de\/10-dinge-die-sie-von-ihren-konkurrenten-uber-immobilien-lernen-konnen\/\" class=\"hover-effect\">\n\t\t\t<img loading=\"lazy\" decoding=\"async\" width=\"592\" height=\"444\" src=\"https:\/\/freedomestate.com.tr\/de\/wp-content\/uploads\/2023\/01\/apartment-0004-592x444.jpg\" class=\"img-fluid wp-post-image\" alt=\"\" srcset=\"https:\/\/freedomestate.com.tr\/de\/wp-content\/uploads\/2023\/01\/apartment-0004-592x444.jpg 592w, https:\/\/freedomestate.com.tr\/de\/wp-content\/uploads\/2023\/01\/apartment-0004-584x438.jpg 584w, https:\/\/freedomestate.com.tr\/de\/wp-content\/uploads\/2023\/01\/apartment-0004-120x90.jpg 120w\" sizes=\"(max-width: 592px) 100vw, 592px\" \/>\t\t<\/a>\n\t<\/div><!-- blog-post-thumb -->\n\t\n\t<div class=\"blog-post-content-wrap\">\n\t\t<div class=\"blog-post-meta\">\n\t\t\t<ul class=\"list-inline\">\n\t\t\t\t\n\t\t\t\t\t\t\t\t<li class=\"list-inline-item\">\n\t\t\t\t\t<i class=\"houzez-icon icon-tags mr-1\"><\/i> <a href=\"https:\/\/freedomestate.com.tr\/de\/kategori\/business\/\" rel=\"category tag\">Business<\/a>\t\t\t\t<\/li>\n\t\t\t\t\n\t\t\t<\/ul>\n\t\t<\/div><!-- blog-post-meta -->\n\t\t<div class=\"blog-post-title\">\n\t\t\t<h3><a href=\"https:\/\/freedomestate.com.tr\/de\/10-dinge-die-sie-von-ihren-konkurrenten-uber-immobilien-lernen-konnen\/\">10 Dinge, die Sie von Ihren Konkurrenten \u00fcber Immobilien lernen k\u00f6nnen<\/a><\/h3>\n\t\t<\/div><!-- blog-post-title -->\n\t\t<div class=\"blog-post-body\">\n\t\t\tLorem ipsum dolor sit amet, consectetur adipiscing elit. Duis mollis et sem sed sollicitudin. Donec...\t\t<\/div><!-- blog-post-body -->\n\t\t<div class=\"blog-post-link\">\n\t\t\t<a href=\"https:\/\/freedomestate.com.tr\/de\/10-dinge-die-sie-von-ihren-konkurrenten-uber-immobilien-lernen-konnen\/\"><\/a>\n\t\t<\/div><!-- blog-post-link -->\n\t<\/div><!-- blog-post-content-wrap -->\n\t<\/div><!-- blog-post-item -->                    <\/div>\n                                    <div class=\"col-lg-4 col-md-6\">\n                        <div id=\"post-627\" class=\"blog-post-item blog-post-item-v1 post-627 post type-post status-publish format-standard has-post-thumbnail hentry category-construction tag-apartment tag-business-development tag-house-for-families tag-houzez tag-luxury tag-real-estate\">\n\t\n\t\t<div class=\"blog-post-thumb\">\n\t\t<a href=\"https:\/\/freedomestate.com.tr\/de\/warum-wir-immobilien-lieben\/\" class=\"hover-effect\">\n\t\t\t<img loading=\"lazy\" decoding=\"async\" width=\"592\" height=\"444\" src=\"https:\/\/freedomestate.com.tr\/de\/wp-content\/uploads\/2023\/01\/apartment-0006-592x444.jpg\" class=\"img-fluid wp-post-image\" alt=\"\" srcset=\"https:\/\/freedomestate.com.tr\/de\/wp-content\/uploads\/2023\/01\/apartment-0006-592x444.jpg 592w, https:\/\/freedomestate.com.tr\/de\/wp-content\/uploads\/2023\/01\/apartment-0006-584x438.jpg 584w, https:\/\/freedomestate.com.tr\/de\/wp-content\/uploads\/2023\/01\/apartment-0006-120x90.jpg 120w\" sizes=\"(max-width: 592px) 100vw, 592px\" \/>\t\t<\/a>\n\t<\/div><!-- blog-post-thumb -->\n\t\n\t<div class=\"blog-post-content-wrap\">\n\t\t<div class=\"blog-post-meta\">\n\t\t\t<ul class=\"list-inline\">\n\t\t\t\t\n\t\t\t\t\t\t\t\t<li class=\"list-inline-item\">\n\t\t\t\t\t<i class=\"houzez-icon icon-tags mr-1\"><\/i> <a href=\"https:\/\/freedomestate.com.tr\/de\/kategori\/construction\/\" rel=\"category tag\">Construction<\/a>\t\t\t\t<\/li>\n\t\t\t\t\n\t\t\t<\/ul>\n\t\t<\/div><!-- blog-post-meta -->\n\t\t<div class=\"blog-post-title\">\n\t\t\t<h3><a href=\"https:\/\/freedomestate.com.tr\/de\/warum-wir-immobilien-lieben\/\">Warum wir Immobilien lieben<\/a><\/h3>\n\t\t<\/div><!-- blog-post-title -->\n\t\t<div class=\"blog-post-body\">\n\t\t\tLorem ipsum dolor sit amet, consectetur adipiscing elit. Duis mollis et sem sed sollicitudin. Donec...\t\t<\/div><!-- blog-post-body -->\n\t\t<div class=\"blog-post-link\">\n\t\t\t<a href=\"https:\/\/freedomestate.com.tr\/de\/warum-wir-immobilien-lieben\/\"><\/a>\n\t\t<\/div><!-- blog-post-link -->\n\t<\/div><!-- blog-post-content-wrap -->\n\t<\/div><!-- blog-post-item -->                    <\/div>\n                                    <div class=\"col-lg-4 col-md-6\">\n                        <div id=\"post-625\" class=\"blog-post-item blog-post-item-v1 post-625 post type-post status-publish format-standard has-post-thumbnail hentry category-real-estate tag-apartment tag-business-development tag-house-for-families tag-houzez tag-luxury tag-real-estate\">\n\t\n\t\t<div class=\"blog-post-thumb\">\n\t\t<a href=\"https:\/\/freedomestate.com.tr\/de\/10-schnelle-tipps-uber-immobilien\/\" class=\"hover-effect\">\n\t\t\t<img loading=\"lazy\" decoding=\"async\" width=\"592\" height=\"444\" src=\"https:\/\/freedomestate.com.tr\/de\/wp-content\/uploads\/2023\/01\/apartment-0007-592x444.jpg\" class=\"img-fluid wp-post-image\" alt=\"\" srcset=\"https:\/\/freedomestate.com.tr\/de\/wp-content\/uploads\/2023\/01\/apartment-0007-592x444.jpg 592w, https:\/\/freedomestate.com.tr\/de\/wp-content\/uploads\/2023\/01\/apartment-0007-584x438.jpg 584w, https:\/\/freedomestate.com.tr\/de\/wp-content\/uploads\/2023\/01\/apartment-0007-120x90.jpg 120w\" sizes=\"(max-width: 592px) 100vw, 592px\" \/>\t\t<\/a>\n\t<\/div><!-- blog-post-thumb -->\n\t\n\t<div class=\"blog-post-content-wrap\">\n\t\t<div class=\"blog-post-meta\">\n\t\t\t<ul class=\"list-inline\">\n\t\t\t\t\n\t\t\t\t\t\t\t\t<li class=\"list-inline-item\">\n\t\t\t\t\t<i class=\"houzez-icon icon-tags mr-1\"><\/i> <a href=\"https:\/\/freedomestate.com.tr\/de\/kategori\/real-estate\/\" rel=\"category tag\">Real Estate<\/a>\t\t\t\t<\/li>\n\t\t\t\t\n\t\t\t<\/ul>\n\t\t<\/div><!-- blog-post-meta -->\n\t\t<div class=\"blog-post-title\">\n\t\t\t<h3><a href=\"https:\/\/freedomestate.com.tr\/de\/10-schnelle-tipps-uber-immobilien\/\">10 schnelle Tipps \u00fcber Immobilien<\/a><\/h3>\n\t\t<\/div><!-- blog-post-title -->\n\t\t<div class=\"blog-post-body\">\n\t\t\tLorem ipsum dolor sit amet, consectetur adipiscing elit. Duis mollis et sem sed sollicitudin. Donec...\t\t<\/div><!-- blog-post-body -->\n\t\t<div class=\"blog-post-link\">\n\t\t\t<a href=\"https:\/\/freedomestate.com.tr\/de\/10-schnelle-tipps-uber-immobilien\/\"><\/a>\n\t\t<\/div><!-- blog-post-link -->\n\t<\/div><!-- blog-post-content-wrap -->\n\t<\/div><!-- blog-post-item -->                    <\/div>\n                                    <div class=\"col-lg-4 col-md-6\">\n                        <div id=\"post-623\" class=\"blog-post-item blog-post-item-v1 post-623 post type-post status-publish format-standard hentry category-real-estate tag-apartment tag-business-development tag-house-for-families tag-houzez tag-luxury tag-real-estate\">\n\t\n\t\n\t<div class=\"blog-post-content-wrap\">\n\t\t<div class=\"blog-post-meta\">\n\t\t\t<ul class=\"list-inline\">\n\t\t\t\t\n\t\t\t\t\t\t\t\t<li class=\"list-inline-item\">\n\t\t\t\t\t<i class=\"houzez-icon icon-tags mr-1\"><\/i> <a href=\"https:\/\/freedomestate.com.tr\/de\/kategori\/real-estate\/\" rel=\"category tag\">Real Estate<\/a>\t\t\t\t<\/li>\n\t\t\t\t\n\t\t\t<\/ul>\n\t\t<\/div><!-- blog-post-meta -->\n\t\t<div class=\"blog-post-title\">\n\t\t\t<h3><a href=\"https:\/\/freedomestate.com.tr\/de\/15-beste-blogs-uber-immobilien-zu-folgen\/\">15 beste Blogs \u00fcber Immobilien zu folgen<\/a><\/h3>\n\t\t<\/div><!-- blog-post-title -->\n\t\t<div class=\"blog-post-body\">\n\t\t\tLorem ipsum dolor sit amet, consectetur adipiscing elit. Duis mollis et sem sed sollicitudin. Donec...\t\t<\/div><!-- blog-post-body -->\n\t\t<div class=\"blog-post-link\">\n\t\t\t<a href=\"https:\/\/freedomestate.com.tr\/de\/15-beste-blogs-uber-immobilien-zu-folgen\/\"><\/a>\n\t\t<\/div><!-- blog-post-link -->\n\t<\/div><!-- blog-post-content-wrap -->\n\t<\/div><!-- blog-post-item -->                    <\/div>\n                                    <div class=\"col-lg-4 col-md-6\">\n                        <div id=\"post-618\" class=\"blog-post-item blog-post-item-v1 post-618 post type-post status-publish format-standard has-post-thumbnail hentry category-business tag-apartment tag-business-development tag-house-for-families tag-houzez tag-luxury tag-real-estate\">\n\t\n\t\t<div class=\"blog-post-thumb\">\n\t\t<a href=\"https:\/\/freedomestate.com.tr\/de\/5-tools-die-jeder-in-der-immobilienbranche-nutzen-sollte\/\" class=\"hover-effect\">\n\t\t\t<img loading=\"lazy\" decoding=\"async\" width=\"592\" height=\"444\" src=\"https:\/\/freedomestate.com.tr\/de\/wp-content\/uploads\/2023\/01\/apartment-0001-592x444.jpg\" class=\"img-fluid wp-post-image\" alt=\"\" srcset=\"https:\/\/freedomestate.com.tr\/de\/wp-content\/uploads\/2023\/01\/apartment-0001-592x444.jpg 592w, https:\/\/freedomestate.com.tr\/de\/wp-content\/uploads\/2023\/01\/apartment-0001-584x438.jpg 584w, https:\/\/freedomestate.com.tr\/de\/wp-content\/uploads\/2023\/01\/apartment-0001-120x90.jpg 120w\" sizes=\"(max-width: 592px) 100vw, 592px\" \/>\t\t<\/a>\n\t<\/div><!-- blog-post-thumb -->\n\t\n\t<div class=\"blog-post-content-wrap\">\n\t\t<div class=\"blog-post-meta\">\n\t\t\t<ul class=\"list-inline\">\n\t\t\t\t\n\t\t\t\t\t\t\t\t<li class=\"list-inline-item\">\n\t\t\t\t\t<i class=\"houzez-icon icon-tags mr-1\"><\/i> <a href=\"https:\/\/freedomestate.com.tr\/de\/kategori\/business\/\" rel=\"category tag\">Business<\/a>\t\t\t\t<\/li>\n\t\t\t\t\n\t\t\t<\/ul>\n\t\t<\/div><!-- blog-post-meta -->\n\t\t<div class=\"blog-post-title\">\n\t\t\t<h3><a href=\"https:\/\/freedomestate.com.tr\/de\/5-tools-die-jeder-in-der-immobilienbranche-nutzen-sollte\/\">5 Tools, die jeder in der Immobilienbranche nutzen sollte<\/a><\/h3>\n\t\t<\/div><!-- blog-post-title -->\n\t\t<div class=\"blog-post-body\">\n\t\t\tLorem ipsum dolor sit amet, consectetur adipiscing elit. Duis mollis et sem sed sollicitudin. Donec...\t\t<\/div><!-- blog-post-body -->\n\t\t<div class=\"blog-post-link\">\n\t\t\t<a href=\"https:\/\/freedomestate.com.tr\/de\/5-tools-die-jeder-in-der-immobilienbranche-nutzen-sollte\/\"><\/a>\n\t\t<\/div><!-- blog-post-link -->\n\t<\/div><!-- blog-post-content-wrap -->\n\t<\/div><!-- blog-post-item -->                    <\/div>\n                                    <div class=\"col-lg-4 col-md-6\">\n                        <div id=\"post-616\" class=\"blog-post-item blog-post-item-v1 post-616 post type-post status-publish format-standard hentry category-construction tag-apartment tag-business-development tag-house-for-families tag-houzez tag-luxury tag-real-estate\">\n\t\n\t\n\t<div class=\"blog-post-content-wrap\">\n\t\t<div class=\"blog-post-meta\">\n\t\t\t<ul class=\"list-inline\">\n\t\t\t\t\n\t\t\t\t\t\t\t\t<li class=\"list-inline-item\">\n\t\t\t\t\t<i class=\"houzez-icon icon-tags mr-1\"><\/i> <a href=\"https:\/\/freedomestate.com.tr\/de\/kategori\/construction\/\" rel=\"category tag\">Construction<\/a>\t\t\t\t<\/li>\n\t\t\t\t\n\t\t\t<\/ul>\n\t\t<\/div><!-- blog-post-meta -->\n\t\t<div class=\"blog-post-title\">\n\t\t\t<h3><a href=\"https:\/\/freedomestate.com.tr\/de\/der-ultimative-spickzettel-fur-immobilien\/\">Der ultimative Spickzettel f\u00fcr Immobilien<\/a><\/h3>\n\t\t<\/div><!-- blog-post-title -->\n\t\t<div class=\"blog-post-body\">\n\t\t\tLorem ipsum dolor sit amet, consectetur adipiscing elit. Duis mollis et sem sed sollicitudin. Donec...\t\t<\/div><!-- blog-post-body -->\n\t\t<div class=\"blog-post-link\">\n\t\t\t<a href=\"https:\/\/freedomestate.com.tr\/de\/der-ultimative-spickzettel-fur-immobilien\/\"><\/a>\n\t\t<\/div><!-- blog-post-link -->\n\t<\/div><!-- blog-post-content-wrap -->\n\t<\/div><!-- blog-post-item -->                    <\/div>\n                                    <div class=\"col-lg-4 col-md-6\">\n                        <div id=\"post-1222\" class=\"blog-post-item blog-post-item-v1 post-1222 post type-post status-publish format-standard has-post-thumbnail hentry category-business tag-apartment tag-business-development tag-house-for-families tag-houzez tag-luxury tag-real-estate\">\n\t\n\t\t<div class=\"blog-post-thumb\">\n\t\t<a href=\"https:\/\/freedomestate.com.tr\/de\/verstehen-sie-den-immobilienmarkt\/\" class=\"hover-effect\">\n\t\t\t<img loading=\"lazy\" decoding=\"async\" width=\"592\" height=\"444\" src=\"https:\/\/freedomestate.com.tr\/de\/wp-content\/uploads\/2023\/01\/apartment-0011-592x444.jpg\" class=\"img-fluid wp-post-image\" alt=\"\" srcset=\"https:\/\/freedomestate.com.tr\/de\/wp-content\/uploads\/2023\/01\/apartment-0011-592x444.jpg 592w, https:\/\/freedomestate.com.tr\/de\/wp-content\/uploads\/2023\/01\/apartment-0011-584x438.jpg 584w, https:\/\/freedomestate.com.tr\/de\/wp-content\/uploads\/2023\/01\/apartment-0011-120x90.jpg 120w\" sizes=\"(max-width: 592px) 100vw, 592px\" \/>\t\t<\/a>\n\t<\/div><!-- blog-post-thumb -->\n\t\n\t<div class=\"blog-post-content-wrap\">\n\t\t<div class=\"blog-post-meta\">\n\t\t\t<ul class=\"list-inline\">\n\t\t\t\t\n\t\t\t\t\t\t\t\t<li class=\"list-inline-item\">\n\t\t\t\t\t<i class=\"houzez-icon icon-tags mr-1\"><\/i> <a href=\"https:\/\/freedomestate.com.tr\/de\/kategori\/business\/\" rel=\"category tag\">Business<\/a>\t\t\t\t<\/li>\n\t\t\t\t\n\t\t\t<\/ul>\n\t\t<\/div><!-- blog-post-meta -->\n\t\t<div class=\"blog-post-title\">\n\t\t\t<h3><a href=\"https:\/\/freedomestate.com.tr\/de\/verstehen-sie-den-immobilienmarkt\/\">Verstehen Sie den Immobilienmarkt<\/a><\/h3>\n\t\t<\/div><!-- blog-post-title -->\n\t\t<div class=\"blog-post-body\">\n\t\t\tLorem ipsum dolor sit amet, consectetur adipiscing elit. Duis mollis et sem sed sollicitudin. Donec...\t\t<\/div><!-- blog-post-body -->\n\t\t<div class=\"blog-post-link\">\n\t\t\t<a href=\"https:\/\/freedomestate.com.tr\/de\/verstehen-sie-den-immobilienmarkt\/\"><\/a>\n\t\t<\/div><!-- blog-post-link -->\n\t<\/div><!-- blog-post-content-wrap -->\n\t<\/div><!-- blog-post-item -->                    <\/div>\n                                    <div class=\"col-lg-4 col-md-6\">\n                        <div id=\"post-1221\" class=\"blog-post-item blog-post-item-v1 post-1221 post type-post status-publish format-standard hentry category-construction tag-apartment tag-business-development tag-house-for-families tag-houzez tag-luxury tag-real-estate\">\n\t\n\t\n\t<div class=\"blog-post-content-wrap\">\n\t\t<div class=\"blog-post-meta\">\n\t\t\t<ul class=\"list-inline\">\n\t\t\t\t\n\t\t\t\t\t\t\t\t<li class=\"list-inline-item\">\n\t\t\t\t\t<i class=\"houzez-icon icon-tags mr-1\"><\/i> <a href=\"https:\/\/freedomestate.com.tr\/de\/kategori\/construction\/\" rel=\"category tag\">Construction<\/a>\t\t\t\t<\/li>\n\t\t\t\t\n\t\t\t<\/ul>\n\t\t<\/div><!-- blog-post-meta -->\n\t\t<div class=\"blog-post-title\">\n\t\t\t<h3><a href=\"https:\/\/freedomestate.com.tr\/de\/immobilienbranche-und-wettbewerber\/\">Immobilienbranche und Wettbewerber<\/a><\/h3>\n\t\t<\/div><!-- blog-post-title -->\n\t\t<div class=\"blog-post-body\">\n\t\t\tLorem ipsum dolor sit amet, consectetur adipiscing elit. Duis mollis et sem sed sollicitudin. Donec...\t\t<\/div><!-- blog-post-body -->\n\t\t<div class=\"blog-post-link\">\n\t\t\t<a href=\"https:\/\/freedomestate.com.tr\/de\/immobilienbranche-und-wettbewerber\/\"><\/a>\n\t\t<\/div><!-- blog-post-link -->\n\t<\/div><!-- blog-post-content-wrap -->\n\t<\/div><!-- blog-post-item -->                    <\/div>\n                            <\/div>\n        <\/div>\n\n        \t\t<\/div>\n\t\t\t\t<\/div>\n\t\t\t\t\t<\/div>\n\t\t\t\t<\/div>\n\t\t\t\t<\/div>\n\t\t","protected":false},"excerpt":{"rendered":"<p>Business Skills That You Can Learn In The Real Estate Market Lorem ipsum dolor sit amet, consectetur adipiscing elit. Duis mollis et sem sed sollicitudin. Donec&#8230; Construction Learn The Truth About Real Estate Industry Lorem ipsum dolor sit amet, consectetur adipiscing elit. Duis mollis et sem sed sollicitudin. Donec&#8230; Real Estate 10 Quick Tips About [&hellip;]<\/p>\n","protected":false},"author":1,"featured_media":0,"parent":0,"menu_order":0,"comment_status":"closed","ping_status":"closed","template":"","meta":{"footnotes":""},"class_list":["post-18802","page","type-page","status-publish","hentry"],"_links":{"self":[{"href":"https:\/\/freedomestate.com.tr\/de\/wp-json\/wp\/v2\/pages\/18802","targetHints":{"allow":["GET"]}}],"collection":[{"href":"https:\/\/freedomestate.com.tr\/de\/wp-json\/wp\/v2\/pages"}],"about":[{"href":"https:\/\/freedomestate.com.tr\/de\/wp-json\/wp\/v2\/types\/page"}],"author":[{"embeddable":true,"href":"https:\/\/freedomestate.com.tr\/de\/wp-json\/wp\/v2\/users\/1"}],"replies":[{"embeddable":true,"href":"https:\/\/freedomestate.com.tr\/de\/wp-json\/wp\/v2\/comments?post=18802"}],"version-history":[{"count":10,"href":"https:\/\/freedomestate.com.tr\/de\/wp-json\/wp\/v2\/pages\/18802\/revisions"}],"predecessor-version":[{"id":19386,"href":"https:\/\/freedomestate.com.tr\/de\/wp-json\/wp\/v2\/pages\/18802\/revisions\/19386"}],"wp:attachment":[{"href":"https:\/\/freedomestate.com.tr\/de\/wp-json\/wp\/v2\/media?parent=18802"}],"curies":[{"name":"wp","href":"https:\/\/api.w.org\/{rel}","templated":true}]}}