{"id":16650,"date":"2020-02-24T22:15:15","date_gmt":"2020-02-24T22:15:15","guid":{"rendered":"https:\/\/demo29.houzez.co\/?page_id=16650"},"modified":"2024-05-28T17:44:56","modified_gmt":"2024-05-28T14:44:56","slug":"uber-uns","status":"publish","type":"page","link":"https:\/\/freedomestate.com.tr\/de\/uber-uns\/","title":{"rendered":"\u00dcber uns"},"content":{"rendered":"\t\t<div data-elementor-type=\"wp-page\" data-elementor-id=\"16650\" class=\"elementor elementor-16650\" data-elementor-post-type=\"page\">\n\t\t\t\t\t\t<section class=\"elementor-section elementor-top-section elementor-element elementor-element-41104a06 elementor-section-height-min-height elementor-section-stretched elementor-section-boxed elementor-section-height-default elementor-section-items-middle\" data-id=\"41104a06\" data-element_type=\"section\" data-settings=\"{&quot;background_background&quot;:&quot;classic&quot;,&quot;stretch_section&quot;:&quot;section-stretched&quot;}\">\n\t\t\t\t\t\t\t<div class=\"elementor-background-overlay\"><\/div>\n\t\t\t\t\t\t\t<div class=\"elementor-container elementor-column-gap-default\">\n\t\t\t\t\t<div class=\"elementor-column elementor-col-100 elementor-top-column elementor-element elementor-element-142cc2c6\" data-id=\"142cc2c6\" data-element_type=\"column\">\n\t\t\t<div class=\"elementor-widget-wrap elementor-element-populated\">\n\t\t\t\t\t\t<div class=\"elementor-element elementor-element-02c0ae1 elementor-invisible elementor-widget elementor-widget-heading\" data-id=\"02c0ae1\" data-element_type=\"widget\" data-settings=\"{&quot;_animation&quot;:&quot;fadeIn&quot;}\" data-widget_type=\"heading.default\">\n\t\t\t\t<div class=\"elementor-widget-container\">\n\t\t\t<style>\/*! elementor - v3.20.0 - 13-03-2024 *\/\n.elementor-heading-title{padding:0;margin:0;line-height:1}.elementor-widget-heading .elementor-heading-title[class*=elementor-size-]>a{color:inherit;font-size:inherit;line-height:inherit}.elementor-widget-heading .elementor-heading-title.elementor-size-small{font-size:15px}.elementor-widget-heading .elementor-heading-title.elementor-size-medium{font-size:19px}.elementor-widget-heading .elementor-heading-title.elementor-size-large{font-size:29px}.elementor-widget-heading .elementor-heading-title.elementor-size-xl{font-size:39px}.elementor-widget-heading .elementor-heading-title.elementor-size-xxl{font-size:59px}<\/style><h1 class=\"elementor-heading-title elementor-size-default\">About us<\/h1>\t\t<\/div>\n\t\t\t\t<\/div>\n\t\t\t\t<div class=\"elementor-element elementor-element-7f8e168 elementor-invisible elementor-widget elementor-widget-heading\" data-id=\"7f8e168\" data-element_type=\"widget\" data-settings=\"{&quot;_animation&quot;:&quot;fadeIn&quot;,&quot;_animation_delay&quot;:250}\" data-widget_type=\"heading.default\">\n\t\t\t\t<div class=\"elementor-widget-container\">\n\t\t\t<div class=\"elementor-heading-title elementor-size-default\">Dubai \u2022 Abu Dhabi \u2022 Sharjah \u2022 Ajman<\/div>\t\t<\/div>\n\t\t\t\t<\/div>\n\t\t\t\t\t<\/div>\n\t\t<\/div>\n\t\t\t\t\t<\/div>\n\t\t<\/section>\n\t\t\t\t<section class=\"elementor-section elementor-top-section elementor-element elementor-element-73e8b3c elementor-section-boxed elementor-section-height-default elementor-section-height-default\" data-id=\"73e8b3c\" data-element_type=\"section\" data-settings=\"{&quot;background_background&quot;:&quot;classic&quot;}\">\n\t\t\t\t\t\t<div class=\"elementor-container elementor-column-gap-default\">\n\t\t\t\t\t<div class=\"elementor-column elementor-col-100 elementor-top-column elementor-element elementor-element-08a4bc7\" data-id=\"08a4bc7\" data-element_type=\"column\">\n\t\t\t<div class=\"elementor-widget-wrap elementor-element-populated\">\n\t\t\t\t\t\t<div class=\"elementor-element elementor-element-66e2665 elementor-widget elementor-widget-spacer\" data-id=\"66e2665\" data-element_type=\"widget\" data-widget_type=\"spacer.default\">\n\t\t\t\t<div class=\"elementor-widget-container\">\n\t\t\t<style>\/*! elementor - v3.20.0 - 13-03-2024 *\/\n.elementor-column .elementor-spacer-inner{height:var(--spacer-size)}.e-con{--container-widget-width:100%}.e-con-inner>.elementor-widget-spacer,.e-con>.elementor-widget-spacer{width:var(--container-widget-width,var(--spacer-size));--align-self:var(--container-widget-align-self,initial);--flex-shrink:0}.e-con-inner>.elementor-widget-spacer>.elementor-widget-container,.e-con>.elementor-widget-spacer>.elementor-widget-container{height:100%;width:100%}.e-con-inner>.elementor-widget-spacer>.elementor-widget-container>.elementor-spacer,.e-con>.elementor-widget-spacer>.elementor-widget-container>.elementor-spacer{height:100%}.e-con-inner>.elementor-widget-spacer>.elementor-widget-container>.elementor-spacer>.elementor-spacer-inner,.e-con>.elementor-widget-spacer>.elementor-widget-container>.elementor-spacer>.elementor-spacer-inner{height:var(--container-widget-height,var(--spacer-size))}.e-con-inner>.elementor-widget-spacer.elementor-widget-empty,.e-con>.elementor-widget-spacer.elementor-widget-empty{position:relative;min-height:22px;min-width:22px}.e-con-inner>.elementor-widget-spacer.elementor-widget-empty .elementor-widget-empty-icon,.e-con>.elementor-widget-spacer.elementor-widget-empty .elementor-widget-empty-icon{position:absolute;top:0;bottom:0;left:0;right:0;margin:auto;padding:0;width:22px;height:22px}<\/style>\t\t<div class=\"elementor-spacer\">\n\t\t\t<div class=\"elementor-spacer-inner\"><\/div>\n\t\t<\/div>\n\t\t\t\t<\/div>\n\t\t\t\t<\/div>\n\t\t\t\t<section class=\"elementor-section elementor-inner-section elementor-element elementor-element-352bdfd elementor-section-full_width elementor-section-height-default elementor-section-height-default\" data-id=\"352bdfd\" data-element_type=\"section\">\n\t\t\t\t\t\t<div class=\"elementor-container elementor-column-gap-default\">\n\t\t\t\t\t<div class=\"elementor-column elementor-col-100 elementor-inner-column elementor-element elementor-element-42fc734\" data-id=\"42fc734\" data-element_type=\"column\">\n\t\t\t<div class=\"elementor-widget-wrap elementor-element-populated\">\n\t\t\t\t\t\t<div class=\"elementor-element elementor-element-38248df elementor-widget elementor-widget-heading\" data-id=\"38248df\" data-element_type=\"widget\" data-widget_type=\"heading.default\">\n\t\t\t\t<div class=\"elementor-widget-container\">\n\t\t\t<h2 class=\"elementor-heading-title elementor-size-default\">\u00dcBER FREEDOM ESTATE<\/h2>\t\t<\/div>\n\t\t\t\t<\/div>\n\t\t\t\t<div class=\"elementor-element elementor-element-7aab25a elementor-widget elementor-widget-image\" data-id=\"7aab25a\" data-element_type=\"widget\" data-widget_type=\"image.default\">\n\t\t\t\t<div class=\"elementor-widget-container\">\n\t\t\t<style>\/*! elementor - v3.20.0 - 13-03-2024 *\/\n.elementor-widget-image{text-align:center}.elementor-widget-image a{display:inline-block}.elementor-widget-image a img[src$=\".svg\"]{width:48px}.elementor-widget-image img{vertical-align:middle;display:inline-block}<\/style>\t\t\t\t\t\t\t\t\t\t<img fetchpriority=\"high\" decoding=\"async\" width=\"768\" height=\"434\" src=\"https:\/\/freedomestate.com.tr\/de\/wp-content\/uploads\/2024\/01\/freedom-real-estate-about-us-768x434.jpg\" class=\"attachment-medium_large size-medium_large wp-image-18848\" alt=\"\" srcset=\"https:\/\/freedomestate.com.tr\/de\/wp-content\/uploads\/2024\/01\/freedom-real-estate-about-us-768x434.jpg 768w, https:\/\/freedomestate.com.tr\/de\/wp-content\/uploads\/2024\/01\/freedom-real-estate-about-us-300x170.jpg 300w, https:\/\/freedomestate.com.tr\/de\/wp-content\/uploads\/2024\/01\/freedom-real-estate-about-us-1024x579.jpg 1024w, https:\/\/freedomestate.com.tr\/de\/wp-content\/uploads\/2024\/01\/freedom-real-estate-about-us-1536x868.jpg 1536w, https:\/\/freedomestate.com.tr\/de\/wp-content\/uploads\/2024\/01\/freedom-real-estate-about-us-2048x1157.jpg 2048w, https:\/\/freedomestate.com.tr\/de\/wp-content\/uploads\/2024\/01\/freedom-real-estate-about-us-1062x600.jpg 1062w, https:\/\/freedomestate.com.tr\/de\/wp-content\/uploads\/2024\/01\/freedom-real-estate-about-us-496x280.jpg 496w\" sizes=\"(max-width: 768px) 100vw, 768px\" \/>\t\t\t\t\t\t\t\t\t\t\t\t\t<\/div>\n\t\t\t\t<\/div>\n\t\t\t\t<div class=\"elementor-element elementor-element-133491f elementor-widget elementor-widget-spacer\" data-id=\"133491f\" data-element_type=\"widget\" data-widget_type=\"spacer.default\">\n\t\t\t\t<div class=\"elementor-widget-container\">\n\t\t\t\t\t<div class=\"elementor-spacer\">\n\t\t\t<div class=\"elementor-spacer-inner\"><\/div>\n\t\t<\/div>\n\t\t\t\t<\/div>\n\t\t\t\t<\/div>\n\t\t\t\t\t<\/div>\n\t\t<\/div>\n\t\t\t\t\t<\/div>\n\t\t<\/section>\n\t\t\t\t<div class=\"elementor-element elementor-element-ede50d4 elementor-widget elementor-widget-text-editor\" data-id=\"ede50d4\" data-element_type=\"widget\" data-widget_type=\"text-editor.default\">\n\t\t\t\t<div class=\"elementor-widget-container\">\n\t\t\t<style>\/*! elementor - v3.20.0 - 13-03-2024 *\/\n.elementor-widget-text-editor.elementor-drop-cap-view-stacked .elementor-drop-cap{background-color:#69727d;color:#fff}.elementor-widget-text-editor.elementor-drop-cap-view-framed .elementor-drop-cap{color:#69727d;border:3px solid;background-color:transparent}.elementor-widget-text-editor:not(.elementor-drop-cap-view-default) .elementor-drop-cap{margin-top:8px}.elementor-widget-text-editor:not(.elementor-drop-cap-view-default) .elementor-drop-cap-letter{width:1em;height:1em}.elementor-widget-text-editor .elementor-drop-cap{float:left;text-align:center;line-height:1;font-size:50px}.elementor-widget-text-editor .elementor-drop-cap-letter{display:inline-block}<\/style>\t\t\t\t<p><a href=\"http:\/\/www.freedomestate.com.tr\/de\"><strong>Freedom Estate<\/strong><\/a> ist eine neue Immobilienagentur und Baufirma, die auch Immobilienbewertung und After-Sales-Dienstleistungen anbietet. Unsere Firmeninhaber verf\u00fcgen \u00fcber langj\u00e4hrige Erfahrung und Professionalit\u00e4t und bieten Ihnen Service von h\u00f6chster Qualit\u00e4t. Unsere Firmeninhaber nehmen einen besonderen Platz auf dem Immobilienmarkt von Alanya ein. Sie haben sich durch die Durchf\u00fchrung zahlreicher Verk\u00e4ufe von Wohnungen, Villen und Grundst\u00fccken bew\u00e4hrt. Wir machen den Prozess der Investition und Verwaltung von Immobilien f\u00fcr Sie so einfach und schnell wie m\u00f6glich. Wir entwickeln gemeinsam mit Ihnen eine individuelle Strategie basierend auf Ihrer Mission, Vision und Ihren ultimativen Zielen. Wir verf\u00fcgen \u00fcber alle notwendigen Ressourcen und Erfahrung, um Transaktionen beim Kauf und Verkauf von Immobilien zuverl\u00e4ssig durchzuf\u00fchren und alle erforderlichen Dokumente zu registrieren.<\/p><p>Unser Unternehmen bietet Ihnen die M\u00f6glichkeit, unsere Erfahrung bei der Investition in Immobilien und der Durchf\u00fchrung aller rechtlichen Verfahren zu den f\u00fcr Sie g\u00fcnstigsten Konditionen zu nutzen. Wir begleiten Sie vom Zeitpunkt Ihrer Bewerbung bis zur letzten Dokumentenbearbeitung. Lassen Sie uns Ihr Partner sein und genie\u00dfen Sie mit unserer Erfahrung eine effizientere Immobilienverwaltung. Ihr Erfolg ist unser Erfolg! Wir bieten die folgenden Dienstleistungen auf professionellem Niveau an: kostenlose Besichtigungstouren, um unseren Kunden Immobilien zu zeigen, After-Sales-Services: Aufenthaltsgenehmigungen, L\u00f6sung von Problemen bei staatlichen Beh\u00f6rden, Betreuung Ihrer Immobilien, Verkauf von Immobilien und Vorbereitung eines vollst\u00e4ndigen Pakets Dokumente, Unterst\u00fctzung bei der L\u00f6sung rechtlicher Probleme, Auswahl von Investitionsvorschl\u00e4gen, Er\u00f6ffnung einer juristischen Person, Analyse der aktuellen Wirtschaftslage, Innenarchitektur und Ausstattung von Immobilien. Unser Kundendienst hilft unseren Kunden, sich bequemer und sicherer in der T\u00fcrkei zu bewegen und zu leben.<\/p><p>Zu unseren Dienstleistungen geh\u00f6ren neben dem Verkauf auch der Transfer vom\/zum Flughafen, die Er\u00f6ffnung eines Bankkontos, die Beantragung einer Steuernummer, Versicherung, Tapu, die Einrichtung Ihrer Immobilie, die Renovierung der Wohnung, die Unterst\u00fctzung bei der Beantragung einer Hypothek. Bei Bedarf k\u00f6nnen wir Ihnen die Dienste eines beeidigten \u00dcbersetzers, auch eines unabh\u00e4ngigen Anwalts, zur Verf\u00fcgung stellen. Wir schlie\u00dfen eine j\u00e4hrliche Immobilienversicherung ab, bezahlen Strom- und Wasserrechnungen, bezahlen die Grundsteuer und vermieten Ihre Immobilie. Wenn Sie Ihre Immobilie weiterverkaufen m\u00f6chten, k\u00f6nnen wir dies auch f\u00fcr Sie tun. Wir bieten unseren Kunden einen Online-Service an. Sie k\u00f6nnen Ihre Wohnung online \u00fcberpr\u00fcfen und alle Zahlungsdokumente f\u00fcr Ihre Immobilie ausdrucken. Wir danken Ihnen, dass Sie sich f\u00fcr Freedom Estate entschieden haben.<\/p><p>Ein neues Leben entsteht, willkommen in der Freedom Estate-Familie!<\/p>\t\t\t\t\t\t<\/div>\n\t\t\t\t<\/div>\n\t\t\t\t\t<\/div>\n\t\t<\/div>\n\t\t\t\t\t<\/div>\n\t\t<\/section>\n\t\t<div class=\"elementor-element elementor-element-e248e89 e-flex e-con-boxed e-con e-parent\" data-id=\"e248e89\" data-element_type=\"container\" data-core-v316-plus=\"true\">\n\t\t\t\t\t<div class=\"e-con-inner\">\n\t\t<div class=\"elementor-element elementor-element-4a69f8e e-con-full e-flex e-con e-child\" data-id=\"4a69f8e\" data-element_type=\"container\">\n\t\t\t\t<div class=\"elementor-element elementor-element-28f22e8 elementor-widget elementor-widget-text-editor\" data-id=\"28f22e8\" data-element_type=\"widget\" data-widget_type=\"text-editor.default\">\n\t\t\t\t<div class=\"elementor-widget-container\">\n\t\t\t\t\t\t\t<h2>Lernen Sie unseren Gr\u00fcnder kennen;<\/h2><p><strong>Freedom Estate<\/strong> wurde im Februar 2023 von <strong>Hakan Celik<\/strong>, einem erfahrenen Bauingenieur und Experten f\u00fcr Immobilienmanagement, gegr\u00fcndet. Mit \u00fcber vier Jahren Erfahrung in der Branche bringt er eine F\u00fclle von Wissen und Leidenschaft in jede Transaktion ein.<\/p><h3>Unsere Vision<\/h3><p>Wir bei uns glauben daran, dauerhafte Beziehungen zu unseren Kunden aufzubauen. Unsere Mission ist es, personalisierte, transparente und effiziente Immobiliendienstleistungen anzubieten. Ob Sie kaufen, verkaufen, investieren oder entwerfen, unser engagiertes Team steht Ihnen bei jedem Schritt zur Seite.<\/p><h3>Warum uns w\u00e4hlen?<\/h3><ul><li><strong>Fachwissen:<\/strong> Sein Hintergrund im Bauingenieurwesen und im Immobilienmanagement stellt sicher, dass Sie fundierte Beratung und strategische L\u00f6sungen erhalten.<\/li><li><strong>Kundenorientierter Ansatz:<\/strong> Wir priorisieren Ihre Bed\u00fcrfnisse und Ziele und passen unsere Dienstleistungen an Ihre individuellen Anforderungen an.<\/li><li><strong>Markteinblicke:<\/strong>Unser tiefes Verst\u00e4ndnis der lokalen M\u00e4rkte erm\u00f6glicht es uns, Chancen zu erkennen und den Wert f\u00fcr unsere Kunden zu maximieren.<\/li><li><strong>Integrit\u00e4t:<\/strong> Vertrauen ist der Grundstein unseres Gesch\u00e4fts. Wir arbeiten mit Ehrlichkeit, Transparenz und Professionalit\u00e4t.<\/li><\/ul>\t\t\t\t\t\t<\/div>\n\t\t\t\t<\/div>\n\t\t\t\t<\/div>\n\t\t<div class=\"elementor-element elementor-element-689d5d8 e-con-full e-flex e-con e-child\" data-id=\"689d5d8\" data-element_type=\"container\">\n\t\t\t\t<div class=\"elementor-element elementor-element-a339c10 elementor-widget elementor-widget-image\" data-id=\"a339c10\" data-element_type=\"widget\" data-widget_type=\"image.default\">\n\t\t\t\t<div class=\"elementor-widget-container\">\n\t\t\t\t\t\t\t\t\t\t\t\t\t<img decoding=\"async\" width=\"634\" height=\"584\" src=\"https:\/\/freedomestate.com.tr\/de\/wp-content\/uploads\/2024\/05\/Hakan-CELIK.jpg\" class=\"attachment-medium_large size-medium_large wp-image-19478\" alt=\"\" srcset=\"https:\/\/freedomestate.com.tr\/de\/wp-content\/uploads\/2024\/05\/Hakan-CELIK.jpg 634w, https:\/\/freedomestate.com.tr\/de\/wp-content\/uploads\/2024\/05\/Hakan-CELIK-300x276.jpg 300w, https:\/\/freedomestate.com.tr\/de\/wp-content\/uploads\/2024\/05\/Hakan-CELIK-496x457.jpg 496w\" sizes=\"(max-width: 634px) 100vw, 634px\" \/>\t\t\t\t\t\t\t\t\t\t\t\t\t<\/div>\n\t\t\t\t<\/div>\n\t\t\t\t<\/div>\n\t\t\t\t\t<\/div>\n\t\t\t\t<\/div>\n\t\t\t\t<\/div>\n\t\t","protected":false},"excerpt":{"rendered":"<p>About us Dubai \u2022 Abu Dhabi \u2022 Sharjah \u2022 Ajman \u00dcBER FREEDOM ESTATE Freedom Estate ist eine neue Immobilienagentur und Baufirma, die auch Immobilienbewertung und After-Sales-Dienstleistungen anbietet. Unsere Firmeninhaber verf\u00fcgen \u00fcber langj\u00e4hrige Erfahrung und Professionalit\u00e4t und bieten Ihnen Service von h\u00f6chster Qualit\u00e4t. Unsere Firmeninhaber nehmen einen besonderen Platz auf dem Immobilienmarkt von Alanya ein. Sie [&hellip;]<\/p>\n","protected":false},"author":1,"featured_media":0,"parent":0,"menu_order":0,"comment_status":"closed","ping_status":"closed","template":"template\/template-homepage.php","meta":{"footnotes":""},"class_list":["post-16650","page","type-page","status-publish","hentry"],"_links":{"self":[{"href":"https:\/\/freedomestate.com.tr\/de\/wp-json\/wp\/v2\/pages\/16650","targetHints":{"allow":["GET"]}}],"collection":[{"href":"https:\/\/freedomestate.com.tr\/de\/wp-json\/wp\/v2\/pages"}],"about":[{"href":"https:\/\/freedomestate.com.tr\/de\/wp-json\/wp\/v2\/types\/page"}],"author":[{"embeddable":true,"href":"https:\/\/freedomestate.com.tr\/de\/wp-json\/wp\/v2\/users\/1"}],"replies":[{"embeddable":true,"href":"https:\/\/freedomestate.com.tr\/de\/wp-json\/wp\/v2\/comments?post=16650"}],"version-history":[{"count":27,"href":"https:\/\/freedomestate.com.tr\/de\/wp-json\/wp\/v2\/pages\/16650\/revisions"}],"predecessor-version":[{"id":19481,"href":"https:\/\/freedomestate.com.tr\/de\/wp-json\/wp\/v2\/pages\/16650\/revisions\/19481"}],"wp:attachment":[{"href":"https:\/\/freedomestate.com.tr\/de\/wp-json\/wp\/v2\/media?parent=16650"}],"curies":[{"name":"wp","href":"https:\/\/api.w.org\/{rel}","templated":true}]}}